{"id":200867,"date":"2025-01-28T13:24:01","date_gmt":"2025-01-28T11:24:01","guid":{"rendered":"https:\/\/totalblue.ro\/?post_type=product&#038;p=200867"},"modified":"2026-03-20T14:54:13","modified_gmt":"2026-03-20T12:54:13","slug":"indomie-noodles-taitei-instant-cu-aroma-de-pui-70g","status":"publish","type":"product","link":"https:\/\/totalblue.ro\/de\/produs\/indomie-noodles-taitei-instant-cu-aroma-de-pui-70g\/","title":{"rendered":"Indomie Nudeln, Instant-Nudeln mit H\u00fchnerfleisch-Geschmack 70g"},"content":{"rendered":"<p><span class=\"HwtZe\" lang=\"ro\"><span class=\"jCAhz ChMk0b\"><span class=\"ryNqvb\">Ingrediente : Fidea 93,2%: f\u0103in\u0103 de gr\u00e2u, ulei de palmier rafinat (ulei de palmier rafinat, antioxidant E319), sare, regulator de aciditate (E452(i), E501(i)), agent de \u00eengro\u0219are (E412), colorant (E101(i)), <\/span><\/span> <span class=\"jCAhz ChMk0b\"><span class=\"ryNqvb\">Pudr\u0103 de condimente 6,4 %: sare, poten\u021biatori de arom\u0103 (E621, E631, E627), zah\u0103r, arom\u0103 de pui (con\u021bine soia), pudr\u0103 de sos de soia (pudr\u0103 de soia, poten\u021biatori de arom\u0103 (E631, E627)), piper alb, usturoi, agent antiaglomerant<\/span><\/span> <span class=\"jCAhz\"><span class=\"ryNqvb\">E551), Ghimbir, <\/span><\/span> <span class=\"jCAhz\"><span class=\"ryNqvb\">Pudr\u0103 de chili 0,4 %<\/span><\/span><\/span><\/p>\n<p>N\u00e4hrwertangaben pro 100 g :<br \/>\nEnergie 1869 kJ \/ 444 kcal<br \/>\nGrasimi 14 g din care acizi saturati 6.4 g<br \/>\nCarbohidrati 67 g din care zaharuri 2.9 g<br \/>\nProteine \u200b\u200b9.5 g<br \/>\nSare 4.9 g<\/p>\n<p>Vorbereitung:<br \/>\nGeben Sie den Inhalt des Beutels in einen Teller oder eine Sch\u00fcssel.<br \/>\n400 ml hei\u00dfes Wasser \u00fcber die Nudeln gie\u00dfen und 3 Minuten zugedeckt kochen lassen.<br \/>\nDas \u00fcbersch\u00fcssige Wasser abgie\u00dfen und die Nudeln mit den in der Packung enthaltenen Gew\u00fcrzen mischen.<br \/>\nViel Spa\u00df!<\/p>\n<p>&nbsp;<\/p>","protected":false},"excerpt":{"rendered":"<p>Ingrediente : Fidea 93,2%: f\u0103in\u0103 de gr\u00e2u, ulei de palmier rafinat (ulei de palmier rafinat, antioxidant E319), sare, regulator de aciditate (E452(i), E501(i)), agent de \u00eengro\u0219are (E412), colorant (E101(i)), Pudr\u0103 de condimente 6,4 %: sare, poten\u021biatori de arom\u0103 (E621, E631, E627), zah\u0103r, arom\u0103 de pui (con\u021bine soia), pudr\u0103 de sos de soia (pudr\u0103 de soia, [&#8230;]\n","protected":false},"featured_media":200873,"comment_status":"open","ping_status":"closed","template":"","meta":{"_acf_changed":false,"_seopress_robots_primary_cat":"none","_seopress_titles_title":"","_seopress_titles_desc":"","_seopress_robots_index":""},"product_brand":[27329],"product_cat":[1555,1683,17494,21594,1463,3328,1767],"giftcard-category":[],"class_list":{"0":"post-200867","1":"product","2":"type-product","3":"status-publish","4":"has-post-thumbnail","6":"product_brand-indomie","7":"product_cat-bacanie","8":"product_cat-conserve-mancare-gatita","9":"product_cat-influente-asiatice","10":"product_cat-noodles-supe-instant","11":"product_cat-orez","12":"product_cat-paste-orez-ulei-otet","13":"product_cat-produse-olanda","15":"first","16":"instock","17":"taxable","18":"shipping-taxable","19":"purchasable","20":"product-type-simple"},"acf":[],"_links":{"self":[{"href":"https:\/\/totalblue.ro\/de\/wp-json\/wp\/v2\/product\/200867","targetHints":{"allow":["GET"]}}],"collection":[{"href":"https:\/\/totalblue.ro\/de\/wp-json\/wp\/v2\/product"}],"about":[{"href":"https:\/\/totalblue.ro\/de\/wp-json\/wp\/v2\/types\/product"}],"replies":[{"embeddable":true,"href":"https:\/\/totalblue.ro\/de\/wp-json\/wp\/v2\/comments?post=200867"}],"wp:featuredmedia":[{"embeddable":true,"href":"https:\/\/totalblue.ro\/de\/wp-json\/wp\/v2\/media\/200873"}],"wp:attachment":[{"href":"https:\/\/totalblue.ro\/de\/wp-json\/wp\/v2\/media?parent=200867"}],"wp:term":[{"taxonomy":"product_brand","embeddable":true,"href":"https:\/\/totalblue.ro\/de\/wp-json\/wp\/v2\/product_brand?post=200867"},{"taxonomy":"product_cat","embeddable":true,"href":"https:\/\/totalblue.ro\/de\/wp-json\/wp\/v2\/product_cat?post=200867"},{"taxonomy":"giftcard-category","embeddable":true,"href":"https:\/\/totalblue.ro\/de\/wp-json\/wp\/v2\/giftcard-category?post=200867"}],"curies":[{"name":"wp","href":"https:\/\/api.w.org\/{rel}","templated":true}]}}