{"id":201020,"date":"2025-01-29T09:24:00","date_gmt":"2025-01-29T07:24:00","guid":{"rendered":"https:\/\/totalblue.ro\/?post_type=product&#038;p=201020"},"modified":"2026-02-27T15:01:39","modified_gmt":"2026-02-27T13:01:39","slug":"remia-sahnige-burger-sauce-250-ml-import-hollandaise","status":"publish","type":"product","link":"https:\/\/totalblue.ro\/de\/produs\/remia-sos-cremos-burger-250-ml-import-olanda\/","title":{"rendered":"Remia Cremige Burger Sauce 250 ml, Import Holland"},"content":{"rendered":"<p>Cremige Sauce mit Tomaten, feinen Kr\u00e4utern, Zwiebeln und Cornis.<br \/>\nK\u00f6stlich zu einem Burger, gegrilltem Fleisch und Barbecue<br \/>\nZutaten: Gem\u00fcse 37% (Zwiebel 24%, Paprika und Kornis), Raps\u00f6l, Wasser, Zucker, nat\u00fcrlicher Essig, modifizierte St\u00e4rke (Mais und Kartoffeln), Salz, Zwiebelkonzentrat, Tomatenpulver 0,4%, Zwiebelpulver, Gew\u00fcrze, Maisst\u00e4rke, Verdickungsmittel: Guarkernmehl, S\u00e4uerungsmittel: Milchs\u00e4ure, Konservierungsmittel: Kaliumsorbat, Farbstoff: Paprikaextrakt, nat\u00fcrliches Aroma, Antioxidationsmittel: E385.<br \/>\nN\u00e4hrwertangaben<br \/>\nDiese Werte gelten f\u00fcr das unzubereitete Produkt.<br \/>\nSpitze pro 100 Milliliter<br \/>\nEnergie 1278 kJ (308 kcal)<br \/>\nFett 26 g, davon ges\u00e4ttigt 1,9 g<br \/>\nKohlenhydrate 17 g, davon Zucker 13 g<br \/>\nEiwei\u00df 0,4 g<br \/>\nSalz 1,9 g<br \/>\nLagerung: Nach dem \u00d6ffnen k\u00fchl lagern.<\/p>","protected":false},"excerpt":{"rendered":"<p>Sos cremos cu rosii, ierburi fine, ceapa si cornis. Delicios cu un hamburger, carne la gratar si gratar Ingrediente: legume 37% (ceapa 24%, piper si cornis), ulei de rapita, apa, zahar, otet natural, amidon modificat (porumb si cartofi), sare, concentrat de ceapa, pudra de rosii 0,4%, praf de ceapa, condimente, amidon de porumb , agent [&#8230;]\n","protected":false},"featured_media":201031,"comment_status":"open","ping_status":"closed","template":"","meta":{"_acf_changed":false,"_seopress_robots_primary_cat":"none","_seopress_titles_title":"","_seopress_titles_desc":"","_seopress_robots_index":""},"product_brand":[2045],"product_cat":[1555,3280,1767],"giftcard-category":[],"class_list":{"0":"post-201020","1":"product","2":"type-product","3":"status-publish","4":"has-post-thumbnail","6":"product_brand-remia","7":"product_cat-bacanie","8":"product_cat-condimente-sosuri","9":"product_cat-produse-olanda","11":"first","12":"instock","13":"taxable","14":"shipping-taxable","15":"purchasable","16":"product-type-simple"},"acf":[],"_links":{"self":[{"href":"https:\/\/totalblue.ro\/de\/wp-json\/wp\/v2\/product\/201020","targetHints":{"allow":["GET"]}}],"collection":[{"href":"https:\/\/totalblue.ro\/de\/wp-json\/wp\/v2\/product"}],"about":[{"href":"https:\/\/totalblue.ro\/de\/wp-json\/wp\/v2\/types\/product"}],"replies":[{"embeddable":true,"href":"https:\/\/totalblue.ro\/de\/wp-json\/wp\/v2\/comments?post=201020"}],"wp:featuredmedia":[{"embeddable":true,"href":"https:\/\/totalblue.ro\/de\/wp-json\/wp\/v2\/media\/201031"}],"wp:attachment":[{"href":"https:\/\/totalblue.ro\/de\/wp-json\/wp\/v2\/media?parent=201020"}],"wp:term":[{"taxonomy":"product_brand","embeddable":true,"href":"https:\/\/totalblue.ro\/de\/wp-json\/wp\/v2\/product_brand?post=201020"},{"taxonomy":"product_cat","embeddable":true,"href":"https:\/\/totalblue.ro\/de\/wp-json\/wp\/v2\/product_cat?post=201020"},{"taxonomy":"giftcard-category","embeddable":true,"href":"https:\/\/totalblue.ro\/de\/wp-json\/wp\/v2\/giftcard-category?post=201020"}],"curies":[{"name":"wp","href":"https:\/\/api.w.org\/{rel}","templated":true}]}}