{"id":215982,"date":"2025-04-24T11:28:26","date_gmt":"2025-04-24T08:28:26","guid":{"rendered":"https:\/\/totalblue.ro\/?post_type=product&#038;p=215982"},"modified":"2026-04-06T14:45:32","modified_gmt":"2026-04-06T11:45:32","slug":"remia-blazin-luke-wurzige-cocktail-sauce-450ml-hollandaise","status":"publish","type":"product","link":"https:\/\/totalblue.ro\/de\/produs\/remia-blazin-luke-sos-cocktail-picant-450ml-olanda\/","title":{"rendered":"Remia Blazin' Luke Scharfe Cocktail-Sauce 450ml, Niederlande"},"content":{"rendered":"<p>Blazing Luke ist eine scharfe Cocktailsauce mit einem subtilen rauchigen und w\u00fcrzigen Geschmack durch den Cayennepfeffer.<br \/>\nLagerung: Nach dem \u00d6ffnen k\u00fchl lagern.<br \/>\nEine erste Wahl f\u00fcr Burger<br \/>\nF\u00fcr die echten Grillhelden<br \/>\nZutaten: Raps\u00f6l, Gem\u00fcse (Paprika und Zwiebeln), Bio-Johannisbeere, nat\u00fcrlicher Essig, Zucker, Petersilie, SENF (Wasser, SENFSAATEN, Essig, Gew\u00fcrze), EIER und Eigelb, modifizierte Maisst\u00e4rke, Salz, Knoblauch, Gew\u00fcrze, Maisst\u00e4rke, Aromen, Aromen (Konzentrat), Verdickungsmittel: Guarkernmehl, S\u00e4ure: Milchs\u00e4ure, Konservierungsmittel: Kaliumsorbat, Raucharoma, Farbstoff: Paprikaextrakt, Antioxidationsmittel: E385.<br \/>\nInformationen \u00fcber Allergien<br \/>\nEnth\u00e4lt: Milch, Senf, Eier<br \/>\nN\u00e4hrwertangaben<br \/>\nDiese Werte gelten f\u00fcr das unzubereitete Produkt.<br \/>\nSpitze pro 100 Milliliter<br \/>\nEnergie 1568 kJ (379 kcal)<br \/>\nFett 36 g, davon ges\u00e4ttigt 2,7 g<br \/>\nKohlenhydrate 12 g, davon Zucker 8 g<br \/>\nEiwei\u00df 1,5 g<br \/>\nSalz 1,8 g<br \/>\nNach dem \u00d6ffnen in den K\u00fchlschrank stellen.<\/p>","protected":false},"excerpt":{"rendered":"<p>Blazing Luke este un sos cocktail picant, cu o aroma subtila de fum si picanta datorita ardeiului cayenne. Depozitare: A se pastra la rece dupa deschidere. O alegere de top pentru burgeri Pentru adevaratii eroi ai gratarului Ingrediente: ulei de rapita, legume (boia de ardei si ceapa), IAURT organic, otet natural, zahar, patrunjel, MUSTAR, (apa, [&#8230;]\n","protected":false},"featured_media":215988,"comment_status":"open","ping_status":"closed","template":"","meta":{"_acf_changed":false,"_seopress_robots_primary_cat":"none","_seopress_titles_title":"","_seopress_titles_desc":"","_seopress_robots_index":""},"product_brand":[2045],"product_cat":[1555,3280,1767],"giftcard-category":[],"class_list":{"0":"post-215982","1":"product","2":"type-product","3":"status-publish","4":"has-post-thumbnail","6":"product_brand-remia","7":"product_cat-bacanie","8":"product_cat-condimente-sosuri","9":"product_cat-produse-olanda","11":"first","12":"instock","13":"taxable","14":"shipping-taxable","15":"purchasable","16":"product-type-simple"},"acf":[],"_links":{"self":[{"href":"https:\/\/totalblue.ro\/de\/wp-json\/wp\/v2\/product\/215982","targetHints":{"allow":["GET"]}}],"collection":[{"href":"https:\/\/totalblue.ro\/de\/wp-json\/wp\/v2\/product"}],"about":[{"href":"https:\/\/totalblue.ro\/de\/wp-json\/wp\/v2\/types\/product"}],"replies":[{"embeddable":true,"href":"https:\/\/totalblue.ro\/de\/wp-json\/wp\/v2\/comments?post=215982"}],"wp:featuredmedia":[{"embeddable":true,"href":"https:\/\/totalblue.ro\/de\/wp-json\/wp\/v2\/media\/215988"}],"wp:attachment":[{"href":"https:\/\/totalblue.ro\/de\/wp-json\/wp\/v2\/media?parent=215982"}],"wp:term":[{"taxonomy":"product_brand","embeddable":true,"href":"https:\/\/totalblue.ro\/de\/wp-json\/wp\/v2\/product_brand?post=215982"},{"taxonomy":"product_cat","embeddable":true,"href":"https:\/\/totalblue.ro\/de\/wp-json\/wp\/v2\/product_cat?post=215982"},{"taxonomy":"giftcard-category","embeddable":true,"href":"https:\/\/totalblue.ro\/de\/wp-json\/wp\/v2\/giftcard-category?post=215982"}],"curies":[{"name":"wp","href":"https:\/\/api.w.org\/{rel}","templated":true}]}}