{"id":216756,"date":"2025-04-28T13:58:05","date_gmt":"2025-04-28T10:58:05","guid":{"rendered":"https:\/\/totalblue.ro\/?post_type=product&#038;p=216756"},"modified":"2025-12-23T10:53:32","modified_gmt":"2025-12-23T08:53:32","slug":"gustare-cu-vanilie-nestle-yogolino-12-luni-4x100g","status":"publish","type":"product","link":"https:\/\/totalblue.ro\/de\/produs\/gustare-cu-vanilie-nestle-yogolino-12-luni-4x100g\/","title":{"rendered":"Vanille-Snack, Nestl\u00e9 Yogolino, +12 Monate, 4x100g"},"content":{"rendered":"<p>Nestl\u00e9 Yogolino 12+M Vanilla Baby Dessert este o gustare delicioasa din lapte cu aroma de vanilie, ideala ca desert sau gustare.<br \/>\nBeneficiile desertului Nestl\u00e9 Yogolino 12+M cu vanilie pentru bebelusi:<br \/>\n\u2022 Contine calciu, care contribuie la cresterea si dezvoltarea oaselor<br \/>\n\u2022 Iaurt pentru bebelusi fara conservanti si coloranti* (*in conformitate cu legislatia)<br \/>\n\u2022 Nu este nevoie sa fie pastrat la frigider, asa ca este la indemana pentru a fi luat cu tine ca gustare<\/p>\n<p><strong>Anweisungen f\u00fcr die Zubereitung:<\/strong><\/p>\n<p>Mit seiner praktischen Verpackung ist Yogolino sicher im Umgang mit Babys.<br \/>\nAber Vorsicht, Ihr Welpe muss still sitzen und Sie m\u00fcssen ihn beim Fressen im Auge behalten.<br \/>\nYogolino-Snacks m\u00fcssen nicht gek\u00fchlt werden. So sind sie leicht zu lagern, einfach zu transportieren und k\u00f6nnen unterwegs bei Zimmertemperatur verzehrt werden, einer Lieblingstemperatur f\u00fcr Babys.<\/p>\n<p><strong>Inhaltsstoff:<\/strong> LAPTE integral 91%. apa. piure de pere 3,5%. amidon. zahar. agent de ingrosare (pectina). LAPTE fermenteaza (LAPTE). aroma.<\/p>\n<p><strong>Allergene: <\/strong>Enth\u00e4lt Milch. Darf nicht von S\u00e4uglingen mit Kuhmilchallergie verzehrt werden.<\/p>\n<p><strong>Energiewerte (100 g\/ml):<\/strong><\/p>\n<ul>\n<li>Energie kJ\/ kcal: 391 \/ 93<\/li>\n<li>Grasimi: 3.16 g din care acizi grasi saturati: 1.9 g<\/li>\n<li>Carbohidrati: 13 g din care zahar: 9.3 g<\/li>\n<li>Fibre: 0.5 g<\/li>\n<li>Proteine: 3.1 g<\/li>\n<li>Salz: 0,10 g<\/li>\n<li>Calciu: 100 mg (25%)<\/li>\n<\/ul>\n<p><strong>Lagerung:<br \/>\n<\/strong>Der versiegelte Beh\u00e4lter muss nicht gek\u00fchlt werden und kann bei Raumtemperatur gelagert werden.<\/p>","protected":false},"excerpt":{"rendered":"<p>Nestl\u00e9 Yogolino 12+M Vanilla Baby Dessert este o gustare delicioasa din lapte cu aroma de vanilie, ideala ca desert sau gustare. Beneficiile desertului Nestl\u00e9 Yogolino 12+M cu vanilie pentru bebelusi: \u2022 Contine calciu, care contribuie la cresterea si dezvoltarea oaselor \u2022 Iaurt pentru bebelusi fara conservanti si coloranti* (*in conformitate cu legislatia) \u2022 Nu este [&#8230;]\n","protected":false},"featured_media":216762,"comment_status":"open","ping_status":"closed","template":"","meta":{"_acf_changed":false,"_seopress_robots_primary_cat":"1767","_seopress_titles_title":"","_seopress_titles_desc":"","_seopress_robots_index":""},"product_brand":[6197],"product_cat":[1555,4226,3288,1984,1520,5677,1767],"giftcard-category":[],"class_list":{"0":"post-216756","1":"product","2":"type-product","3":"status-publish","4":"has-post-thumbnail","6":"product_brand-nestle","7":"product_cat-bacanie","8":"product_cat-branzeturi-bacanie","9":"product_cat-branzeturi","10":"product_cat-hrana-bebelusi","11":"product_cat-mama-copilul","12":"product_cat-mancare-si-accesorii-bebe","13":"product_cat-produse-olanda","15":"first","16":"outofstock","17":"taxable","18":"shipping-taxable","19":"purchasable","20":"product-type-simple"},"acf":[],"_links":{"self":[{"href":"https:\/\/totalblue.ro\/de\/wp-json\/wp\/v2\/product\/216756","targetHints":{"allow":["GET"]}}],"collection":[{"href":"https:\/\/totalblue.ro\/de\/wp-json\/wp\/v2\/product"}],"about":[{"href":"https:\/\/totalblue.ro\/de\/wp-json\/wp\/v2\/types\/product"}],"replies":[{"embeddable":true,"href":"https:\/\/totalblue.ro\/de\/wp-json\/wp\/v2\/comments?post=216756"}],"wp:featuredmedia":[{"embeddable":true,"href":"https:\/\/totalblue.ro\/de\/wp-json\/wp\/v2\/media\/216762"}],"wp:attachment":[{"href":"https:\/\/totalblue.ro\/de\/wp-json\/wp\/v2\/media?parent=216756"}],"wp:term":[{"taxonomy":"product_brand","embeddable":true,"href":"https:\/\/totalblue.ro\/de\/wp-json\/wp\/v2\/product_brand?post=216756"},{"taxonomy":"product_cat","embeddable":true,"href":"https:\/\/totalblue.ro\/de\/wp-json\/wp\/v2\/product_cat?post=216756"},{"taxonomy":"giftcard-category","embeddable":true,"href":"https:\/\/totalblue.ro\/de\/wp-json\/wp\/v2\/giftcard-category?post=216756"}],"curies":[{"name":"wp","href":"https:\/\/api.w.org\/{rel}","templated":true}]}}