{"id":217349,"date":"2025-04-30T13:33:16","date_gmt":"2025-04-30T10:33:16","guid":{"rendered":"https:\/\/totalblue.ro\/?post_type=product&#038;p=217349"},"modified":"2025-10-17T21:12:43","modified_gmt":"2025-10-17T18:12:43","slug":"mentos-pure-fresh-eucalyptus-zuckerfrei-kaugummi-56g","status":"publish","type":"product","link":"https:\/\/totalblue.ro\/de\/produs\/mentos-pure-fresh-eucalipt-guma-de-mestecat-fara-zahar-56g\/","title":{"rendered":"Mentos Pure Fresh Eucalyptus zuckerfreier Kaugummi 56g"},"content":{"rendered":"<p>Kaugummi mit S\u00fc\u00dfungsmitteln, mit Menthol-\/Eukalyptusgeschmack<br \/>\nZuckerfrei<br \/>\nEnth\u00e4lt eine Quelle von Phenylalanin. \u00dcberm\u00e4\u00dfiger Konsum kann eine abf\u00fchrende Wirkung haben.<br \/>\nZutaten:S\u00fc\u00dfstoffe (Xylit (31%), Sorbit, Mannit, Maltitsirup, Aspartam, Acesulfam-K, Sucralose), Gummibasis, Aromen, Stabilisator (Glycerin), Maltodextrin, St\u00e4rke, Emulgatoren (SOY Lecithin, Saccharoseester von Fetts\u00e4uren), Verdickungsmittel (Xanthan, Cellulosegummi), Kokosfett, \u00dcberzugsmittel (Carnaubawachs), Antioxidationsmittel (E321), Farbstoffe (FCF Brillantblau, Curcumin).<br \/>\nInformationen \u00fcber Allergien<br \/>\nEnth\u00e4lt: Soja<br \/>\nN\u00e4hrwertangaben \/ 100 g:<br \/>\nEnergie 754 kJ\/ 181 kcal<br \/>\nFett 0 g, davon ges\u00e4ttigt 0 g<br \/>\nKohlenhydrate 72 g, davon Zucker 0 g<br \/>\nEiwei\u00df 0 g<br \/>\nSalz 0,10 g<br \/>\nLebensmittelunternehmer Perfetti Van Melle Benelux B.V., Box 3000, 4800HK, Breda, Die Niederlande<br \/>\nEinf\u00fchrer Total Blue Impex SRL<\/p>","protected":false},"excerpt":{"rendered":"<p>Guma de mestecat cu indulcitori, aroma de mentol\/eucalipt Fara zahar Contine o sursa de fenilalanina. Utilizarea excesiva poate avea un efect laxativ. Ingrediente:indulcitori (xilitol (31%), sorbitol, manitol, sirop de maltitol, aspartam, acesulfam-K, sucraloza), baza de guma, arome, stabilizator (glicerol), maltodextrina, amidon, emulgatori (lecitina din SOIA, esteri de zaharoza ai acizilor grasi), agenti de ingrosare (guma [&#8230;]\n","protected":false},"featured_media":217355,"comment_status":"open","ping_status":"closed","template":"","meta":{"_acf_changed":false,"_seopress_robots_primary_cat":"none","_seopress_titles_title":"","_seopress_titles_desc":"","_seopress_robots_index":""},"product_brand":[2074],"product_cat":[1555,3338,3436,7021,22112,21826,1950,1767],"giftcard-category":[],"class_list":{"0":"post-217349","1":"product","2":"type-product","3":"status-publish","4":"has-post-thumbnail","6":"product_brand-mentos","7":"product_cat-bacanie","8":"product_cat-dulciuri-snacksuri","9":"product_cat-dulciuri-snacks-produse-germania","10":"product_cat-dulciuri-snacks","11":"product_cat-fara-zahar-adaugat","12":"product_cat-produse-bio-dietetice","13":"product_cat-produse-germania","14":"product_cat-produse-olanda","16":"first","17":"outofstock","18":"taxable","19":"shipping-taxable","20":"purchasable","21":"product-type-simple"},"acf":[],"_links":{"self":[{"href":"https:\/\/totalblue.ro\/de\/wp-json\/wp\/v2\/product\/217349","targetHints":{"allow":["GET"]}}],"collection":[{"href":"https:\/\/totalblue.ro\/de\/wp-json\/wp\/v2\/product"}],"about":[{"href":"https:\/\/totalblue.ro\/de\/wp-json\/wp\/v2\/types\/product"}],"replies":[{"embeddable":true,"href":"https:\/\/totalblue.ro\/de\/wp-json\/wp\/v2\/comments?post=217349"}],"wp:featuredmedia":[{"embeddable":true,"href":"https:\/\/totalblue.ro\/de\/wp-json\/wp\/v2\/media\/217355"}],"wp:attachment":[{"href":"https:\/\/totalblue.ro\/de\/wp-json\/wp\/v2\/media?parent=217349"}],"wp:term":[{"taxonomy":"product_brand","embeddable":true,"href":"https:\/\/totalblue.ro\/de\/wp-json\/wp\/v2\/product_brand?post=217349"},{"taxonomy":"product_cat","embeddable":true,"href":"https:\/\/totalblue.ro\/de\/wp-json\/wp\/v2\/product_cat?post=217349"},{"taxonomy":"giftcard-category","embeddable":true,"href":"https:\/\/totalblue.ro\/de\/wp-json\/wp\/v2\/giftcard-category?post=217349"}],"curies":[{"name":"wp","href":"https:\/\/api.w.org\/{rel}","templated":true}]}}