{"id":217917,"date":"2025-05-01T13:59:20","date_gmt":"2025-05-01T10:59:20","guid":{"rendered":"https:\/\/totalblue.ro\/?post_type=product&#038;p=217917"},"modified":"2026-01-30T09:19:06","modified_gmt":"2026-01-30T07:19:06","slug":"supa-de-dovleac-si-linte-rosie-cu-cartofi-dulci-570-ml-unox-olanda","status":"publish","type":"product","link":"https:\/\/totalblue.ro\/de\/produs\/supa-de-dovleac-si-linte-rosie-cu-cartofi-dulci-570-ml-unox-olanda\/","title":{"rendered":"K\u00fcrbis und rote Linsensuppe mit S\u00fc\u00dfkartoffeln 570 ml, Unox Niederlande"},"content":{"rendered":"<p><strong>Zutat<\/strong>: Legume\u00b9 49% (dovleac 14%, rosii 12%, linte 10%, morcov 9,7%, ceapa), apa, cartof dulce\u00b9, cartof\u00b9, oligofructoza, amidon, ulei de floarea soarelui, sare, extract de drojdie, condimente (usturoi, ghimbir, piper negru, turmeric), iaurt degresat (contine LAPTE) 0,3%, curry (coriandru, chimen, turmeric, piper, anason, scortisoara, seminte de fenicul, ghimbir, radacina de leustean, ardei iute cayenne, ienibahar). \u00b9cultivat sustenabil.<br \/>\nInformationen \u00fcber Allergien<br \/>\nContine: Lapte<br \/>\nValori nutritionale per 100 ml:<br \/>\nEnergie 206 kJ (49 kcal)<br \/>\nGrasimi 1.2 g din care grasimi saturate 0,2 g<br \/>\nGlucide 6.3 g din care zaharuri 1,8 g<br \/>\nFibre alimentare 2.5 g<br \/>\nEiwei\u00df 1,9 g<br \/>\nSare 0,67 g<\/p>\n<p><strong>Vorbereitung<\/strong>:Nu introduceti ambalajul in cuptorul cu microunde! Nu gatiti supa!Puneti supa intr-un bol si incalziti la cuptorul cu microunde timp de 2,5 minute la aprox. 750 wati sau incalziti-o direct intr-o craticioara sau oala amestecand usor. Dupa incalzire este gata de savurat!<br \/>\nMod pastrare: Dupa deschiderea pungii, aceasta sup\u0103 poate fi pastrata maxim 2 zile la frigider. Inchideti punga.<br \/>\nContinut si greutate : 570 ml, punga.<\/p>\n<p>Hergestellt in den Niederlanden von Unilever Nederland Unox, Postbus 160 3000 AD AD Rotterdam<br \/>\nEinf\u00fchrer und H\u00e4ndler Total Blue Impex SRL<\/p>","protected":false},"excerpt":{"rendered":"<p>Ingrediente: Legume\u00b9 49% (dovleac 14%, rosii 12%, linte 10%, morcov 9,7%, ceapa), apa, cartof dulce\u00b9, cartof\u00b9, oligofructoza, amidon, ulei de floarea soarelui, sare, extract de drojdie, condimente (usturoi, ghimbir, piper negru, turmeric), iaurt degresat (contine LAPTE) 0,3%, curry (coriandru, chimen, turmeric, piper, anason, scortisoara, seminte de fenicul, ghimbir, radacina de leustean, ardei iute cayenne, ienibahar). [&#8230;]\n","protected":false},"featured_media":217923,"comment_status":"open","ping_status":"closed","template":"","meta":{"_acf_changed":false,"_seopress_robots_primary_cat":"none","_seopress_titles_title":"","_seopress_titles_desc":"","_seopress_robots_index":""},"product_brand":[1925],"product_cat":[1555,1683,3272,1767],"giftcard-category":[],"class_list":{"0":"post-217917","1":"product","2":"type-product","3":"status-publish","4":"has-post-thumbnail","6":"product_brand-unox","7":"product_cat-bacanie","8":"product_cat-conserve-mancare-gatita","9":"product_cat-conserve","10":"product_cat-produse-olanda","12":"first","13":"outofstock","14":"taxable","15":"shipping-taxable","16":"purchasable","17":"product-type-simple"},"acf":[],"_links":{"self":[{"href":"https:\/\/totalblue.ro\/de\/wp-json\/wp\/v2\/product\/217917","targetHints":{"allow":["GET"]}}],"collection":[{"href":"https:\/\/totalblue.ro\/de\/wp-json\/wp\/v2\/product"}],"about":[{"href":"https:\/\/totalblue.ro\/de\/wp-json\/wp\/v2\/types\/product"}],"replies":[{"embeddable":true,"href":"https:\/\/totalblue.ro\/de\/wp-json\/wp\/v2\/comments?post=217917"}],"wp:featuredmedia":[{"embeddable":true,"href":"https:\/\/totalblue.ro\/de\/wp-json\/wp\/v2\/media\/217923"}],"wp:attachment":[{"href":"https:\/\/totalblue.ro\/de\/wp-json\/wp\/v2\/media?parent=217917"}],"wp:term":[{"taxonomy":"product_brand","embeddable":true,"href":"https:\/\/totalblue.ro\/de\/wp-json\/wp\/v2\/product_brand?post=217917"},{"taxonomy":"product_cat","embeddable":true,"href":"https:\/\/totalblue.ro\/de\/wp-json\/wp\/v2\/product_cat?post=217917"},{"taxonomy":"giftcard-category","embeddable":true,"href":"https:\/\/totalblue.ro\/de\/wp-json\/wp\/v2\/giftcard-category?post=217917"}],"curies":[{"name":"wp","href":"https:\/\/api.w.org\/{rel}","templated":true}]}}