{"id":219079,"date":"2025-05-06T10:19:06","date_gmt":"2025-05-06T07:19:06","guid":{"rendered":"https:\/\/totalblue.ro\/?post_type=product&#038;p=219079"},"modified":"2026-03-25T10:30:59","modified_gmt":"2026-03-25T08:30:59","slug":"deftige-gemusesuppe-unox-hollandaise-300-ml","status":"publish","type":"product","link":"https:\/\/totalblue.ro\/de\/produs\/supa-copioasa-de-legume-unox-olanda-300-ml\/","title":{"rendered":"Unox Holland deftige Gem\u00fcsesuppe 300 ml"},"content":{"rendered":"<p><strong>Vorbereitung:<\/strong> Die Verpackung nicht in die Mikrowelle stellen! Die Suppe nicht kochen! Geben Sie die Suppe in eine Sch\u00fcssel und erhitzen Sie sie 3 Minuten lang bei ca. 600 Watt in der Mikrowelle oder erhitzen Sie sie direkt in einer Kasserolle oder einem Topf unter leichtem R\u00fchren. Nach dem Erhitzen ist sie bereit zum Genie\u00dfen!<br \/>\n<strong>Inhaltsstoff:<\/strong> Wasser, Gem\u00fcse 20% (Karotten, Lauch, Zwiebeln, Tomaten), Fleischb\u00e4llchen 5,3% (Schweinefleisch 2%, Rindfleisch 2%, Wasser, St\u00e4rke, Salz, Pfeffer, Koriander, Muskatnussextrakt), Nudeln 1 , 2% (Hartweizen, Eiwei\u00df), modifizierte St\u00e4rke, Selleriebl\u00e4tter, Salz, Hefeextrakt, Petersilie, Lorbeerbl\u00e4tter, Aroma, Petersilienwurzel 1%.<br \/>\nKeine k\u00fcnstlichen Farbstoffe, keine k\u00fcnstlichen Aromen, keine Konservierungsstoffe<br \/>\n<strong>Allergene: <\/strong>Enth\u00e4lt: Sellerie, Eier, Weizen, glutenhaltiges Getreide. Kann Soja, Milch, Senf enthalten<br \/>\nHergestellt in den Niederlanden von Unilever Nederland Unox, Postbus 160 3000 AD AD Rotterdam<br \/>\nEinf\u00fchrer und H\u00e4ndler Total Blue Impex SRL<br \/>\n<strong>Ern\u00e4hrung \/ 100ml:<\/strong><br \/>\nEnergie 139 kJ (33 kcal)<br \/>\nFett 0,9 g, davon ges\u00e4ttigt 0,4 g<br \/>\nKohlenhydrate 4 g, davon Zucker 1 g<br \/>\nBallaststoffe 0,6 g<br \/>\nEiwei\u00df 1,8 g<br \/>\nSalz 0,73 g<\/p>\n<p>&nbsp;<\/p>","protected":false},"excerpt":{"rendered":"<p>Mod de preparare: Nu introduceti ambalajul in cuptorul cu microunde! Nu gatiti supa! Puneti supa intr-un bol si incalziti la cuptorul cu microunde timp de 3 minute la aprox. 600 wati sau incalziti-o direct intr-o craticioara sau oala amestecand usor. Dupa incalzire este gata de savurat! Ingrediente: apa, legume 20% ( morcov, praz, ceapa, rosii, [&#8230;]\n","protected":false},"featured_media":219081,"comment_status":"open","ping_status":"closed","template":"","meta":{"_acf_changed":false,"_seopress_robots_primary_cat":"none","_seopress_titles_title":"","_seopress_titles_desc":"Cumpara online supa de legume, supe legume, ciorbe legume, supe olandeze legume. Magazin online supe si produse olandeze cu livrare rapida.","_seopress_robots_index":""},"product_brand":[1925],"product_cat":[1555,1683,3272,1767],"giftcard-category":[],"class_list":{"0":"post-219079","1":"product","2":"type-product","3":"status-publish","4":"has-post-thumbnail","6":"product_brand-unox","7":"product_cat-bacanie","8":"product_cat-conserve-mancare-gatita","9":"product_cat-conserve","10":"product_cat-produse-olanda","12":"first","13":"instock","14":"taxable","15":"shipping-taxable","16":"purchasable","17":"product-type-simple"},"acf":[],"_links":{"self":[{"href":"https:\/\/totalblue.ro\/de\/wp-json\/wp\/v2\/product\/219079","targetHints":{"allow":["GET"]}}],"collection":[{"href":"https:\/\/totalblue.ro\/de\/wp-json\/wp\/v2\/product"}],"about":[{"href":"https:\/\/totalblue.ro\/de\/wp-json\/wp\/v2\/types\/product"}],"replies":[{"embeddable":true,"href":"https:\/\/totalblue.ro\/de\/wp-json\/wp\/v2\/comments?post=219079"}],"wp:featuredmedia":[{"embeddable":true,"href":"https:\/\/totalblue.ro\/de\/wp-json\/wp\/v2\/media\/219081"}],"wp:attachment":[{"href":"https:\/\/totalblue.ro\/de\/wp-json\/wp\/v2\/media?parent=219079"}],"wp:term":[{"taxonomy":"product_brand","embeddable":true,"href":"https:\/\/totalblue.ro\/de\/wp-json\/wp\/v2\/product_brand?post=219079"},{"taxonomy":"product_cat","embeddable":true,"href":"https:\/\/totalblue.ro\/de\/wp-json\/wp\/v2\/product_cat?post=219079"},{"taxonomy":"giftcard-category","embeddable":true,"href":"https:\/\/totalblue.ro\/de\/wp-json\/wp\/v2\/giftcard-category?post=219079"}],"curies":[{"name":"wp","href":"https:\/\/api.w.org\/{rel}","templated":true}]}}