{"id":219102,"date":"2025-05-06T10:27:22","date_gmt":"2025-05-06T07:27:22","guid":{"rendered":"https:\/\/totalblue.ro\/?post_type=product&#038;p=219102"},"modified":"2026-02-02T13:06:29","modified_gmt":"2026-02-02T11:06:29","slug":"supa-de-pui-unox-olanda-300-ml","status":"publish","type":"product","link":"https:\/\/totalblue.ro\/de\/produs\/supa-de-pui-unox-olanda-300-ml\/","title":{"rendered":"Unox H\u00fchnerbr\u00fche Holland 300 ml"},"content":{"rendered":"<p><strong>Vorbereitung:<\/strong> Die Verpackung nicht in die Mikrowelle stellen! Die Suppe nicht kochen! Geben Sie die Suppe in eine Sch\u00fcssel und erhitzen Sie sie 3 Minuten lang bei ca. 600 Watt in der Mikrowelle oder erhitzen Sie sie direkt in einer Kasserolle oder einem Topf unter leichtem R\u00fchren. Nach dem Erhitzen ist sie bereit zum Genie\u00dfen!<br \/>\n<strong>Inhaltsstoff:<\/strong> ap\u0103, carne de pui 5,8%, legume 1 4,2% (morcov, praz), taietei 2,3% (gr\u00e2u tare, proteine ou), arom\u0103, amidon modificat, gr\u0103sime de pui 0,5% (con\u021bine antioxidant E392), sare, drojdie extract, arpagic, intensificator de arom\u0103 E621, nuc\u0219oar\u0103, colorant: riboflavin\u0103,<br \/>\nA se pastra intr-un loc uscat si racoros. Dupa deschidere, a se pastra acoperita in frigider si a se consuma in max 48h.<br \/>\n<strong>Allergene:<\/strong> telina<br \/>\nOu\u0103, gr\u00e2u, cereale care con\u021bin gluten<br \/>\nHergestellt in den Niederlanden von Unilever Nederland Unox, Postbus 160 3000 AD AD Rotterdam<br \/>\nEinf\u00fchrer und H\u00e4ndler Total Blue Impex SRL<br \/>\nN\u00e4hrwertangaben \/ 100 g:<br \/>\nEnergie 118 kJ \/ 28 kcal<br \/>\nGrasimi 0.8 g din care saturate 0,3 g<br \/>\nGlucide 2.8 g din care zaharuri &lt; 0.5 g<br \/>\nBallaststoffe &lt; 0,5 g<br \/>\nProteine \u200b\u200b2.3 g<br \/>\nSare 0,82 g<\/p>","protected":false},"excerpt":{"rendered":"<p>Mod de preparare: Nu introduceti ambalajul in cuptorul cu microunde! Nu gatiti supa! Puneti supa intr-un bol si incalziti la cuptorul cu microunde timp de 3 minute la aprox. 600 wati sau incalziti-o direct intr-o craticioara sau oala amestecand usor. Dupa incalzire este gata de savurat! Ingrediente: ap\u0103, carne de pui 5,8%, legume 1 4,2% [&#8230;]\n","protected":false},"featured_media":219106,"comment_status":"open","ping_status":"closed","template":"","meta":{"_acf_changed":false,"_seopress_robots_primary_cat":"none","_seopress_titles_title":"Supa de pui Unox Olanda 300 ml, supa de pui cu carnita","_seopress_titles_desc":"Cauti Supa de pui Unox Olanda 300 ml, supa de pui cu carnita ? Cumpara acum ieftin supa de pui gata preparata online, supa pui delicioasa.","_seopress_robots_index":""},"product_brand":[1925],"product_cat":[1555,1683,3272,1767],"giftcard-category":[],"class_list":{"0":"post-219102","1":"product","2":"type-product","3":"status-publish","4":"has-post-thumbnail","6":"product_brand-unox","7":"product_cat-bacanie","8":"product_cat-conserve-mancare-gatita","9":"product_cat-conserve","10":"product_cat-produse-olanda","12":"first","13":"instock","14":"taxable","15":"shipping-taxable","16":"purchasable","17":"product-type-simple"},"acf":[],"_links":{"self":[{"href":"https:\/\/totalblue.ro\/de\/wp-json\/wp\/v2\/product\/219102","targetHints":{"allow":["GET"]}}],"collection":[{"href":"https:\/\/totalblue.ro\/de\/wp-json\/wp\/v2\/product"}],"about":[{"href":"https:\/\/totalblue.ro\/de\/wp-json\/wp\/v2\/types\/product"}],"replies":[{"embeddable":true,"href":"https:\/\/totalblue.ro\/de\/wp-json\/wp\/v2\/comments?post=219102"}],"wp:featuredmedia":[{"embeddable":true,"href":"https:\/\/totalblue.ro\/de\/wp-json\/wp\/v2\/media\/219106"}],"wp:attachment":[{"href":"https:\/\/totalblue.ro\/de\/wp-json\/wp\/v2\/media?parent=219102"}],"wp:term":[{"taxonomy":"product_brand","embeddable":true,"href":"https:\/\/totalblue.ro\/de\/wp-json\/wp\/v2\/product_brand?post=219102"},{"taxonomy":"product_cat","embeddable":true,"href":"https:\/\/totalblue.ro\/de\/wp-json\/wp\/v2\/product_cat?post=219102"},{"taxonomy":"giftcard-category","embeddable":true,"href":"https:\/\/totalblue.ro\/de\/wp-json\/wp\/v2\/giftcard-category?post=219102"}],"curies":[{"name":"wp","href":"https:\/\/api.w.org\/{rel}","templated":true}]}}