{"id":219117,"date":"2025-05-06T10:34:43","date_gmt":"2025-05-06T07:34:43","guid":{"rendered":"https:\/\/totalblue.ro\/?post_type=product&#038;p=219117"},"modified":"2026-03-25T14:51:15","modified_gmt":"2026-03-25T12:51:15","slug":"supa-copioasa-de-rosii-cu-carne-unox-olanda-300-ml","status":"publish","type":"product","link":"https:\/\/totalblue.ro\/de\/produs\/supa-copioasa-de-rosii-cu-carne-unox-olanda-300-ml\/","title":{"rendered":"Deftige Tomaten-Fleisch-Suppe Unox Niederlande 300 ml"},"content":{"rendered":"<p><strong>Vorbereitung:<\/strong> Die Verpackung nicht in die Mikrowelle stellen! Die Suppe nicht kochen! Geben Sie die Suppe in eine Sch\u00fcssel und erhitzen Sie sie 3 Minuten lang bei ca. 600 Watt in der Mikrowelle oder erhitzen Sie sie direkt in einer Kasserolle oder einem Topf unter leichtem R\u00fchren. Nach dem Erhitzen ist sie bereit zum Genie\u00dfen!<br \/>\n<strong>Inhaltsstoff:<\/strong> Legume 79,9% (ro\u0219ie 76,9%, ceap\u0103, praz), ap\u0103, bucati de carne 6,3% (carne de porc, carne de vit\u0103, ap\u0103, amidon de cartofi, sare, acid alimentar E330, stabilizator (E451, E452), piper, extract de nuc\u0219oar\u0103 , extract de coriandru, arom\u0103), fibr\u0103 de ro\u0219ii 3,3%, zah\u0103r, vermicele 1,5%, ulei de rapi\u021b\u0103, concentrat de suc de l\u0103m\u00e2ie, sare, amidon de porumb modificat, extract de drojdie (con\u021bine ORZ), fructoz\u0103, maltodextrin\u0103, usturoi , frunze de dafin, arom\u0103, o\u021bet balsamic (o\u021bet de vin, must de struguri), extract de vin alb.<br \/>\n<strong>Allergene:<\/strong> oua, gluten. Poate con\u021bine lapte, \u021belin\u0103, mu\u0219tar.<br \/>\nHergestellt in den Niederlanden von Unilever Nederland Unox, Postbus 160 3000 AD AD Rotterdam<br \/>\nEinf\u00fchrer und H\u00e4ndler Total Blue Impex SRL<br \/>\n<strong>Ern\u00e4hrung:<\/strong><br \/>\nEnergie 214 kJ (51 kcal)<br \/>\nGr\u0103sime 1,6 g din care satura\u021bi 0,4 g<br \/>\nCarbohidra\u021bi 6,9 g din care zaharuri 4,4 g<br \/>\nFibre alimentare 0,6 g<br \/>\nProteine \u200b\u200b1,9 g<br \/>\nSare 0,61 g<\/p>\n<p>&nbsp;<\/p>","protected":false},"excerpt":{"rendered":"<p>Mod de preparare: Nu introduceti ambalajul in cuptorul cu microunde! Nu gatiti supa! Puneti supa intr-un bol si incalziti la cuptorul cu microunde timp de 3 minute la aprox. 600 wati sau incalziti-o direct intr-o craticioara sau oala amestecand usor. Dupa incalzire este gata de savurat! Ingrediente: Legume 79,9% (ro\u0219ie 76,9%, ceap\u0103, praz), ap\u0103, bucati [&#8230;]\n","protected":false},"featured_media":219123,"comment_status":"open","ping_status":"closed","template":"","meta":{"_acf_changed":false,"_seopress_robots_primary_cat":"none","_seopress_titles_title":"","_seopress_titles_desc":"Supa copioasa de rosii cu carne Unox Olanda - gata preparataBrandul olandez Unox produce cele mai bune supe olandeze inca din 1957.\u00a0","_seopress_robots_index":""},"product_brand":[1925],"product_cat":[1555,1683,3272,1767],"giftcard-category":[],"class_list":{"0":"post-219117","1":"product","2":"type-product","3":"status-publish","4":"has-post-thumbnail","6":"product_brand-unox","7":"product_cat-bacanie","8":"product_cat-conserve-mancare-gatita","9":"product_cat-conserve","10":"product_cat-produse-olanda","12":"first","13":"instock","14":"taxable","15":"shipping-taxable","16":"purchasable","17":"product-type-simple"},"acf":[],"_links":{"self":[{"href":"https:\/\/totalblue.ro\/de\/wp-json\/wp\/v2\/product\/219117","targetHints":{"allow":["GET"]}}],"collection":[{"href":"https:\/\/totalblue.ro\/de\/wp-json\/wp\/v2\/product"}],"about":[{"href":"https:\/\/totalblue.ro\/de\/wp-json\/wp\/v2\/types\/product"}],"replies":[{"embeddable":true,"href":"https:\/\/totalblue.ro\/de\/wp-json\/wp\/v2\/comments?post=219117"}],"wp:featuredmedia":[{"embeddable":true,"href":"https:\/\/totalblue.ro\/de\/wp-json\/wp\/v2\/media\/219123"}],"wp:attachment":[{"href":"https:\/\/totalblue.ro\/de\/wp-json\/wp\/v2\/media?parent=219117"}],"wp:term":[{"taxonomy":"product_brand","embeddable":true,"href":"https:\/\/totalblue.ro\/de\/wp-json\/wp\/v2\/product_brand?post=219117"},{"taxonomy":"product_cat","embeddable":true,"href":"https:\/\/totalblue.ro\/de\/wp-json\/wp\/v2\/product_cat?post=219117"},{"taxonomy":"giftcard-category","embeddable":true,"href":"https:\/\/totalblue.ro\/de\/wp-json\/wp\/v2\/giftcard-category?post=219117"}],"curies":[{"name":"wp","href":"https:\/\/api.w.org\/{rel}","templated":true}]}}