{"id":219735,"date":"2025-05-09T15:52:30","date_gmt":"2025-05-09T12:52:30","guid":{"rendered":"https:\/\/totalblue.ro\/?post_type=product&#038;p=219735"},"modified":"2025-11-10T16:27:27","modified_gmt":"2025-11-10T14:27:27","slug":"knorr-baza-condimente-pentru-macaroane-carbonara-62g","status":"publish","type":"product","link":"https:\/\/totalblue.ro\/de\/produs\/knorr-baza-condimente-pentru-macaroane-carbonara-62g\/","title":{"rendered":"Knorr Baza condimente pentru macaroane carbonara 62g"},"content":{"rendered":"<p>Ingrediente:Branza topita pudra 25% (BRANZA, ZER), amidon (porumb, cartof, mazare), SMANTANA PUDRA 13%, GALBEN DE OU PUDRA, aroma (contine LAPTE), ulei de floarea soarelui, FAINA DE GRAU, grasime de slanina 2,9% (slanina, antioxidant: extract de rozmarin, fum), sare iodata, ZAHAR DIN LAPTE, extract de drojdie, patrunjel, PROTEINE DIN LAPTE, condimente (usturoi pudra, turmeric), aroma de fum, sare. Poate contine SECARA, ORZ, OVAZ, SOIA, TELINA, MUSTAR.<br \/>\nInformationen \u00fcber Allergene<br \/>\nContine:<br \/>\nCereale care contin gluten, grau, oua, lapte<br \/>\nPoate contine:<br \/>\nTelina, orz, ovaz, secara, mustar, soia<br \/>\nN\u00e4hrwertangaben \/ 100 g:<br \/>\nEnergie 498 kJ (119 kcal)<br \/>\nGrasimi 3.6 g din care saturate 0.9 g<br \/>\nGlucide 16 g din care zaharuri 0.9 g<br \/>\nFibre alimentare 1.3 g<br \/>\nProteine 5.8 g<br \/>\nSare 0.51 g<\/p>\n<p>Vorbereitung :<br \/>\n<span class=\"HwtZe\" lang=\"ro\"><span class=\"jCAhz JxVs2d ChMk0b\"><span class=\"ryNqvb\">1. 2 Essl\u00f6ffel \u00d6l in einer Bratpfanne erhitzen und <\/span><\/span><span class=\"jCAhz JxVs2d ChMk0b\"><span class=\"ryNqvb\"> Die Zwiebeln und Champignons anbraten.<br \/>\n<\/span><\/span><span class=\"jCAhz JxVs2d ChMk0b\"><span class=\"ryNqvb\">2. hinzuf\u00fcgen <\/span><\/span><span class=\"jCAhz JxVs2d ChMk0b\"><span class=\"ryNqvb\">500 ml Milch und den Inhalt dieses Beutels. Die Mischung unter st\u00e4ndigem R\u00fchren zum Kochen bringen. Die Schinkenw\u00fcrfel hinzuf\u00fcgen und 2-3 Minuten k\u00f6cheln lassen.<br \/>\n<\/span><\/span><span class=\"jCAhz JxVs2d ChMk0b\"><span class=\"ryNqvb\">3. Die gekochten Makkaroni in die Sauce geben und gut vermischen.<\/span><\/span><\/span><\/p>","protected":false},"excerpt":{"rendered":"<p>Ingrediente:Branza topita pudra 25% (BRANZA, ZER), amidon (porumb, cartof, mazare), SMANTANA PUDRA 13%, GALBEN DE OU PUDRA, aroma (contine LAPTE), ulei de floarea soarelui, FAINA DE GRAU, grasime de slanina 2,9% (slanina, antioxidant: extract de rozmarin, fum), sare iodata, ZAHAR DIN LAPTE, extract de drojdie, patrunjel, PROTEINE DIN LAPTE, condimente (usturoi pudra, turmeric), aroma de [&#8230;]\n","protected":false},"featured_media":219743,"comment_status":"open","ping_status":"closed","template":"","meta":{"_acf_changed":false,"_seopress_robots_primary_cat":"none","_seopress_titles_title":"","_seopress_titles_desc":"","_seopress_robots_index":""},"product_brand":[1870],"product_cat":[1555,3280,1451,1767],"giftcard-category":[],"class_list":{"0":"post-219735","1":"product","2":"type-product","3":"status-publish","4":"has-post-thumbnail","6":"product_brand-knorr","7":"product_cat-bacanie","8":"product_cat-condimente-sosuri","9":"product_cat-condimente-produse-instant","10":"product_cat-produse-olanda","12":"first","13":"instock","14":"taxable","15":"shipping-taxable","16":"purchasable","17":"product-type-simple"},"acf":[],"_links":{"self":[{"href":"https:\/\/totalblue.ro\/de\/wp-json\/wp\/v2\/product\/219735","targetHints":{"allow":["GET"]}}],"collection":[{"href":"https:\/\/totalblue.ro\/de\/wp-json\/wp\/v2\/product"}],"about":[{"href":"https:\/\/totalblue.ro\/de\/wp-json\/wp\/v2\/types\/product"}],"replies":[{"embeddable":true,"href":"https:\/\/totalblue.ro\/de\/wp-json\/wp\/v2\/comments?post=219735"}],"wp:featuredmedia":[{"embeddable":true,"href":"https:\/\/totalblue.ro\/de\/wp-json\/wp\/v2\/media\/219743"}],"wp:attachment":[{"href":"https:\/\/totalblue.ro\/de\/wp-json\/wp\/v2\/media?parent=219735"}],"wp:term":[{"taxonomy":"product_brand","embeddable":true,"href":"https:\/\/totalblue.ro\/de\/wp-json\/wp\/v2\/product_brand?post=219735"},{"taxonomy":"product_cat","embeddable":true,"href":"https:\/\/totalblue.ro\/de\/wp-json\/wp\/v2\/product_cat?post=219735"},{"taxonomy":"giftcard-category","embeddable":true,"href":"https:\/\/totalblue.ro\/de\/wp-json\/wp\/v2\/giftcard-category?post=219735"}],"curies":[{"name":"wp","href":"https:\/\/api.w.org\/{rel}","templated":true}]}}