{"id":23642,"date":"2020-07-30T01:18:54","date_gmt":"2020-07-29T22:18:54","guid":{"rendered":"https:\/\/totalorange.ro\/produs\/import-placeholder-for-25356\/"},"modified":"2025-08-06T13:41:52","modified_gmt":"2025-08-06T10:41:52","slug":"knorr-fix-chinesische-bratpfanne-36g","status":"publish","type":"product","link":"https:\/\/totalblue.ro\/de\/produs\/knorr-fix-tigaie-chinezeasca-36g\/","title":{"rendered":"Knorr Fix Gew\u00fcrze f\u00fcr chinesische Pfanne 36g"},"content":{"rendered":"<p>Zutaten: St\u00e4rke, 15% Sojasaucenpulver (Sojasauce (SOJA, GRAU), Speisesalz, Maltodextrin), 15% Karotten\u00b2, Aromen, Paprika\u00b2, jodiertes Speisesalz, TELINA\u00b2, 2,2% Curry (Kurkuma, Chili, Ingwer, Kreuzk\u00fcmmel, K\u00fcmmel, Pfeffer, Koriander, Lorbeerbl\u00e4tter, Liebst\u00f6ckel), Hefeextrakt, Ingwer, Paprika, Bambussprossen, Lauch\u00b2, Mais\u00f6l, Speisesalz, Maltodextrin, Zitronensaftpulver. Kann Ei, Milch, Senf, andere glutenhaltige Getreidearten enthalten. \u00b2 aus nachhaltigem Anbau.<br \/>\nAllergene<br \/>\nEnth\u00e4lt Gluten, Soja und Sellerie. Kann Ei, Milch und Senf enthalten.<br \/>\nN\u00e4hrwertangaben zubereitet pro 100 g<br \/>\nN\u00e4hrwertangaben \/ 100 g:<br \/>\nEnergie 467 kJ \/ 112 kcal<br \/>\nFett 2,9 g, davon ges\u00e4ttigte Fetts\u00e4uren 0,3 g<br \/>\nKohlenhydrate 13 g, davon Zucker 1,6 g<br \/>\nBallaststoffe 1 g<br \/>\nEiwei\u00df 7,6 g<br \/>\nSalz 0,48 g<br \/>\nVorbereiten:<br \/>\n1) 150 g Reis kochen. 125 g (1 kleine) Paprika in W\u00fcrfel und 1 gr\u00fcne Zwiebel in Ringe schneiden. 300 g H\u00e4hnchenbrust in Streifen schneiden.<br \/>\n2) Die H\u00e4hnchenbrust in 2 Essl\u00f6ffeln hei\u00dfem \u00d6l anbraten, bis sie braun ist. Die Paprikaschoten hinzuf\u00fcgen und 5 Minuten braten.<br \/>\n3) 250 ml kaltes Wasser zugie\u00dfen, den Inhalt des Beutels einr\u00fchren und 5 Minuten kochen lassen. In den letzten 2 Minuten gr\u00fcne Zwiebeln hinzuf\u00fcgen.<br \/>\nServieren Sie die chinesische Pfanne auf Reis, nach Belieben mit gehackten frischen Kr\u00e4utern bestreut.<\/p>","protected":false},"excerpt":{"rendered":"<p>Ingrediente: Amidon, 15% pudra de sos de soia (sos de soia (SOIA, GRAU), sare de masa, maltodextrina), 15% morcovi\u00b2, arome, ardei dulci\u00b2, sare de masa iodata, TELINA\u00b2, 2,2% curry (turmeric, chili, ghimbir, chimen, piper, coriandru, foi de dafin, leustean), extract de drojdie, ghimbir, boia de ardei, muguri de bambus, praz\u00b2, ulei de porumb, sare de [&#8230;]\n","protected":false},"featured_media":137102,"comment_status":"open","ping_status":"closed","template":"","meta":{"_acf_changed":false,"_seopress_robots_primary_cat":"none","_seopress_titles_title":"","_seopress_titles_desc":"","_seopress_robots_index":""},"product_brand":[1870],"product_cat":[1555,3380,1451,21674,17494,1950],"giftcard-category":[],"class_list":{"0":"post-23642","1":"product","2":"type-product","3":"status-publish","4":"has-post-thumbnail","6":"product_brand-knorr","7":"product_cat-bacanie","8":"product_cat-condimente-sosuri-produse-germania","9":"product_cat-condimente-produse-instant","10":"product_cat-condimente-sosuri-influente-asiatice","11":"product_cat-influente-asiatice","12":"product_cat-produse-germania","14":"first","15":"outofstock","16":"taxable","17":"shipping-taxable","18":"purchasable","19":"product-type-simple"},"acf":[],"_links":{"self":[{"href":"https:\/\/totalblue.ro\/de\/wp-json\/wp\/v2\/product\/23642","targetHints":{"allow":["GET"]}}],"collection":[{"href":"https:\/\/totalblue.ro\/de\/wp-json\/wp\/v2\/product"}],"about":[{"href":"https:\/\/totalblue.ro\/de\/wp-json\/wp\/v2\/types\/product"}],"replies":[{"embeddable":true,"href":"https:\/\/totalblue.ro\/de\/wp-json\/wp\/v2\/comments?post=23642"}],"wp:featuredmedia":[{"embeddable":true,"href":"https:\/\/totalblue.ro\/de\/wp-json\/wp\/v2\/media\/137102"}],"wp:attachment":[{"href":"https:\/\/totalblue.ro\/de\/wp-json\/wp\/v2\/media?parent=23642"}],"wp:term":[{"taxonomy":"product_brand","embeddable":true,"href":"https:\/\/totalblue.ro\/de\/wp-json\/wp\/v2\/product_brand?post=23642"},{"taxonomy":"product_cat","embeddable":true,"href":"https:\/\/totalblue.ro\/de\/wp-json\/wp\/v2\/product_cat?post=23642"},{"taxonomy":"giftcard-category","embeddable":true,"href":"https:\/\/totalblue.ro\/de\/wp-json\/wp\/v2\/giftcard-category?post=23642"}],"curies":[{"name":"wp","href":"https:\/\/api.w.org\/{rel}","templated":true}]}}