{"id":23643,"date":"2020-07-30T01:18:54","date_gmt":"2020-07-29T22:18:54","guid":{"rendered":"https:\/\/totalorange.ro\/produs\/import-placeholder-for-25357\/"},"modified":"2025-08-06T15:57:09","modified_gmt":"2025-08-06T12:57:09","slug":"maggi-sauce-carnati-wurst-currywurst-deutschland","status":"publish","type":"product","link":"https:\/\/totalblue.ro\/de\/produs\/sos-maggi-carnati-currywurst-germania\/","title":{"rendered":"Maggi Currywurstsauce, 40g"},"content":{"rendered":"<p><strong>I<\/strong>Zutaten: Zucker, Kartoffelst\u00e4rke, 13,4% Tomaten, Gew\u00fcrze (2% Zwiebel, Paprika, Bockshornklee, Kurkuma, Knoblauch, Chili, Kreuzk\u00fcmmel, Senfk\u00f6rner, Koriander, Pfeffer, Kardamom, Ingwer), Maltodextrin, Fruktose, Reismehl, jodiertes Salz, Aromen, Apfelpulver, Hefeextrakt, Sojaso\u00dfenpulver (SOJA, GRAU, Salz), Rote-Bete-Saftpulver, R\u00e4ucherspeck (Speck, ger\u00e4uchert), Sonnenblumen\u00f6l, Raucharoma, Salz, Zitronens\u00e4ure, S\u00e4uerungsmittel Kann Sellerie, Eier und KARTOFFELN enthalten.<br \/>\nAllergene:Spuren von Eiern, Milch, Sellerie.<br \/>\nN\u00e4hrwertangaben \/ 100 g:<br \/>\nEnergie 820 kJ (196 kcal)<br \/>\nFett 15,7 g, davon ges\u00e4ttigtes Fett 5,3 g<br \/>\nKohlenhydrate 6,2 g, davon Zucker 4,2 g<br \/>\nBallaststoffe 0,4 g<br \/>\nEiwei\u00df 7,3 g<br \/>\nSalz 1,5 g<br \/>\nVorbereitung:<strong><br \/>\n<\/strong>-Zutaten: 250 Gramm frische W\u00fcrste. ( Bratwurst )<strong><br \/>\n<\/strong>1) Braten Sie die W\u00fcrste in etwas \u00d6l bei mittlerer Hitze an. Die Pfanne von der Herdplatte nehmen, die W\u00fcrste herausnehmen, in Scheiben schneiden und warm halten.<br \/>\n2) 200 ml Wasser in den Topf gie\u00dfen. Den Inhalt des Beutels umr\u00fchren, unter R\u00fchren zum Kochen bringen und etwa 1 Minute lang k\u00f6cheln lassen.<br \/>\n3) Die Sauce \u00fcber die Wurst gie\u00dfen und als Currywurst servieren. Wir empfehlen dazu s\u00fc\u00dfe Pommes frites und einen frischen Salat.<\/p>","protected":false},"excerpt":{"rendered":"<p>Ingrediente: zahar, amidon de cartofi, 13,4% rosii, condimente (2% ceapa, ardei, schinduf, turmeric, usturoi, chili, chimen, seminte de mustar, coriandru, piper, cardamom, ghimbir), maltodextrina, fructoza, faina de orez, sare iodata , arome , praf de mere, extract de drojdie, sos de soia pudra (SOIA, GRAU, sare), pulbere de suc de sfecla rosie, bacon afumat (slanina, [&#8230;]\n","protected":false},"featured_media":136785,"comment_status":"open","ping_status":"closed","template":"","meta":{"_acf_changed":false,"_seopress_robots_primary_cat":"none","_seopress_titles_title":"","_seopress_titles_desc":"","_seopress_robots_index":""},"product_brand":[1869],"product_cat":[1555,1451,3380,1950],"giftcard-category":[],"class_list":{"0":"post-23643","1":"product","2":"type-product","3":"status-publish","4":"has-post-thumbnail","6":"product_brand-maggi","7":"product_cat-bacanie","8":"product_cat-condimente-produse-instant","9":"product_cat-condimente-sosuri-produse-germania","10":"product_cat-produse-germania","12":"first","13":"outofstock","14":"taxable","15":"shipping-taxable","16":"purchasable","17":"product-type-simple"},"acf":[],"_links":{"self":[{"href":"https:\/\/totalblue.ro\/de\/wp-json\/wp\/v2\/product\/23643","targetHints":{"allow":["GET"]}}],"collection":[{"href":"https:\/\/totalblue.ro\/de\/wp-json\/wp\/v2\/product"}],"about":[{"href":"https:\/\/totalblue.ro\/de\/wp-json\/wp\/v2\/types\/product"}],"replies":[{"embeddable":true,"href":"https:\/\/totalblue.ro\/de\/wp-json\/wp\/v2\/comments?post=23643"}],"wp:featuredmedia":[{"embeddable":true,"href":"https:\/\/totalblue.ro\/de\/wp-json\/wp\/v2\/media\/136785"}],"wp:attachment":[{"href":"https:\/\/totalblue.ro\/de\/wp-json\/wp\/v2\/media?parent=23643"}],"wp:term":[{"taxonomy":"product_brand","embeddable":true,"href":"https:\/\/totalblue.ro\/de\/wp-json\/wp\/v2\/product_brand?post=23643"},{"taxonomy":"product_cat","embeddable":true,"href":"https:\/\/totalblue.ro\/de\/wp-json\/wp\/v2\/product_cat?post=23643"},{"taxonomy":"giftcard-category","embeddable":true,"href":"https:\/\/totalblue.ro\/de\/wp-json\/wp\/v2\/giftcard-category?post=23643"}],"curies":[{"name":"wp","href":"https:\/\/api.w.org\/{rel}","templated":true}]}}