{"id":23644,"date":"2020-07-30T01:18:54","date_gmt":"2020-07-29T22:18:54","guid":{"rendered":"https:\/\/totalorange.ro\/produs\/import-placeholder-for-25358\/"},"modified":"2024-07-30T11:19:03","modified_gmt":"2024-07-30T08:19:03","slug":"cote-dor-batoane-ciocolata-vanilie-190g","status":"publish","type":"product","link":"https:\/\/totalblue.ro\/de\/produs\/cote-dor-batoane-ciocolata-vanilie-190g\/","title":{"rendered":"C\u00f4te d'Or Zartbitterschokoladenriegel mit Vanillef\u00fcllung 4\u00d747,5g"},"content":{"rendered":"<p>Ingrediente: zahar, pasta de cacao, sirop de glucoza-fructoza, unt de cacao, umectant (sorbitol), alcool, emulgator (lecitina de soia), arome, lapte praf integral<\/p>\n<p>A se pastra uscat si ferit de caldura si lumina. Inchideti ambalajul dupa deschidere.<\/p>","protected":false},"excerpt":{"rendered":"<p>Ingrediente: zahar, pasta de cacao, sirop de glucoza-fructoza, unt de cacao, umectant (sorbitol), alcool, emulgator (lecitina de soia), arome, lapte praf integral A se pastra uscat si ferit de caldura si lumina. Inchideti ambalajul dupa deschidere.<\/p>","protected":false},"featured_media":134576,"comment_status":"open","ping_status":"closed","template":"","meta":{"_acf_changed":false,"_seopress_robots_primary_cat":"none","_seopress_titles_title":"","_seopress_titles_desc":"","_seopress_robots_index":""},"product_brand":[23879],"product_cat":[1555,7021,3436,1950],"giftcard-category":[],"class_list":{"0":"post-23644","1":"product","2":"type-product","3":"status-publish","4":"has-post-thumbnail","6":"product_brand-cote-dor","7":"product_cat-bacanie","8":"product_cat-dulciuri-snacks","9":"product_cat-dulciuri-snacks-produse-germania","10":"product_cat-produse-germania","12":"first","13":"outofstock","14":"taxable","15":"shipping-taxable","16":"purchasable","17":"product-type-simple"},"acf":[],"_links":{"self":[{"href":"https:\/\/totalblue.ro\/de\/wp-json\/wp\/v2\/product\/23644","targetHints":{"allow":["GET"]}}],"collection":[{"href":"https:\/\/totalblue.ro\/de\/wp-json\/wp\/v2\/product"}],"about":[{"href":"https:\/\/totalblue.ro\/de\/wp-json\/wp\/v2\/types\/product"}],"replies":[{"embeddable":true,"href":"https:\/\/totalblue.ro\/de\/wp-json\/wp\/v2\/comments?post=23644"}],"wp:featuredmedia":[{"embeddable":true,"href":"https:\/\/totalblue.ro\/de\/wp-json\/wp\/v2\/media\/134576"}],"wp:attachment":[{"href":"https:\/\/totalblue.ro\/de\/wp-json\/wp\/v2\/media?parent=23644"}],"wp:term":[{"taxonomy":"product_brand","embeddable":true,"href":"https:\/\/totalblue.ro\/de\/wp-json\/wp\/v2\/product_brand?post=23644"},{"taxonomy":"product_cat","embeddable":true,"href":"https:\/\/totalblue.ro\/de\/wp-json\/wp\/v2\/product_cat?post=23644"},{"taxonomy":"giftcard-category","embeddable":true,"href":"https:\/\/totalblue.ro\/de\/wp-json\/wp\/v2\/giftcard-category?post=23644"}],"curies":[{"name":"wp","href":"https:\/\/api.w.org\/{rel}","templated":true}]}}