{"id":23684,"date":"2020-07-30T01:20:12","date_gmt":"2020-07-29T22:20:12","guid":{"rendered":"https:\/\/totalorange.ro\/produs\/import-placeholder-for-25441\/"},"modified":"2025-08-05T15:15:29","modified_gmt":"2025-08-05T12:15:29","slug":"dreistern-feiner-eintopf-400g","status":"publish","type":"product","link":"https:\/\/totalblue.ro\/de\/produs\/dreistern-ragout-fin-400g\/","title":{"rendered":"Dreistern Ragout Flosse 400g, Import aus Deutschland"},"content":{"rendered":"<p>Zutaten: Wasser, 35% vorzerkleinertes Putenfleisch, vorzerkleinertes Kalbfleisch, modifizierte St\u00e4rke, tierisches Fett (Kalbfleisch), 2% Champignons, saure Sahne, Wein (enth\u00e4lt SULFITE), GETREIDEMUSCHEL, Sonnenblumen\u00f6l, jodiertes Speisesalz (Speisesalz) , Kaliumjodat), Zitronensaft aus Zitronensaftkonzentrat, Verdickungsmittel (Guarkernmehl, Carrageen), Dextrose, Geschmacksverst\u00e4rker (Mononatriumglutamat, Dinatriumguanylat, Dinatriuminosinat), Essig, Branntwein, Zucker, Gew\u00fcrze, LECKEREIWEISS, LACTOSE, Aromen (enth\u00e4lt TELINA), Zwiebel, Maltodextrin, S\u00e4uerungsmittel (Zitronens\u00e4ure, Milchs\u00e4ure), Glukosesirup, Weinessig, Gew\u00fcrze (enth\u00e4lt SENF). Kann Spuren von Ei, Soja, Lupine, N\u00fcssen und Sesam enthalten.<br \/>\nDurchschnittliche N\u00e4hrwertangaben pro 100 g<br \/>\nBrennwert 415 kJ \/ 99 kcal<br \/>\nFett 5,4 g, davon ges\u00e4ttigte Fetts\u00e4uren 2,2 g<br \/>\nKohlenhydrate 4,2 g, davon Zucker &lt; 0,5 g<br \/>\nEiwei\u00df 8,1 g<br \/>\nSalz 1,4 g<br \/>\n\u200b<\/p>","protected":false},"excerpt":{"rendered":"<p>Ingrediente: Apa, 35% carne de curcan pre-fiarta, vitel pre-fierta, amidon modificat, grasime animala (vitel), 2% ciuperci, smantana, vin (contine SULFIT), FAINA DE GRAU, ulei de floarea soarelui, sare de masa iodata (sare de masa) , iodat de potasiu), suc de lamaie din concentrat de suc de lamaie, agent de ingrosare (guma guar, caragenan), dextroza, potentiatori [&#8230;]\n","protected":false},"featured_media":134119,"comment_status":"open","ping_status":"closed","template":"","meta":{"_acf_changed":false,"_seopress_robots_primary_cat":"none","_seopress_titles_title":"","_seopress_titles_desc":"","_seopress_robots_index":""},"product_brand":[1959],"product_cat":[1555,1683,3372,1950],"giftcard-category":[],"class_list":{"0":"post-23684","1":"product","2":"type-product","3":"status-publish","4":"has-post-thumbnail","6":"product_brand-dreistern","7":"product_cat-bacanie","8":"product_cat-conserve-mancare-gatita","9":"product_cat-conserve-produse-germania","10":"product_cat-produse-germania","12":"first","13":"outofstock","14":"taxable","15":"shipping-taxable","16":"purchasable","17":"product-type-simple"},"acf":[],"_links":{"self":[{"href":"https:\/\/totalblue.ro\/de\/wp-json\/wp\/v2\/product\/23684","targetHints":{"allow":["GET"]}}],"collection":[{"href":"https:\/\/totalblue.ro\/de\/wp-json\/wp\/v2\/product"}],"about":[{"href":"https:\/\/totalblue.ro\/de\/wp-json\/wp\/v2\/types\/product"}],"replies":[{"embeddable":true,"href":"https:\/\/totalblue.ro\/de\/wp-json\/wp\/v2\/comments?post=23684"}],"wp:featuredmedia":[{"embeddable":true,"href":"https:\/\/totalblue.ro\/de\/wp-json\/wp\/v2\/media\/134119"}],"wp:attachment":[{"href":"https:\/\/totalblue.ro\/de\/wp-json\/wp\/v2\/media?parent=23684"}],"wp:term":[{"taxonomy":"product_brand","embeddable":true,"href":"https:\/\/totalblue.ro\/de\/wp-json\/wp\/v2\/product_brand?post=23684"},{"taxonomy":"product_cat","embeddable":true,"href":"https:\/\/totalblue.ro\/de\/wp-json\/wp\/v2\/product_cat?post=23684"},{"taxonomy":"giftcard-category","embeddable":true,"href":"https:\/\/totalblue.ro\/de\/wp-json\/wp\/v2\/giftcard-category?post=23684"}],"curies":[{"name":"wp","href":"https:\/\/api.w.org\/{rel}","templated":true}]}}