{"id":23701,"date":"2020-07-30T01:21:04","date_gmt":"2020-07-29T22:21:04","guid":{"rendered":"https:\/\/totalorange.ro\/produs\/import-placeholder-for-25580\/"},"modified":"2026-03-23T16:26:11","modified_gmt":"2026-03-23T14:26:11","slug":"wasser-mit-kohlensaure-borsec-1-5-liter","status":"publish","type":"product","link":"https:\/\/totalblue.ro\/de\/produs\/apa-carbogazoasa-borsec-1-5-litri\/","title":{"rendered":"Nat\u00fcrliches Mineralwasser mit Kohlens\u00e4ure Borsec 1,5 l"},"content":{"rendered":"<p>Nat\u00fcrliches Mineralwasser mit Kohlens\u00e4ure<br \/>\npH-Wert: 5,6<br \/>\nMarke: BORSEC<br \/>\nMenge: 1,5 Liter<\/p>\n<p><strong>HINWEIS!!!!! Aufgrund ihres Gewichts und Volumens werden die folgenden Produkte NUR in Bukarest und den Nachbarst\u00e4dten geliefert: Chiajna, Ro\u0219u, Dudu, Bragadiru, Dragomire\u0219ti, Ciorog\u00e2rla und Domne\u0219ti:<br \/>\n- Mineralwasser \/ stilles Wasser verpackt in 1,5l \/ 2l \/ 5l pet.<br \/>\n- 1,5l \/ 2l \/ 2,5l kohlens\u00e4urehaltige S\u00e4fte in 1,5l \/ 2l \/ 2,5l pet.<\/strong><\/p>","protected":false},"excerpt":{"rendered":"<p>Apa minerala naturala carbogazoasa pH: 5.6 Brand: BORSEC Cantitate: 1.5 litri NOTA!!! Datorita greutatii si volumului destul de mare, urmatoarele produse se livreaza DOAR in Bucuresti si localit\u0103\u021bile limitrofe: Chiajna, Ro\u0219u, Dudu , Bragadiru, Dragomire\u0219ti, Ciorog\u00e2rla \u0219i Domne\u0219ti: &#8211; apa minerala \/ apa plata ambalata la pet de 1,5l \/ 2l \/ 5l. &#8211; sucuri [&#8230;]\n","protected":false},"featured_media":23758,"comment_status":"open","ping_status":"closed","template":"","meta":{"_acf_changed":false,"_seopress_robots_primary_cat":"none","_seopress_titles_title":"","_seopress_titles_desc":"Livrare comenzi online apa minerala Borsec, preturi ieftine , livrare rapida din stoc, apa Borsec, apa Borsec. Magazin online produse Olanda","_seopress_robots_index":""},"product_brand":[1806],"product_cat":[1354],"giftcard-category":[],"class_list":{"0":"post-23701","1":"product","2":"type-product","3":"status-publish","4":"has-post-thumbnail","6":"product_brand-borsec","7":"product_cat-apa-plata-apa-minerala-sucuri","9":"first","10":"outofstock","11":"taxable","12":"shipping-taxable","13":"purchasable","14":"product-type-simple"},"acf":[],"_links":{"self":[{"href":"https:\/\/totalblue.ro\/de\/wp-json\/wp\/v2\/product\/23701","targetHints":{"allow":["GET"]}}],"collection":[{"href":"https:\/\/totalblue.ro\/de\/wp-json\/wp\/v2\/product"}],"about":[{"href":"https:\/\/totalblue.ro\/de\/wp-json\/wp\/v2\/types\/product"}],"replies":[{"embeddable":true,"href":"https:\/\/totalblue.ro\/de\/wp-json\/wp\/v2\/comments?post=23701"}],"wp:featuredmedia":[{"embeddable":true,"href":"https:\/\/totalblue.ro\/de\/wp-json\/wp\/v2\/media\/23758"}],"wp:attachment":[{"href":"https:\/\/totalblue.ro\/de\/wp-json\/wp\/v2\/media?parent=23701"}],"wp:term":[{"taxonomy":"product_brand","embeddable":true,"href":"https:\/\/totalblue.ro\/de\/wp-json\/wp\/v2\/product_brand?post=23701"},{"taxonomy":"product_cat","embeddable":true,"href":"https:\/\/totalblue.ro\/de\/wp-json\/wp\/v2\/product_cat?post=23701"},{"taxonomy":"giftcard-category","embeddable":true,"href":"https:\/\/totalblue.ro\/de\/wp-json\/wp\/v2\/giftcard-category?post=23701"}],"curies":[{"name":"wp","href":"https:\/\/api.w.org\/{rel}","templated":true}]}}