{"id":23708,"date":"2020-07-30T01:21:31","date_gmt":"2020-07-29T22:21:31","guid":{"rendered":"https:\/\/totalorange.ro\/produs\/import-placeholder-for-25611\/"},"modified":"2025-08-05T13:30:30","modified_gmt":"2025-08-05T10:30:30","slug":"wasser-mit-kohlensaure-bucovina-1-5-liter","status":"publish","type":"product","link":"https:\/\/totalblue.ro\/de\/produs\/apa-carbogazoasa-bucovina-1-5-litri\/","title":{"rendered":"Bucovina Wasser mit Kohlens\u00e4ure 1,5 Liter"},"content":{"rendered":"<p>Das kohlens\u00e4urehaltige nat\u00fcrliche Mineralwasser von Bucovina hat einen niedrigen Natriumgehalt, einen angenehmen und ausgewogenen Geschmack sowie besondere Eigenschaften zur Bindung und R\u00fcckhaltung von Kohlendioxid, die den Transport der f\u00fcr das normale Funktionieren des K\u00f6rpers wichtigen Elektrolyte gew\u00e4hrleisten.<br \/>\npH-Wert: 5,64<br \/>\nMarke: Bucovina<br \/>\nMenge: 1,5 Liter<\/p>\n<p>HINWEIS!!!!! Aufgrund ihres Gewichts und Volumens werden die folgenden Produkte NUR in Bukarest und den Nachbarst\u00e4dten geliefert: Chiajna, Ro\u0219u, Dudu, Bragadiru, Dragomire\u0219ti, Ciorog\u00e2rla und Domne\u0219ti:<br \/>\n- Mineralwasser \/ stilles Wasser verpackt in 1,5l \/ 2l \/ 5l pet.<br \/>\n- kohlens\u00e4urehaltige S\u00e4fte verpackt in 1,25l, 1,5l \/ 2l \/ 2,5l pet.<\/p>","protected":false},"excerpt":{"rendered":"<p>Der angezeigte Preis gilt pro St\u00fcck!<br \/>\n*Wenn Sie eine Schachtel wollen, bestellen Sie 6 St\u00fcck!<br \/>\nHINWEIS!!!!! Aufgrund des relativ gro\u00dfen Gewichts und Volumens werden die folgenden Produkte NUR in Bukarest und Ilfov (ausgew\u00e4hlte Orte) geliefert:<br \/>\n- Mineralwasser \/ stilles Wasser verpackt in 1,5l \/ 2l \/ 5l pet.<br \/>\n- kohlens\u00e4urehaltige S\u00e4fte verpackt in 1,25l, 1,5l \/ 2l \/ 2,5l pet.<\/p>","protected":false},"featured_media":23761,"comment_status":"open","ping_status":"closed","template":"","meta":{"_acf_changed":false,"_seopress_robots_primary_cat":"none","_seopress_titles_title":"","_seopress_titles_desc":"","_seopress_robots_index":""},"product_brand":[1808],"product_cat":[1354],"giftcard-category":[],"class_list":{"0":"post-23708","1":"product","2":"type-product","3":"status-publish","4":"has-post-thumbnail","6":"product_brand-bucovina","7":"product_cat-apa-plata-apa-minerala-sucuri","9":"first","10":"outofstock","11":"taxable","12":"shipping-taxable","13":"purchasable","14":"product-type-simple"},"acf":[],"_links":{"self":[{"href":"https:\/\/totalblue.ro\/de\/wp-json\/wp\/v2\/product\/23708","targetHints":{"allow":["GET"]}}],"collection":[{"href":"https:\/\/totalblue.ro\/de\/wp-json\/wp\/v2\/product"}],"about":[{"href":"https:\/\/totalblue.ro\/de\/wp-json\/wp\/v2\/types\/product"}],"replies":[{"embeddable":true,"href":"https:\/\/totalblue.ro\/de\/wp-json\/wp\/v2\/comments?post=23708"}],"wp:featuredmedia":[{"embeddable":true,"href":"https:\/\/totalblue.ro\/de\/wp-json\/wp\/v2\/media\/23761"}],"wp:attachment":[{"href":"https:\/\/totalblue.ro\/de\/wp-json\/wp\/v2\/media?parent=23708"}],"wp:term":[{"taxonomy":"product_brand","embeddable":true,"href":"https:\/\/totalblue.ro\/de\/wp-json\/wp\/v2\/product_brand?post=23708"},{"taxonomy":"product_cat","embeddable":true,"href":"https:\/\/totalblue.ro\/de\/wp-json\/wp\/v2\/product_cat?post=23708"},{"taxonomy":"giftcard-category","embeddable":true,"href":"https:\/\/totalblue.ro\/de\/wp-json\/wp\/v2\/giftcard-category?post=23708"}],"curies":[{"name":"wp","href":"https:\/\/api.w.org\/{rel}","templated":true}]}}