{"id":23716,"date":"2020-07-30T01:21:56","date_gmt":"2020-07-29T22:21:56","guid":{"rendered":"https:\/\/totalorange.ro\/produs\/import-placeholder-for-25625\/"},"modified":"2025-08-07T11:37:49","modified_gmt":"2025-08-07T08:37:49","slug":"nutline-arahide-extra-rumenite-135-grame","status":"publish","type":"product","link":"https:\/\/totalblue.ro\/de\/produs\/nutline-arahide-extra-rumenite-135-grame\/","title":{"rendered":"NUTLINE EXTRA GER\u00d6STETE ERDN\u00dcSSE 135 GRAMM"},"content":{"rendered":"<p>Extra rumenite special pentru a p\u0103stra aroma intens\u0103 \u0219i textura crocant\u0103. Vei putea s\u0103 le rezi\u0219ti?<br \/>\nMarke: NUTLINE<br \/>\nMenge: 135 Gramm<\/p>","protected":false},"excerpt":{"rendered":"<p>Extra rumenite special pentru a p\u0103stra aroma intens\u0103 \u0219i textura crocant\u0103. Vei putea s\u0103 le rezi\u0219ti? Brand: NUTLINE Cantitate: 135 grame<\/p>","protected":false},"featured_media":23774,"comment_status":"open","ping_status":"closed","template":"","meta":{"_acf_changed":false,"_seopress_robots_primary_cat":"none","_seopress_titles_title":"","_seopress_titles_desc":"","_seopress_robots_index":""},"product_brand":[1885],"product_cat":[1555],"giftcard-category":[],"class_list":{"0":"post-23716","1":"product","2":"type-product","3":"status-publish","4":"has-post-thumbnail","6":"product_brand-nutline","7":"product_cat-bacanie","9":"first","10":"instock","11":"taxable","12":"shipping-taxable","13":"purchasable","14":"product-type-simple"},"acf":[],"_links":{"self":[{"href":"https:\/\/totalblue.ro\/de\/wp-json\/wp\/v2\/product\/23716","targetHints":{"allow":["GET"]}}],"collection":[{"href":"https:\/\/totalblue.ro\/de\/wp-json\/wp\/v2\/product"}],"about":[{"href":"https:\/\/totalblue.ro\/de\/wp-json\/wp\/v2\/types\/product"}],"replies":[{"embeddable":true,"href":"https:\/\/totalblue.ro\/de\/wp-json\/wp\/v2\/comments?post=23716"}],"wp:featuredmedia":[{"embeddable":true,"href":"https:\/\/totalblue.ro\/de\/wp-json\/wp\/v2\/media\/23774"}],"wp:attachment":[{"href":"https:\/\/totalblue.ro\/de\/wp-json\/wp\/v2\/media?parent=23716"}],"wp:term":[{"taxonomy":"product_brand","embeddable":true,"href":"https:\/\/totalblue.ro\/de\/wp-json\/wp\/v2\/product_brand?post=23716"},{"taxonomy":"product_cat","embeddable":true,"href":"https:\/\/totalblue.ro\/de\/wp-json\/wp\/v2\/product_cat?post=23716"},{"taxonomy":"giftcard-category","embeddable":true,"href":"https:\/\/totalblue.ro\/de\/wp-json\/wp\/v2\/giftcard-category?post=23716"}],"curies":[{"name":"wp","href":"https:\/\/api.w.org\/{rel}","templated":true}]}}