{"id":23717,"date":"2020-07-30T01:21:57","date_gmt":"2020-07-29T22:21:57","guid":{"rendered":"https:\/\/totalorange.ro\/produs\/import-placeholder-for-25666\/"},"modified":"2024-06-07T10:51:34","modified_gmt":"2024-06-07T07:51:34","slug":"bautura-carbogazoasa-coca-cola-2-5-litri","status":"publish","type":"product","link":"https:\/\/totalblue.ro\/de\/produs\/bautura-carbogazoasa-coca-cola-2-5-litri\/","title":{"rendered":"Coca-Cola Erfrischungsgetr\u00e4nk mit Kohlens\u00e4ure 2,5 Liter"},"content":{"rendered":"<p>Produsa pentru prima data in 1944 si brevetata initial ca medicament, Coca-Cola este astazi vanduta in magazine si restaurante din peste 200 de tari. Sticla de 2.5 litri de Coca-Cola nu poate lipsi din casa ta, indiferent de anotimp. Vara te racoreste si te hidrateaza, iarna iti da energie si te binedispune. Nicio petrecere nu este completa fara un pahar de Coca-Cola si nicio zi nu este la fel de eficienta la birou fara bautura ta racoritoare preferata. Comanda online sticla de 2.5 litri de Coca-Cola pentru a te rasfata cu gustul original cu fiecare ocazie.<br \/>\nMarke: Coca-Cola<br \/>\nMenge: 2,5 Liter<\/p>\n<table border=\"2\" cellspacing=\"0\" cellpadding=\"0\">\n<tbody>\n<tr>\n<td class=\"xl63\" width=\"151\" height=\"24\"><strong>Ern\u00e4hrung<\/strong><\/td>\n<td class=\"xl64\" width=\"196\"><strong>\u00a0<\/strong><\/td>\n<\/tr>\n<tr>\n<td class=\"xl64\" height=\"20\"><strong>\u00a0<\/strong><\/td>\n<td class=\"xl64\"><strong>\u00a0<\/strong><\/td>\n<\/tr>\n<tr>\n<td class=\"xl65\" width=\"151\" height=\"20\"><strong>Fette<\/strong><\/td>\n<td class=\"xl65\" width=\"196\"><strong>0 g\/100 ml<\/strong><\/td>\n<\/tr>\n<tr>\n<td class=\"xl66\" width=\"151\" height=\"20\">Energiewert<\/td>\n<td class=\"xl66\" width=\"196\">42 kcal\/100 ml<\/td>\n<\/tr>\n<tr>\n<td class=\"xl66\" width=\"151\" height=\"20\">Kohlenhydrate<\/td>\n<td class=\"xl66\" width=\"196\">10,6 g\/100 ml<\/td>\n<\/tr>\n<tr>\n<td class=\"xl66\" width=\"151\" height=\"20\">Natrium<\/td>\n<td class=\"xl66\" width=\"196\">0 g\/100 ml<\/td>\n<\/tr>\n<tr>\n<td class=\"xl66\" width=\"151\" height=\"20\">Eiwei\u00df<\/td>\n<td class=\"xl66\" width=\"196\">0 g\/100 ml<\/td>\n<\/tr>\n<\/tbody>\n<\/table>\n<p>Zutat<br \/>\nWasser, Zucker, Kohlendioxid, Farbstoff E150, S\u00e4uerungsmittel Phosphors\u00e4ure, nat\u00fcrliche Aromen einschlie\u00dflich Koffein.<\/p>\n<p>An einem k\u00fchlen Ort und vor direkter Sonneneinstrahlung gesch\u00fctzt aufbewahren.mit Vorsicht von Personen zu konsumieren, die einen \u00e4rztlichen Rat bez\u00fcglich des Verzehrs von zuckerhaltigen Produkten oder deren Derivaten haben.enth\u00e4lt Koffein<\/p>\n<p>HINWEIS!!!! Aufgrund von Gewicht und Volumen werden die folgenden Produkte NUR in Bukarest und Ilfov geliefert:<br \/>\n- Mineralwasser \/ stilles Wasser verpackt in 1,5l \/ 2l \/ 5l pet.<br \/>\n- kohlens\u00e4urehaltige S\u00e4fte verpackt in 1,25l, 1,5l \/ 2l \/ 2,5l pet.<\/p>","protected":false},"excerpt":{"rendered":"<p>HINWEIS!!!! Aufgrund von Gewicht und Volumen werden die folgenden Produkte NUR in Bukarest und Ilfov geliefert:<br \/>\n- Mineralwasser \/ stilles Wasser verpackt in 1,5l \/ 2l \/ 5l pet.<br \/>\n- kohlens\u00e4urehaltige S\u00e4fte verpackt in 1,25l, 1,5l \/ 2l \/ 2,5l pet.<\/p>","protected":false},"featured_media":23775,"comment_status":"open","ping_status":"closed","template":"","meta":{"_acf_changed":false,"_seopress_robots_primary_cat":"none","_seopress_titles_title":"","_seopress_titles_desc":"","_seopress_robots_index":""},"product_brand":[1814],"product_cat":[1354],"giftcard-category":[],"class_list":{"0":"post-23717","1":"product","2":"type-product","3":"status-publish","4":"has-post-thumbnail","6":"product_brand-coca-cola","7":"product_cat-apa-plata-apa-minerala-sucuri","9":"first","10":"outofstock","11":"taxable","12":"shipping-taxable","13":"purchasable","14":"product-type-simple"},"acf":[],"_links":{"self":[{"href":"https:\/\/totalblue.ro\/de\/wp-json\/wp\/v2\/product\/23717","targetHints":{"allow":["GET"]}}],"collection":[{"href":"https:\/\/totalblue.ro\/de\/wp-json\/wp\/v2\/product"}],"about":[{"href":"https:\/\/totalblue.ro\/de\/wp-json\/wp\/v2\/types\/product"}],"replies":[{"embeddable":true,"href":"https:\/\/totalblue.ro\/de\/wp-json\/wp\/v2\/comments?post=23717"}],"wp:featuredmedia":[{"embeddable":true,"href":"https:\/\/totalblue.ro\/de\/wp-json\/wp\/v2\/media\/23775"}],"wp:attachment":[{"href":"https:\/\/totalblue.ro\/de\/wp-json\/wp\/v2\/media?parent=23717"}],"wp:term":[{"taxonomy":"product_brand","embeddable":true,"href":"https:\/\/totalblue.ro\/de\/wp-json\/wp\/v2\/product_brand?post=23717"},{"taxonomy":"product_cat","embeddable":true,"href":"https:\/\/totalblue.ro\/de\/wp-json\/wp\/v2\/product_cat?post=23717"},{"taxonomy":"giftcard-category","embeddable":true,"href":"https:\/\/totalblue.ro\/de\/wp-json\/wp\/v2\/giftcard-category?post=23717"}],"curies":[{"name":"wp","href":"https:\/\/api.w.org\/{rel}","templated":true}]}}