{"id":23721,"date":"2020-07-30T01:22:20","date_gmt":"2020-07-29T22:22:20","guid":{"rendered":"https:\/\/totalorange.ro\/produs\/import-placeholder-for-25696\/"},"modified":"2024-06-07T10:56:21","modified_gmt":"2024-06-07T07:56:21","slug":"bautura-carbogazoasa-pepsi-cola-2-5-litri","status":"publish","type":"product","link":"https:\/\/totalblue.ro\/de\/produs\/bautura-carbogazoasa-pepsi-cola-2-5-litri\/","title":{"rendered":"Pepsi-Cola Erfrischungsgetr\u00e4nk mit Kohlens\u00e4ure 2,5 Liter"},"content":{"rendered":"<p>Pepsi Cola, der originale Pepsi-Geschmack, der Sie aus dem Alltag holt! Seit 1893 befl\u00fcgelt das kohlens\u00e4urehaltige Erfrischungsgetr\u00e4nk Pepsi Freigeister auf der ganzen Welt. K\u00fchl, trocken, vor Frost und Sonnenlicht gesch\u00fctzt lagern. Serviervorschlag: kalt servieren, zwischen 4 und 8 Grad Celsius.<br \/>\nMarke: Pepsi<br \/>\nMenge: 2,5 Liter<\/p>\n<table border=\"2\" cellspacing=\"0\" cellpadding=\"0\">\n<tbody>\n<tr>\n<td class=\"xl63\" width=\"151\" height=\"24\"><strong>Ern\u00e4hrung<\/strong><\/td>\n<td class=\"xl64\" width=\"196\"><strong>\u00a0<\/strong><\/td>\n<\/tr>\n<tr>\n<td class=\"xl64\" height=\"20\"><strong>\u00a0<\/strong><\/td>\n<td class=\"xl64\"><strong>\u00a0<\/strong><\/td>\n<\/tr>\n<tr>\n<td class=\"xl65\" width=\"151\" height=\"20\"><strong>Fette<\/strong><\/td>\n<td class=\"xl65\" width=\"196\"><strong>0 g\/100 ml<\/strong><\/td>\n<\/tr>\n<tr>\n<td class=\"xl66\" width=\"151\" height=\"20\">Energiewert<\/td>\n<td class=\"xl66\" width=\"196\">43 kcal\/100 ml<\/td>\n<\/tr>\n<tr>\n<td class=\"xl66\" width=\"151\" height=\"20\">Kohlenhydrate<\/td>\n<td class=\"xl66\" width=\"196\">11 g\/100 ml<\/td>\n<\/tr>\n<tr>\n<td class=\"xl66\" width=\"151\" height=\"20\">Natrium<\/td>\n<td class=\"xl66\" width=\"196\">&lt;0,01 g\/100 ml<\/td>\n<\/tr>\n<tr>\n<td class=\"xl66\" width=\"151\" height=\"20\">Eiwei\u00df<\/td>\n<td class=\"xl66\" width=\"196\">0 g\/100 ml<\/td>\n<\/tr>\n<\/tbody>\n<\/table>\n<p>Zutat<br \/>\nWasser, Kohlendioxid, Maisfruktosesirup, Zucker, Farbstoff: Karamell (E150d), S\u00e4uerungsmittel: Phosphors\u00e4ure, Koffein, nat\u00fcrliches Cola-Aroma.<\/p>\n<p>An einem k\u00fchlen Ort und vor direkter Sonneneinstrahlung gesch\u00fctzt aufbewahren.mit Vorsicht von Personen zu konsumieren, die einen \u00e4rztlichen Rat bez\u00fcglich des Verzehrs von zuckerhaltigen Produkten oder deren Derivaten haben.enth\u00e4lt Koffein<\/p>\n<p><strong>HINWEIS!!!! Aufgrund von Gewicht und Volumen werden die folgenden Produkte NUR in Bukarest und Ilfov geliefert:<br \/>\n- Mineralwasser \/ stilles Wasser verpackt in 1,5l \/ 2l \/ 5l pet.<br \/>\n- kohlens\u00e4urehaltige S\u00e4fte verpackt in 1,25l, 1,5l \/ 2l \/ 2,5l pet.<\/strong><\/p>","protected":false},"excerpt":{"rendered":"<p>HINWEIS!!!!! Aufgrund des relativ gro\u00dfen Gewichts und Volumens werden die folgenden Produkte NUR in Bukarest und Ilfov (ausgew\u00e4hlte Orte) geliefert:<br \/>\n- Mineralwasser \/ stilles Wasser verpackt in 1,5l \/ 2l \/ 5l pet.<br \/>\n- kohlens\u00e4urehaltige S\u00e4fte verpackt in 1,25l, 1,5l \/ 2l \/ 2,5l pet.<\/p>","protected":false},"featured_media":23776,"comment_status":"open","ping_status":"closed","template":"","meta":{"_acf_changed":false,"_seopress_robots_primary_cat":"none","_seopress_titles_title":"","_seopress_titles_desc":"","_seopress_robots_index":""},"product_brand":[1895],"product_cat":[1354],"giftcard-category":[],"class_list":{"0":"post-23721","1":"product","2":"type-product","3":"status-publish","4":"has-post-thumbnail","6":"product_brand-pepsi","7":"product_cat-apa-plata-apa-minerala-sucuri","9":"first","10":"outofstock","11":"taxable","12":"shipping-taxable","13":"purchasable","14":"product-type-simple"},"acf":[],"_links":{"self":[{"href":"https:\/\/totalblue.ro\/de\/wp-json\/wp\/v2\/product\/23721","targetHints":{"allow":["GET"]}}],"collection":[{"href":"https:\/\/totalblue.ro\/de\/wp-json\/wp\/v2\/product"}],"about":[{"href":"https:\/\/totalblue.ro\/de\/wp-json\/wp\/v2\/types\/product"}],"replies":[{"embeddable":true,"href":"https:\/\/totalblue.ro\/de\/wp-json\/wp\/v2\/comments?post=23721"}],"wp:featuredmedia":[{"embeddable":true,"href":"https:\/\/totalblue.ro\/de\/wp-json\/wp\/v2\/media\/23776"}],"wp:attachment":[{"href":"https:\/\/totalblue.ro\/de\/wp-json\/wp\/v2\/media?parent=23721"}],"wp:term":[{"taxonomy":"product_brand","embeddable":true,"href":"https:\/\/totalblue.ro\/de\/wp-json\/wp\/v2\/product_brand?post=23721"},{"taxonomy":"product_cat","embeddable":true,"href":"https:\/\/totalblue.ro\/de\/wp-json\/wp\/v2\/product_cat?post=23721"},{"taxonomy":"giftcard-category","embeddable":true,"href":"https:\/\/totalblue.ro\/de\/wp-json\/wp\/v2\/giftcard-category?post=23721"}],"curies":[{"name":"wp","href":"https:\/\/api.w.org\/{rel}","templated":true}]}}