{"id":23723,"date":"2020-07-30T01:22:21","date_gmt":"2020-07-29T22:22:21","guid":{"rendered":"https:\/\/totalorange.ro\/produs\/import-placeholder-for-25700\/"},"modified":"2026-03-23T16:27:31","modified_gmt":"2026-03-23T14:27:31","slug":"kohlensaurehaltiges-getrank-sprite-2-5-liter","status":"publish","type":"product","link":"https:\/\/totalblue.ro\/de\/produs\/bautura-carbogazoasa-sprite-2-5-litri\/","title":{"rendered":"Sprite Erfrischungsgetr\u00e4nk mit Kohlens\u00e4ure 2,5 Liter"},"content":{"rendered":"<p>Kohlens\u00e4urehaltiges Erfrischungsgetr\u00e4nk mit Zitronen- und gr\u00fcnem Zitronengeschmack. Das Produkt ist in PET verpackt.<br \/>\nMarke: Sprite<br \/>\nMenge: 2,5 Liter<\/p>\n<table width=\"347\">\n<tbody>\n<tr>\n<td width=\"151\">Fette<\/td>\n<td width=\"196\">0 g\/100 ml<\/td>\n<\/tr>\n<tr>\n<td width=\"151\">Energiewert<\/td>\n<td width=\"196\">41 kcal\/100 ml<\/td>\n<\/tr>\n<tr>\n<td width=\"151\">Kohlenhydrate<\/td>\n<td width=\"196\">10,2 g\/100g<\/td>\n<\/tr>\n<tr>\n<td width=\"151\">Natrium<\/td>\n<td width=\"196\">0,02 g\/100 ml<\/td>\n<\/tr>\n<tr>\n<td width=\"151\">Eiwei\u00df<\/td>\n<td width=\"196\">0 g\/100 ml<\/td>\n<\/tr>\n<\/tbody>\n<\/table>\n<p>Zutat<br \/>\nWasser, Fruktose-Glukosesirup, Kohlendioxid, S\u00e4uerungsmittel Zitronens\u00e4ure, S\u00fc\u00dfstoffe: Acesulfam-k, Aspartam und e 959, Konservierungsmittel Natriumbenzoat, S\u00e4ureregulatoren Natriumcitrate, nat\u00fcrliche Aromen von Zitrone und gr\u00fcner Zitrone.<br \/>\nMit Vorsicht zu konsumieren von Personen, die medizinische Indikationen bez\u00fcglich des Konsums von Produkten mit Zucker oder dessen Derivaten haben.<\/p>\n<p>HINWEIS!!!! Aufgrund von Gewicht und Volumen werden die folgenden Produkte NUR in Bukarest und Ilfov geliefert:<br \/>\n- Mineralwasser \/ stilles Wasser verpackt in 1,5l \/ 2l \/ 5l pet.<br \/>\n- kohlens\u00e4urehaltige S\u00e4fte verpackt in 1,25l, 1,5l \/ 2l \/ 2,5l pet.<\/p>","protected":false},"excerpt":{"rendered":"<p>HINWEIS!!!! Aufgrund von Gewicht und Volumen werden die folgenden Produkte NUR in Bukarest und Ilfov geliefert:<br \/>\n- Mineralwasser \/ stilles Wasser verpackt in 1,5l \/ 2l \/ 5l pet.<br \/>\n- kohlens\u00e4urehaltige S\u00e4fte verpackt in 1,25l, 1,5l \/ 2l \/ 2,5l pet.<\/p>","protected":false},"featured_media":23782,"comment_status":"open","ping_status":"closed","template":"","meta":{"_acf_changed":false,"_seopress_robots_primary_cat":"none","_seopress_titles_title":"","_seopress_titles_desc":"","_seopress_robots_index":""},"product_brand":[1916],"product_cat":[1354],"giftcard-category":[],"class_list":{"0":"post-23723","1":"product","2":"type-product","3":"status-publish","4":"has-post-thumbnail","6":"product_brand-sprite","7":"product_cat-apa-plata-apa-minerala-sucuri","9":"first","10":"outofstock","11":"taxable","12":"shipping-taxable","13":"purchasable","14":"product-type-simple"},"acf":[],"_links":{"self":[{"href":"https:\/\/totalblue.ro\/de\/wp-json\/wp\/v2\/product\/23723","targetHints":{"allow":["GET"]}}],"collection":[{"href":"https:\/\/totalblue.ro\/de\/wp-json\/wp\/v2\/product"}],"about":[{"href":"https:\/\/totalblue.ro\/de\/wp-json\/wp\/v2\/types\/product"}],"replies":[{"embeddable":true,"href":"https:\/\/totalblue.ro\/de\/wp-json\/wp\/v2\/comments?post=23723"}],"wp:featuredmedia":[{"embeddable":true,"href":"https:\/\/totalblue.ro\/de\/wp-json\/wp\/v2\/media\/23782"}],"wp:attachment":[{"href":"https:\/\/totalblue.ro\/de\/wp-json\/wp\/v2\/media?parent=23723"}],"wp:term":[{"taxonomy":"product_brand","embeddable":true,"href":"https:\/\/totalblue.ro\/de\/wp-json\/wp\/v2\/product_brand?post=23723"},{"taxonomy":"product_cat","embeddable":true,"href":"https:\/\/totalblue.ro\/de\/wp-json\/wp\/v2\/product_cat?post=23723"},{"taxonomy":"giftcard-category","embeddable":true,"href":"https:\/\/totalblue.ro\/de\/wp-json\/wp\/v2\/giftcard-category?post=23723"}],"curies":[{"name":"wp","href":"https:\/\/api.w.org\/{rel}","templated":true}]}}