{"id":23738,"date":"2020-07-30T01:23:12","date_gmt":"2020-07-29T22:23:12","guid":{"rendered":"https:\/\/totalorange.ro\/produs\/import-placeholder-for-25796\/"},"modified":"2025-08-05T13:50:28","modified_gmt":"2025-08-05T10:50:28","slug":"chio-chips-mit-huhnerfleischgeschmack-140-gramm","status":"publish","type":"product","link":"https:\/\/totalblue.ro\/de\/produs\/chio-chips-cu-aroma-de-pui-la-rotisor-140-grame\/","title":{"rendered":"Chio Chips Kartoffelchips mit Rotisserie-Huhn-Geschmack 125 Gramm"},"content":{"rendered":"<p>Chips aus in Scheiben geschnittenen, gebratenen Kartoffeln mit H\u00e4hnchenfleischgeschmack.<br \/>\nMarke: CHIO<br \/>\nMenge: 140 Gramm<br \/>\nIn einer Schutzatmosph\u00e4re verpackt.<br \/>\n<strong>Inhaltsstoff:<\/strong><br \/>\nKartoffeln, Sonnenblumen\u00f6l, S\u00fc\u00dfmolkenpulver, Speisesalz, Aromen, Weizenmehl, H\u00fchnerfleischderivate (0,2%), K\u00e4sepulver, Pulver, Zwiebelpulver, Hefeextrakt, Kr\u00e4uter, Gew\u00fcrze.<br \/>\n<strong>Einzelheiten der Nutzung:<\/strong><br \/>\nAn einem trockenen, k\u00fchlen Ort ohne direkte Sonneneinstrahlung aufbewahren.<br \/>\n<strong>Allergene:<\/strong><br \/>\nMolke, K\u00e4se, Weizen. Kann Spuren von Soja und Senf enthalten.<\/p>\n<p>N\u00e4hrwertangaben pro 100 g Produkt:<\/p>\n<table class=\"table table-striped table-bordered table-responsive TableResponsive responsive\" style=\"height: 165px\" width=\"439\">\n<thead>\n<tr>\n<th>Fette<\/th>\n<th>35 g\/100 g<\/th>\n<\/tr>\n<\/thead>\n<tbody>\n<tr>\n<td>Energiewert<\/td>\n<td>542 kcal\/100 g<\/td>\n<\/tr>\n<tr>\n<td>Kohlenhydrate<\/td>\n<td>48 g\/100 g<\/td>\n<\/tr>\n<tr>\n<td>Natrium<\/td>\n<td>1,9 g\/100 g<\/td>\n<\/tr>\n<tr>\n<td>Eiwei\u00df<\/td>\n<td>5,7 g\/100 g<\/td>\n<\/tr>\n<tr>\n<td>Ges\u00e4ttigte Fette<\/td>\n<td>3,2 g\/100 g<\/td>\n<\/tr>\n<\/tbody>\n<\/table>","protected":false},"excerpt":{"rendered":"<p>Chipsuri din cartofi feliati, prajiti, cu aroma de pui la rotisor. Brand: CHIO Cantitate: 140 grame Ambalate in atmosfera protectoare. Ingrediente: Cartofi, ulei de floarea soarelui, zer dulce praf, sare de masa, aroma, faina de grau, derivate din carne de pui (0.2%), cascaval, pudra, ceapa pudra, extract de drojdie, ierburi, condimente. Detalii de utilizare: A [&#8230;]\n","protected":false},"featured_media":23792,"comment_status":"open","ping_status":"closed","template":"","meta":{"_acf_changed":false,"_seopress_robots_primary_cat":"none","_seopress_titles_title":"Chio Chips cu aroma de pui la rotisor 140 g, chipsuri cartofi","_seopress_titles_desc":"Cauti chipsuri cartofi? Cumpara acum online Chio Chips cu aroma de pui la rotisor 140 g, chipsuri cu aroma de paprika,cartofi chipsuri paprika.","_seopress_robots_index":""},"product_brand":[1812],"product_cat":[1555,7021],"giftcard-category":[],"class_list":{"0":"post-23738","1":"product","2":"type-product","3":"status-publish","4":"has-post-thumbnail","6":"product_brand-chio","7":"product_cat-bacanie","8":"product_cat-dulciuri-snacks","10":"first","11":"outofstock","12":"taxable","13":"shipping-taxable","14":"purchasable","15":"product-type-simple"},"acf":[],"_links":{"self":[{"href":"https:\/\/totalblue.ro\/de\/wp-json\/wp\/v2\/product\/23738","targetHints":{"allow":["GET"]}}],"collection":[{"href":"https:\/\/totalblue.ro\/de\/wp-json\/wp\/v2\/product"}],"about":[{"href":"https:\/\/totalblue.ro\/de\/wp-json\/wp\/v2\/types\/product"}],"replies":[{"embeddable":true,"href":"https:\/\/totalblue.ro\/de\/wp-json\/wp\/v2\/comments?post=23738"}],"wp:featuredmedia":[{"embeddable":true,"href":"https:\/\/totalblue.ro\/de\/wp-json\/wp\/v2\/media\/23792"}],"wp:attachment":[{"href":"https:\/\/totalblue.ro\/de\/wp-json\/wp\/v2\/media?parent=23738"}],"wp:term":[{"taxonomy":"product_brand","embeddable":true,"href":"https:\/\/totalblue.ro\/de\/wp-json\/wp\/v2\/product_brand?post=23738"},{"taxonomy":"product_cat","embeddable":true,"href":"https:\/\/totalblue.ro\/de\/wp-json\/wp\/v2\/product_cat?post=23738"},{"taxonomy":"giftcard-category","embeddable":true,"href":"https:\/\/totalblue.ro\/de\/wp-json\/wp\/v2\/giftcard-category?post=23738"}],"curies":[{"name":"wp","href":"https:\/\/api.w.org\/{rel}","templated":true}]}}