{"id":23762,"date":"2020-07-30T01:24:26","date_gmt":"2020-07-29T22:24:26","guid":{"rendered":"https:\/\/totalorange.ro\/produs\/import-placeholder-for-26071\/"},"modified":"2025-08-05T13:35:37","modified_gmt":"2025-08-05T10:35:37","slug":"grosmutter-sonnenblumenol-1-liter","status":"publish","type":"product","link":"https:\/\/totalblue.ro\/de\/produs\/ulei-de-floarea-soarelui-bunica-1-litru\/","title":{"rendered":"Bunica Sonnenblumen\u00f6l 1 Liter"},"content":{"rendered":"<p>Bunica Sonnenblumen\u00f6l 1 Liter<\/p>\n<p>Produkt mit Lieferung <strong>NUR in Bukarest und Ilfov.<\/strong><\/p>\n<p>\u00d6l, das durch Raffinieren von rohem \u00d6l aus der Pressung und L\u00f6sungsmittelextraktion von Sonnenblumenkernen gewonnen wird.<br \/>\nDas raffinierte \u00d6l hat einen nat\u00fcrlichen Vitamin-E-Gehalt von mindestens 50mg\/100g und ist mit 250ppb Vitamin D angereichert, das zur Erhaltung gesunder Knochen beitr\u00e4gt.<br \/>\nUntdelemn de la Bunica ist ein perfektes \u00d6l f\u00fcr Salate, zum Kochen, f\u00fcr So\u00dfen und Mayonnaisen. Es kann auch gut zum Braten verwendet werden. Empfohlene Brattemperatur: maximal 175 Grad Celsius.<br \/>\nEs wird empfohlen, es an einem k\u00fchlen, trockenen Ort bei einer Temperatur zwischen 15 und 25 Grad Celsius zu lagern und vor Licht zu sch\u00fctzen.<br \/>\nMarke: BUNICA<br \/>\nMenge: 1 Liter<\/p>\n<p>HINWEIS!!!! Aufgrund des relativ gro\u00dfen Gewichts und Volumens werden folgende Produkte geliefert <strong>NUR in Bukarest und Ilfov:<\/strong><br \/>\n- Mineralwasser \/ stilles Wasser verpackt in 1,5l \/ 2l \/ 5l pet.<br \/>\n- S\u00e4fte mit Kohlens\u00e4ure in 1,25l \/ 1,5l \/ 2l \/ 2,5l pet 1,25l \/ 1,5l \/ 2,5l<br \/>\n- \u00d6l oder andere Produkte mit mehr als 1 Liter Inhalt.<\/p>\n<h3>Ern\u00e4hrung<\/h3>\n<div class=\"wrapper-table-responsive m-t-3\">\n<table class=\"table table-striped table-bordered table-responsive TableResponsive responsive\">\n<thead>\n<tr>\n<th>Fette<\/th>\n<th>100 g\/100 g<\/th>\n<\/tr>\n<\/thead>\n<tbody>\n<tr>\n<td>Energiewert<\/td>\n<td>900 kcal\/100 g<\/td>\n<\/tr>\n<tr>\n<td>Kohlenhydrate<\/td>\n<td>0 g\/100 g<\/td>\n<\/tr>\n<tr>\n<td>Natrium<\/td>\n<td>0 g\/100 g<\/td>\n<\/tr>\n<tr>\n<td>Eiwei\u00df<\/td>\n<td>0 g\/100 g<\/td>\n<\/tr>\n<tr>\n<td>Ges\u00e4ttigte Fette<\/td>\n<td>10 g\/100 g<\/td>\n<\/tr>\n<\/tbody>\n<\/table>\n<\/div>","protected":false},"excerpt":{"rendered":"<p>Produkt mit Lieferung <strong>NUR in Bukarest und Ilfov.<\/strong><\/p>","protected":false},"featured_media":23814,"comment_status":"open","ping_status":"closed","template":"","meta":{"_acf_changed":false,"_seopress_robots_primary_cat":"none","_seopress_titles_title":"Ulei de floarea-soarelui Bunica 1 litru","_seopress_titles_desc":"Cauti ulei de la Bunica? Cumpara acum ulei de la Bunica, ulei de prajit 1L, ulei Bunica floarea soarelui, ulei Bunica, ulei floarea soarelui Bunica","_seopress_robots_index":""},"product_brand":[1809],"product_cat":[1555,1362],"giftcard-category":[],"class_list":{"0":"post-23762","1":"product","2":"type-product","3":"status-publish","4":"has-post-thumbnail","6":"product_brand-bunica","7":"product_cat-bacanie","8":"product_cat-ulei-orez-faina-zahar","10":"first","11":"outofstock","12":"taxable","13":"shipping-taxable","14":"purchasable","15":"product-type-simple"},"acf":[],"_links":{"self":[{"href":"https:\/\/totalblue.ro\/de\/wp-json\/wp\/v2\/product\/23762","targetHints":{"allow":["GET"]}}],"collection":[{"href":"https:\/\/totalblue.ro\/de\/wp-json\/wp\/v2\/product"}],"about":[{"href":"https:\/\/totalblue.ro\/de\/wp-json\/wp\/v2\/types\/product"}],"replies":[{"embeddable":true,"href":"https:\/\/totalblue.ro\/de\/wp-json\/wp\/v2\/comments?post=23762"}],"wp:featuredmedia":[{"embeddable":true,"href":"https:\/\/totalblue.ro\/de\/wp-json\/wp\/v2\/media\/23814"}],"wp:attachment":[{"href":"https:\/\/totalblue.ro\/de\/wp-json\/wp\/v2\/media?parent=23762"}],"wp:term":[{"taxonomy":"product_brand","embeddable":true,"href":"https:\/\/totalblue.ro\/de\/wp-json\/wp\/v2\/product_brand?post=23762"},{"taxonomy":"product_cat","embeddable":true,"href":"https:\/\/totalblue.ro\/de\/wp-json\/wp\/v2\/product_cat?post=23762"},{"taxonomy":"giftcard-category","embeddable":true,"href":"https:\/\/totalblue.ro\/de\/wp-json\/wp\/v2\/giftcard-category?post=23762"}],"curies":[{"name":"wp","href":"https:\/\/api.w.org\/{rel}","templated":true}]}}