{"id":23763,"date":"2020-07-30T01:24:27","date_gmt":"2020-07-29T22:24:27","guid":{"rendered":"https:\/\/totalorange.ro\/produs\/import-placeholder-for-26073\/"},"modified":"2025-08-05T15:53:06","modified_gmt":"2025-08-05T12:53:06","slug":"sonnenblumenol-floriol-1-liter","status":"publish","type":"product","link":"https:\/\/totalblue.ro\/de\/produs\/ulei-de-floarea-soarelui-floriol-1-litru\/","title":{"rendered":"Floriol Sonnenblume Sonnenblumen\u00f6l 1 Liter"},"content":{"rendered":"<p>Floriol Sonnenblume Sonnenblumen\u00f6l 1 Liter<\/p>\n<p>Produkt mit Lieferung <strong>NUR in Bukarest und Ilfov.<\/strong><\/p>\n<p>Floriol Sonnenblumen\u00f6l ist ein ausgewogenes Produkt, das reich an Vitamin E (Alpha-Tocopherol) ist und zahlreiche Verwendungsm\u00f6glichkeiten in der K\u00fcche und ebenso viele gesundheitliche Vorteile bietet. Sonnenblumen\u00f6l ist ein mehrfach unges\u00e4ttigtes Pflanzen\u00f6l, reich an den Vitaminen E, K, B8, Mineralien und Eisen.<br \/>\nVitamin E tr\u00e4gt zum Schutz der Zellen vor Sch\u00e4den durch oxidativen Stress bei.<br \/>\nEin Essl\u00f6ffel nat\u00fcrliches Floriol\u00f6l, das reich an Vitamin E ist, enth\u00e4lt 42% der empfohlenen Tagesdosis.<br \/>\nEmpfehlungen f\u00fcr die Verwendung: Kochen, Braten, Salate, Saucen, Mayonnaisen.<br \/>\nMarke: FLORIOL<br \/>\nMenge: 1 Liter<\/p>\n<p>HINWEIS!!!! Aufgrund des relativ gro\u00dfen Gewichts und Volumens werden folgende Produkte geliefert <strong>NUR in Bukarest und Ilfov:<\/strong><br \/>\n- Mineralwasser \/ stilles Wasser verpackt in 1,5l \/ 2l \/ 5l pet.<br \/>\n- S\u00e4fte mit Kohlens\u00e4ure in 1,25l \/ 1,5l \/ 2l \/ 2,5l pet 1,25l \/ 1,5l \/ 2,5l<br \/>\n- \u00d6l oder andere Produkte mit mehr als 1 Liter Inhalt.<\/p>\n<h3>Ern\u00e4hrung<\/h3>\n<div class=\"wrapper-table-responsive m-t-3\">\n<table class=\"table table-striped table-bordered table-responsive TableResponsive responsive\">\n<thead>\n<tr>\n<th>Fette<\/th>\n<th>100 g\/100 ml<\/th>\n<\/tr>\n<\/thead>\n<tbody>\n<tr>\n<td>Energiewert<\/td>\n<td>900 kcal\/ 100 ml<\/td>\n<\/tr>\n<tr>\n<td>Kohlenhydrate<\/td>\n<td>0 g\/100 ml<\/td>\n<\/tr>\n<tr>\n<td>Eiwei\u00df<\/td>\n<td>0 g\/100 ml<\/td>\n<\/tr>\n<\/tbody>\n<\/table>\n<\/div>\n<div class=\"wrapper-table-responsive m-t-3\"><\/div>","protected":false},"excerpt":{"rendered":"<p>Produkt mit Lieferung <strong>NUR in Bukarest und Ilfov.<\/strong><\/p>","protected":false},"featured_media":23815,"comment_status":"open","ping_status":"closed","template":"","meta":{"_acf_changed":false,"_seopress_robots_primary_cat":"none","_seopress_titles_title":"Ulei de floarea-soarelui Floriol 1 litru, ulei Floriol","_seopress_titles_desc":"Cauti ulei Floriol de floarea soarelui ? Cumpara acum cu livrare rapida ulei de floarea soarelui Floriol, ulei Floriol fabricat din floarea soarelui 1L","_seopress_robots_index":""},"product_brand":[1843],"product_cat":[1555,1362],"giftcard-category":[],"class_list":{"0":"post-23763","1":"product","2":"type-product","3":"status-publish","4":"has-post-thumbnail","6":"product_brand-floriol","7":"product_cat-bacanie","8":"product_cat-ulei-orez-faina-zahar","10":"first","11":"outofstock","12":"taxable","13":"shipping-taxable","14":"purchasable","15":"product-type-simple"},"acf":[],"_links":{"self":[{"href":"https:\/\/totalblue.ro\/de\/wp-json\/wp\/v2\/product\/23763","targetHints":{"allow":["GET"]}}],"collection":[{"href":"https:\/\/totalblue.ro\/de\/wp-json\/wp\/v2\/product"}],"about":[{"href":"https:\/\/totalblue.ro\/de\/wp-json\/wp\/v2\/types\/product"}],"replies":[{"embeddable":true,"href":"https:\/\/totalblue.ro\/de\/wp-json\/wp\/v2\/comments?post=23763"}],"wp:featuredmedia":[{"embeddable":true,"href":"https:\/\/totalblue.ro\/de\/wp-json\/wp\/v2\/media\/23815"}],"wp:attachment":[{"href":"https:\/\/totalblue.ro\/de\/wp-json\/wp\/v2\/media?parent=23763"}],"wp:term":[{"taxonomy":"product_brand","embeddable":true,"href":"https:\/\/totalblue.ro\/de\/wp-json\/wp\/v2\/product_brand?post=23763"},{"taxonomy":"product_cat","embeddable":true,"href":"https:\/\/totalblue.ro\/de\/wp-json\/wp\/v2\/product_cat?post=23763"},{"taxonomy":"giftcard-category","embeddable":true,"href":"https:\/\/totalblue.ro\/de\/wp-json\/wp\/v2\/giftcard-category?post=23763"}],"curies":[{"name":"wp","href":"https:\/\/api.w.org\/{rel}","templated":true}]}}