{"id":23764,"date":"2020-07-30T01:24:27","date_gmt":"2020-07-29T22:24:27","guid":{"rendered":"https:\/\/totalorange.ro\/produs\/import-placeholder-for-26081\/"},"modified":"2026-03-27T10:39:13","modified_gmt":"2026-03-27T08:39:13","slug":"vitamin-aqua-mg-pere-si-afine-600-ml-06-l","status":"publish","type":"product","link":"https:\/\/totalblue.ro\/de\/produs\/vitamin-aqua-mg-pere-si-afine-600-ml-06-l\/","title":{"rendered":"Vitamin Aqua MG Birnen und Heidelbeeren 600 ml ( 0,6 L )"},"content":{"rendered":"<p>Bucura-te de acest produs ca parte a unui stil de viata sanatos si a unei alimentatii echilibrate. Merlin&#8217;s iti aduce nutrienti zilnici sub forma unei bauturi racoritoare. Magneziul contribuie la echilibrul electrolitic , la functionarea normala a sistemului muscular, la reducerea oboselii si extenuarii si la mentinerea sanatatii psihice.<br \/>\nVitaminisieren Sie sich!<br \/>\nBautura racoritoare necarbogazoasa cu adaos de vitamine si minerale cu aroma de pere si afine.<br \/>\nKalorienarmes, mit Stevia ges\u00fc\u00dftes Produkt ohne Konservierungsstoffe.<br \/>\nAlkoholgehalt: 0%<\/p>\n<p>INGREDIENT<br \/>\nApa, zahar, acidifiant (acid citric), concentrat de morcov cu rol de colorare, aroma naturala, sirop de zahar caramelizat, indulcitor (glicozide derivate din steviol), carbonati de magneziu, vitamine (niacina, acid pantotenic, vitamina B1, vitamina B6, acid folic si vitamina B12).<\/p>\n<p>An einem trockenen, k\u00fchlen Ort ohne direkte Sonneneinstrahlung aufbewahren.<\/p>\n<table width=\"396\">\n<tbody>\n<tr>\n<td colspan=\"3\" width=\"396\">N\u00e4hrwertangaben f\u00fcr 100 ml Erfrischungsgetr\u00e4nk<\/td>\n<\/tr>\n<tr>\n<td><\/td>\n<td><\/td>\n<td><\/td>\n<\/tr>\n<tr>\n<td>Energiewert<\/td>\n<td>60 kJ\/14kcal<\/td>\n<td><\/td>\n<\/tr>\n<tr>\n<td>Fette<\/td>\n<td>0 g<\/td>\n<td><\/td>\n<\/tr>\n<tr>\n<td>davon ges\u00e4ttigte Fetts\u00e4uren<\/td>\n<td>0 g<\/td>\n<td><\/td>\n<\/tr>\n<tr>\n<td>Kohlenhydrate<\/td>\n<td>3.2 g<\/td>\n<td><\/td>\n<\/tr>\n<tr>\n<td>davon Zucker<\/td>\n<td>3.2 g<\/td>\n<td><\/td>\n<\/tr>\n<tr>\n<td>Eiwei\u00df<\/td>\n<td>0 g<\/td>\n<td><\/td>\n<\/tr>\n<tr>\n<td>Sare<\/td>\n<td>0 g<\/td>\n<td>%VNR<\/td>\n<\/tr>\n<tr>\n<td>Magneziu<\/td>\n<td>18.9 mg<\/td>\n<td>5% (30%*)<\/td>\n<\/tr>\n<tr>\n<td>Niacin<\/td>\n<td>2,4 mg<\/td>\n<td>15% (90%*)<\/td>\n<\/tr>\n<tr>\n<td>Pantothens\u00e4ure<\/td>\n<td>0,90 mg<\/td>\n<td>15% (90%*)<\/td>\n<\/tr>\n<tr>\n<td>Vitamin B6<\/td>\n<td>0,21 mg<\/td>\n<td>15% (90%*)<\/td>\n<\/tr>\n<tr>\n<td>Thiamin<\/td>\n<td>0,17 mg<\/td>\n<td>15% (93%*)<\/td>\n<\/tr>\n<tr>\n<td>Vitamin B12<\/td>\n<td>0,38 \u03bcg<\/td>\n<td>15% (91%*)<\/td>\n<\/tr>\n<tr>\n<td>Fols\u00e4ure<\/td>\n<td>30,0 \u03bcg<\/td>\n<td>15% (90%*)<\/td>\n<\/tr>\n<tr>\n<td colspan=\"3\">%VNR = % des N\u00e4hrstoffreferenzwerts<\/td>\n<\/tr>\n<tr>\n<td colspan=\"3\">*%VNR \/ Portion = 600 ml . Paket enth\u00e4lt 1 Portion<\/td>\n<\/tr>\n<\/tbody>\n<\/table>\n<p><strong>\u00a0<\/strong><\/p>\n<div class=\"wrapper-table-responsive m-t-3\"><\/div>","protected":false},"excerpt":{"rendered":"<p>Bucura-te de acest produs ca parte a unui stil de viata sanatos si a unei alimentatii echilibrate. Merlin&#8217;s iti aduce nutrienti zilnici sub forma unei bauturi racoritoare. Magneziul contribuie la echilibrul electrolitic , la functionarea normala a sistemului muscular, la reducerea oboselii si extenuarii si la mentinerea sanatatii psihice. Vitaminizeaza-te! Bautura racoritoare necarbogazoasa cu adaos [&#8230;]\n","protected":false},"featured_media":23816,"comment_status":"open","ping_status":"closed","template":"","meta":{"_acf_changed":false,"_seopress_robots_primary_cat":"none","_seopress_titles_title":"","_seopress_titles_desc":"","_seopress_robots_index":""},"product_brand":[1927],"product_cat":[1354],"giftcard-category":[],"class_list":{"0":"post-23764","1":"product","2":"type-product","3":"status-publish","4":"has-post-thumbnail","6":"product_brand-vitamin-aqua","7":"product_cat-apa-plata-apa-minerala-sucuri","9":"first","10":"instock","11":"taxable","12":"shipping-taxable","13":"purchasable","14":"product-type-simple"},"acf":[],"_links":{"self":[{"href":"https:\/\/totalblue.ro\/de\/wp-json\/wp\/v2\/product\/23764","targetHints":{"allow":["GET"]}}],"collection":[{"href":"https:\/\/totalblue.ro\/de\/wp-json\/wp\/v2\/product"}],"about":[{"href":"https:\/\/totalblue.ro\/de\/wp-json\/wp\/v2\/types\/product"}],"replies":[{"embeddable":true,"href":"https:\/\/totalblue.ro\/de\/wp-json\/wp\/v2\/comments?post=23764"}],"wp:featuredmedia":[{"embeddable":true,"href":"https:\/\/totalblue.ro\/de\/wp-json\/wp\/v2\/media\/23816"}],"wp:attachment":[{"href":"https:\/\/totalblue.ro\/de\/wp-json\/wp\/v2\/media?parent=23764"}],"wp:term":[{"taxonomy":"product_brand","embeddable":true,"href":"https:\/\/totalblue.ro\/de\/wp-json\/wp\/v2\/product_brand?post=23764"},{"taxonomy":"product_cat","embeddable":true,"href":"https:\/\/totalblue.ro\/de\/wp-json\/wp\/v2\/product_cat?post=23764"},{"taxonomy":"giftcard-category","embeddable":true,"href":"https:\/\/totalblue.ro\/de\/wp-json\/wp\/v2\/giftcard-category?post=23764"}],"curies":[{"name":"wp","href":"https:\/\/api.w.org\/{rel}","templated":true}]}}