{"id":23765,"date":"2020-07-30T01:24:28","date_gmt":"2020-07-29T22:24:28","guid":{"rendered":"https:\/\/totalorange.ro\/produs\/import-placeholder-for-26088\/"},"modified":"2026-03-27T10:40:12","modified_gmt":"2026-03-27T08:40:12","slug":"vitamin-aqua-ca-zitrone-lychee-600-ml-06-l","status":"publish","type":"product","link":"https:\/\/totalblue.ro\/de\/produs\/vitamin-aqua-ca-lemon-lychee-600-ml-06-l\/","title":{"rendered":"Vitamin Aqua CA Zitrone &amp; Lychee 600 ml ( 0,6 L )"},"content":{"rendered":"<p>Genie\u00dfen Sie dieses Produkt als Teil eines gesunden Lebensstils und einer ausgewogenen Ern\u00e4hrung. Merlin's bringt Ihnen die t\u00e4glichen N\u00e4hrstoffe in Form eines erfrischenden Getr\u00e4nks.<br \/>\nKalzium ist notwendig f\u00fcr die Erhaltung gesunder Knochen, die Erhaltung gesunder Z\u00e4hne, tr\u00e4gt zur normalen Neurotransmission bei. normale Blutgerinnung und einen normalen Energiestoffwechsel.<br \/>\n<strong>Vitaminisieren Sie sich!<\/strong><br \/>\nUnges\u00fc\u00dftes Erfrischungsgetr\u00e4nk mit Zitronen- und Litschi-Geschmack mit Zusatz von Vitaminen, Zucker und S\u00fc\u00dfstoff.<br \/>\nKalorienarmes, mit Stevia ges\u00fc\u00dftes Produkt ohne Konservierungsstoffe.<br \/>\nAlkoholgehalt: 0%<\/p>\n<p>INGREDIENT<br \/>\nWasser, Zucker, S\u00e4uerungsmittel: Zitronens\u00e4ure; Calciumlactat; nat\u00fcrliches Aroma; Antioxidationsmittel: Ascorbins\u00e4ure; Stabilisatoren: Gummiarabikum und Glycerinester von Holzharzen, Vitamine: Niacin, Pantothens\u00e4ure, Vitamin D, Vitamin B1, Vitamin B6, Fols\u00e4ure und Vitamin B12, S\u00fc\u00dfungsmittel: Steviolglycoside.<\/p>\n<p>An einem trockenen, k\u00fchlen Ort ohne direkte Sonneneinstrahlung aufbewahren.<br \/>\nVorzugsweise vor dem auf der Verpackung angegebenen Datum zu verzehren.<\/p>\n<table width=\"396\">\n<tbody>\n<tr>\n<td colspan=\"3\" width=\"396\">N\u00e4hrwertangaben f\u00fcr 100 ml Erfrischungsgetr\u00e4nk<\/td>\n<\/tr>\n<tr>\n<td width=\"188\"><\/td>\n<td width=\"96\"><\/td>\n<td width=\"112\"><\/td>\n<\/tr>\n<tr>\n<td width=\"188\">Energiewert<\/td>\n<td width=\"96\">60 kJ\/14kcal<\/td>\n<td width=\"112\"><\/td>\n<\/tr>\n<tr>\n<td width=\"188\">Fette<\/td>\n<td width=\"96\">0 g<\/td>\n<td width=\"112\"><\/td>\n<\/tr>\n<tr>\n<td width=\"188\">davon ges\u00e4ttigte Fetts\u00e4uren<\/td>\n<td width=\"96\">0 g<\/td>\n<td width=\"112\"><\/td>\n<\/tr>\n<tr>\n<td width=\"188\">Kohlenhydrate<\/td>\n<td width=\"96\">3.2 g<\/td>\n<td width=\"112\"><\/td>\n<\/tr>\n<tr>\n<td width=\"188\">davon Zucker<\/td>\n<td width=\"96\">3.2 g<\/td>\n<td width=\"112\"><\/td>\n<\/tr>\n<tr>\n<td width=\"188\">Eiwei\u00df<\/td>\n<td width=\"96\">0 g<\/td>\n<td width=\"112\"><\/td>\n<\/tr>\n<tr>\n<td width=\"188\">Sare<\/td>\n<td width=\"96\">0 g<\/td>\n<td width=\"112\">%VNR<\/td>\n<\/tr>\n<tr>\n<td width=\"188\">Kalzium<\/td>\n<td width=\"96\">24,0 mg<\/td>\n<td width=\"112\">3% (18%*)<\/td>\n<\/tr>\n<tr>\n<td width=\"188\">Vitamin D<\/td>\n<td width=\"96\">0,75 \u03bcg<\/td>\n<td width=\"112\">15% (90%*)<\/td>\n<\/tr>\n<tr>\n<td width=\"188\">Niacin<\/td>\n<td width=\"96\">2,4 mg<\/td>\n<td width=\"112\">15% (90%*)<\/td>\n<\/tr>\n<tr>\n<td width=\"188\">Pantothens\u00e4ure<\/td>\n<td width=\"96\">0,90 mg<\/td>\n<td width=\"112\">15% (90%*)<\/td>\n<\/tr>\n<tr>\n<td width=\"188\">Vitamin B6<\/td>\n<td width=\"96\">0,21 mg<\/td>\n<td width=\"112\">15% (90%*)<\/td>\n<\/tr>\n<tr>\n<td width=\"188\">Thiamin<\/td>\n<td width=\"96\">0,17 mg<\/td>\n<td width=\"112\">15% (93%*)<\/td>\n<\/tr>\n<tr>\n<td width=\"188\">Fols\u00e4ure<\/td>\n<td width=\"96\">30,0 \u03bcg<\/td>\n<td width=\"112\">15% (90%*)<\/td>\n<\/tr>\n<tr>\n<td width=\"188\">Vitamin B12<\/td>\n<td width=\"96\">0,38 \u03bcg<\/td>\n<td width=\"112\">15% (91%*)<\/td>\n<\/tr>\n<tr>\n<td colspan=\"3\">%VNR = % des N\u00e4hrstoffreferenzwerts<\/td>\n<\/tr>\n<tr>\n<td colspan=\"3\">*%VNR \/ Portion = 600 ml . Paket enth\u00e4lt 1 Portion<\/td>\n<\/tr>\n<\/tbody>\n<\/table>\n<div class=\"wrapper-table-responsive m-t-3\"><\/div>","protected":false},"excerpt":{"rendered":"<p>Bucura-te de acest produs ca parte a unui stil de viata sanatos si a unei alimentatii echilibrate. Merlin&#8217;s iti aduce nutrienti zilnici sub forma unei bauturi racoritoare. Calciul este necesar pentru mentinerea sanatatii sistemului osos, pentru mentinerea sanatatii dintilor, contribuie la o neurotransmisie normala. la coagularea normala a sangelui si la metabolismul energetic normal. Vitaminizeaza-te! [&#8230;]\n","protected":false},"featured_media":23817,"comment_status":"open","ping_status":"closed","template":"","meta":{"_acf_changed":false,"_seopress_robots_primary_cat":"none","_seopress_titles_title":"","_seopress_titles_desc":"","_seopress_robots_index":""},"product_brand":[1927],"product_cat":[1354],"giftcard-category":[],"class_list":{"0":"post-23765","1":"product","2":"type-product","3":"status-publish","4":"has-post-thumbnail","6":"product_brand-vitamin-aqua","7":"product_cat-apa-plata-apa-minerala-sucuri","9":"first","10":"instock","11":"taxable","12":"shipping-taxable","13":"purchasable","14":"product-type-simple"},"acf":[],"_links":{"self":[{"href":"https:\/\/totalblue.ro\/de\/wp-json\/wp\/v2\/product\/23765","targetHints":{"allow":["GET"]}}],"collection":[{"href":"https:\/\/totalblue.ro\/de\/wp-json\/wp\/v2\/product"}],"about":[{"href":"https:\/\/totalblue.ro\/de\/wp-json\/wp\/v2\/types\/product"}],"replies":[{"embeddable":true,"href":"https:\/\/totalblue.ro\/de\/wp-json\/wp\/v2\/comments?post=23765"}],"wp:featuredmedia":[{"embeddable":true,"href":"https:\/\/totalblue.ro\/de\/wp-json\/wp\/v2\/media\/23817"}],"wp:attachment":[{"href":"https:\/\/totalblue.ro\/de\/wp-json\/wp\/v2\/media?parent=23765"}],"wp:term":[{"taxonomy":"product_brand","embeddable":true,"href":"https:\/\/totalblue.ro\/de\/wp-json\/wp\/v2\/product_brand?post=23765"},{"taxonomy":"product_cat","embeddable":true,"href":"https:\/\/totalblue.ro\/de\/wp-json\/wp\/v2\/product_cat?post=23765"},{"taxonomy":"giftcard-category","embeddable":true,"href":"https:\/\/totalblue.ro\/de\/wp-json\/wp\/v2\/giftcard-category?post=23765"}],"curies":[{"name":"wp","href":"https:\/\/api.w.org\/{rel}","templated":true}]}}