{"id":23770,"date":"2020-07-30T01:24:51","date_gmt":"2020-07-29T22:24:51","guid":{"rendered":"https:\/\/totalorange.ro\/produs\/import-placeholder-for-26090\/"},"modified":"2026-03-27T10:39:54","modified_gmt":"2026-03-27T08:39:54","slug":"vitamin-aqua-c-immunity-fructul-pasiunii-600ml","status":"publish","type":"product","link":"https:\/\/totalblue.ro\/de\/produs\/vitamin-aqua-c-immunity-fructul-pasiunii-600ml\/","title":{"rendered":"Vitamin Aqua C+ Immunit\u00e4t Maracuja 600ml"},"content":{"rendered":"<p>Bucura-te de acest produs ca parte a unui stil de viata sanatos si a unei alimentatii echilibrate. Merlin&#8217;s iti aduce nutrientii zilnici sub forma unei bauturi racoritoare. Vitamina C contribuie la functionarea normala a sistemului imunitar, la protejarea celulelor importiva stresului oxidativ, la metabolismul energetic normal, la mentinerea sanatatii psihice si reducerea oboselii si extenuarii.<br \/>\n<strong>Vitaminisieren Sie sich!<\/strong><br \/>\nUnges\u00fc\u00dftes Erfrischungsgetr\u00e4nk mit Zitronen- und Litschi-Geschmack mit Zusatz von Vitaminen, Zucker und S\u00fc\u00dfstoff.<br \/>\nKalorienarmes, mit Stevia ges\u00fc\u00dftes Produkt ohne Konservierungsstoffe.<br \/>\nAlkoholgehalt: 0%<\/p>\n<p><strong>INGREDIENT<\/strong><br \/>\nApa, zahar, acidifiant: acid citric, aroma naturala, stabilizator: guma arabica, indulcitor: glicozide derivate din steviol, colorant: beta-apo-8-carotenal, vitamine: vitamina C, niacina, acid pantotenic, vitamina B6, tiamina, acid folic, biotina si vitamina B12.<\/p>\n<p>An einem trockenen, k\u00fchlen Ort ohne direkte Sonneneinstrahlung aufbewahren.<br \/>\nVorzugsweise vor dem auf der Verpackung angegebenen Datum zu verzehren.<\/p>\n<table width=\"396\">\n<tbody>\n<tr>\n<td colspan=\"3\" width=\"396\">N\u00e4hrwertangaben f\u00fcr 100 ml Erfrischungsgetr\u00e4nk<\/td>\n<\/tr>\n<tr>\n<td width=\"188\"><\/td>\n<td width=\"96\"><\/td>\n<td width=\"112\"><\/td>\n<\/tr>\n<tr>\n<td width=\"188\">Energiewert<\/td>\n<td width=\"96\">75 kJ\/18kcal<\/td>\n<td width=\"112\"><\/td>\n<\/tr>\n<tr>\n<td width=\"188\">Fette<\/td>\n<td width=\"96\">0 g<\/td>\n<td width=\"112\"><\/td>\n<\/tr>\n<tr>\n<td width=\"188\">davon ges\u00e4ttigte Fetts\u00e4uren<\/td>\n<td width=\"96\">0 g<\/td>\n<td width=\"112\"><\/td>\n<\/tr>\n<tr>\n<td width=\"188\">Kohlenhydrate<\/td>\n<td width=\"96\">4.2 g<\/td>\n<td width=\"112\"><\/td>\n<\/tr>\n<tr>\n<td width=\"188\">davon Zucker<\/td>\n<td width=\"96\">4.2 g<\/td>\n<td width=\"112\"><\/td>\n<\/tr>\n<tr>\n<td width=\"188\">Eiwei\u00df<\/td>\n<td width=\"96\">0 g<\/td>\n<td width=\"112\"><\/td>\n<\/tr>\n<tr>\n<td width=\"188\">Sare<\/td>\n<td width=\"96\">0 g<\/td>\n<td width=\"112\">%VNR<\/td>\n<\/tr>\n<tr>\n<td width=\"188\">Vitamina C<\/td>\n<td width=\"96\">52.0 mg<\/td>\n<td width=\"112\">65% (390%*)<\/td>\n<\/tr>\n<tr>\n<td width=\"188\">Niacin<\/td>\n<td width=\"96\">2,4 mg<\/td>\n<td width=\"112\">15% (90%*)<\/td>\n<\/tr>\n<tr>\n<td width=\"188\">Pantothens\u00e4ure<\/td>\n<td width=\"96\">1.8 mg<\/td>\n<td width=\"112\">30% (180%*)<\/td>\n<\/tr>\n<tr>\n<td width=\"188\">Biotina<\/td>\n<td width=\"96\">7.5 \u03bcg<\/td>\n<td width=\"112\">15% (90%*)<\/td>\n<\/tr>\n<tr>\n<td width=\"188\">Vitamin B6<\/td>\n<td width=\"96\">0.42 mg<\/td>\n<td width=\"112\">30% (180%*)<\/td>\n<\/tr>\n<tr>\n<td width=\"188\">Thiamin<\/td>\n<td width=\"96\">0.11 mg<\/td>\n<td width=\"112\">15% (93%*)<\/td>\n<\/tr>\n<tr>\n<td width=\"188\">Fols\u00e4ure<\/td>\n<td width=\"96\">30,0 \u03bcg<\/td>\n<td width=\"112\">15% (90%*)<\/td>\n<\/tr>\n<tr>\n<td width=\"188\">Vitamin B12<\/td>\n<td width=\"96\">0,75 \u03bcg<\/td>\n<td width=\"112\">30% (182%*)<\/td>\n<\/tr>\n<tr>\n<td colspan=\"3\">%VNR = % des N\u00e4hrstoffreferenzwerts<\/td>\n<\/tr>\n<tr>\n<td colspan=\"3\">*%VNR \/ Portion = 600 ml . Paket enth\u00e4lt 1 Portion<\/td>\n<\/tr>\n<\/tbody>\n<\/table>\n<div class=\"wrapper-table-responsive m-t-3\"><\/div>","protected":false},"excerpt":{"rendered":"<p>Bucura-te de acest produs ca parte a unui stil de viata sanatos si a unei alimentatii echilibrate. Merlin&#8217;s iti aduce nutrientii zilnici sub forma unei bauturi racoritoare. Vitamina C contribuie la functionarea normala a sistemului imunitar, la protejarea celulelor importiva stresului oxidativ, la metabolismul energetic normal, la mentinerea sanatatii psihice si reducerea oboselii si extenuarii. [&#8230;]\n","protected":false},"featured_media":23818,"comment_status":"open","ping_status":"closed","template":"","meta":{"_acf_changed":false,"_seopress_robots_primary_cat":"none","_seopress_titles_title":"","_seopress_titles_desc":"","_seopress_robots_index":""},"product_brand":[1927],"product_cat":[1354],"giftcard-category":[],"class_list":{"0":"post-23770","1":"product","2":"type-product","3":"status-publish","4":"has-post-thumbnail","6":"product_brand-vitamin-aqua","7":"product_cat-apa-plata-apa-minerala-sucuri","9":"first","10":"instock","11":"taxable","12":"shipping-taxable","13":"purchasable","14":"product-type-simple"},"acf":[],"_links":{"self":[{"href":"https:\/\/totalblue.ro\/de\/wp-json\/wp\/v2\/product\/23770","targetHints":{"allow":["GET"]}}],"collection":[{"href":"https:\/\/totalblue.ro\/de\/wp-json\/wp\/v2\/product"}],"about":[{"href":"https:\/\/totalblue.ro\/de\/wp-json\/wp\/v2\/types\/product"}],"replies":[{"embeddable":true,"href":"https:\/\/totalblue.ro\/de\/wp-json\/wp\/v2\/comments?post=23770"}],"wp:featuredmedia":[{"embeddable":true,"href":"https:\/\/totalblue.ro\/de\/wp-json\/wp\/v2\/media\/23818"}],"wp:attachment":[{"href":"https:\/\/totalblue.ro\/de\/wp-json\/wp\/v2\/media?parent=23770"}],"wp:term":[{"taxonomy":"product_brand","embeddable":true,"href":"https:\/\/totalblue.ro\/de\/wp-json\/wp\/v2\/product_brand?post=23770"},{"taxonomy":"product_cat","embeddable":true,"href":"https:\/\/totalblue.ro\/de\/wp-json\/wp\/v2\/product_cat?post=23770"},{"taxonomy":"giftcard-category","embeddable":true,"href":"https:\/\/totalblue.ro\/de\/wp-json\/wp\/v2\/giftcard-category?post=23770"}],"curies":[{"name":"wp","href":"https:\/\/api.w.org\/{rel}","templated":true}]}}