{"id":237754,"date":"2025-08-18T09:55:48","date_gmt":"2025-08-18T06:55:48","guid":{"rendered":"https:\/\/totalblue.ro\/?post_type=product&#038;p=237754"},"modified":"2025-10-30T14:58:34","modified_gmt":"2025-10-30T12:58:34","slug":"maggi-magic-asia-asia-saucy-noodles-red-curry-75g","status":"publish","type":"product","link":"https:\/\/totalblue.ro\/de\/produs\/maggi-magic-asia-saucy-noodles-red-curry-75g\/","title":{"rendered":"Maggi Magic Asia Saucy Noodles Rotes Curry, 75g"},"content":{"rendered":"<p>Warum asiatisches Fast Food bestellen? F\u00fcr asiatische Nudeln brauchen Sie nur etwas kochendes Wasser, eine Gabel oder St\u00e4bchen und ein Glas Maggi Asia Saucy Noodles. Der handliche Becher liefert eine k\u00f6stliche Portion Nudeln und ist perfekt f\u00fcr unterwegs oder f\u00fcr die schnelle Zubereitung beim Entspannen auf dem Sofa oder beim Camping. Genie\u00dfen Sie.<br \/>\nAufbewahrung\/Verwendung: Trocken und k\u00fchl lagern.<br \/>\n<strong>Vorbereitung:<\/strong> Hei\u00dfes Wasser bis zur Linie in die Nudeltasse gie\u00dfen und 1 Minute warten. Mit einer Gabel gut umr\u00fchren und 4 Minuten warten. Jetzt ist es fertig. Guten Appetit!<br \/>\nZutaten: 73,3% Nudeln (Weizenmehl, Sonnenblumen\u00f6l, Weizengluten, Salz, S\u00e4ureregulator Kaliumcarbonat, Stabilisator Polyphosphate), St\u00e4rke, Gew\u00fcrze (Zwiebel, Paprika, Chili, Ingwer, Ingwer, Koriander, Pfeffer), Zucker, Aromen (mit Weizen), Salz, 0,3% Lauch, 0,3% 1% Curry (Kurkuma, Koriander, Kreuzk\u00fcmmel, Fenchel, Bockshornklee, Ingwer, Pfeffer, Salz, Zimt, Anis, Kardamom, Knoblauch), Sojaso\u00dfenpulver (Soja, Weizen, Salz), Sonnenblumen\u00f6l, Milcheiwei\u00df, Hefeextrakt, Glukosesirup, Maltose, Palmfett, Paprikaextrakt. Kann Sellerie, Eier, Senf und Sesam enthalten.<br \/>\nN\u00e4hrwertangaben \/ 100 g:<br \/>\nEnergie 1961 kJ (468 kcal)<br \/>\nFett 21 g, davon ges\u00e4ttigt 2,1 g<br \/>\nKohlenhydrate 58,7 g, davon Zucker 4,8 g<br \/>\nBallaststoffe 3,4 g<br \/>\nEiwei\u00df 9,2 g<br \/>\nSalz 3,2 g<\/p>\n<p>Hersteller: Maggi GmbH, Julius-B\u00fchrer-Stra\u00dfe 8, 78224 Singen (Hohentwiel)<br \/>\nImporteur : Total Blue Impex SRL<\/p>","protected":false},"excerpt":{"rendered":"<p>De ce sa comanzi la fast food-ul cu specific asiatic? Acum pentru taiteii asiatici, tot ce aveti nevoie este de putina apa clocotita, o furculita sau betisoare si un pahar de Maggi Asia Saucy Noodles. Paharul practic iti ofera o portie delicioasa de taitei, si sunt perfecti pentru calatorii, cand esti in miscare, sau gatit [&#8230;]\n","protected":false},"featured_media":237755,"comment_status":"open","ping_status":"closed","template":"","meta":{"_acf_changed":false,"_seopress_robots_primary_cat":"1950","_seopress_titles_title":"","_seopress_titles_desc":"","_seopress_robots_index":""},"product_brand":[1869],"product_cat":[1555,1683,3372,3272,17494,21594,3428,3328,1950,1767,1954],"giftcard-category":[],"class_list":{"0":"post-237754","1":"product","2":"type-product","3":"status-publish","4":"has-post-thumbnail","6":"product_brand-maggi","7":"product_cat-bacanie","8":"product_cat-conserve-mancare-gatita","9":"product_cat-conserve-produse-germania","10":"product_cat-conserve","11":"product_cat-influente-asiatice","12":"product_cat-noodles-supe-instant","13":"product_cat-paste-orez-ulei-otet-produse-germania","14":"product_cat-paste-orez-ulei-otet","15":"product_cat-produse-germania","16":"product_cat-produse-olanda","17":"product_cat-semipreparate","19":"first","20":"outofstock","21":"taxable","22":"shipping-taxable","23":"purchasable","24":"product-type-simple"},"acf":[],"_links":{"self":[{"href":"https:\/\/totalblue.ro\/de\/wp-json\/wp\/v2\/product\/237754","targetHints":{"allow":["GET"]}}],"collection":[{"href":"https:\/\/totalblue.ro\/de\/wp-json\/wp\/v2\/product"}],"about":[{"href":"https:\/\/totalblue.ro\/de\/wp-json\/wp\/v2\/types\/product"}],"replies":[{"embeddable":true,"href":"https:\/\/totalblue.ro\/de\/wp-json\/wp\/v2\/comments?post=237754"}],"wp:featuredmedia":[{"embeddable":true,"href":"https:\/\/totalblue.ro\/de\/wp-json\/wp\/v2\/media\/237755"}],"wp:attachment":[{"href":"https:\/\/totalblue.ro\/de\/wp-json\/wp\/v2\/media?parent=237754"}],"wp:term":[{"taxonomy":"product_brand","embeddable":true,"href":"https:\/\/totalblue.ro\/de\/wp-json\/wp\/v2\/product_brand?post=237754"},{"taxonomy":"product_cat","embeddable":true,"href":"https:\/\/totalblue.ro\/de\/wp-json\/wp\/v2\/product_cat?post=237754"},{"taxonomy":"giftcard-category","embeddable":true,"href":"https:\/\/totalblue.ro\/de\/wp-json\/wp\/v2\/giftcard-category?post=237754"}],"curies":[{"name":"wp","href":"https:\/\/api.w.org\/{rel}","templated":true}]}}