{"id":23781,"date":"2020-07-30T01:25:16","date_gmt":"2020-07-29T22:25:16","guid":{"rendered":"https:\/\/totalorange.ro\/produs\/import-placeholder-for-26155\/"},"modified":"2025-08-05T14:29:15","modified_gmt":"2025-08-05T11:29:15","slug":"weiser-kristallzucker-1-kg","status":"publish","type":"product","link":"https:\/\/totalblue.ro\/de\/produs\/zahar-cristal-alb-coronita-1-kg\/","title":{"rendered":"Coronita wei\u00dfer Kristallzucker 1 kg"},"content":{"rendered":"<p>Wir wissen, dass Sie den s\u00fc\u00dfen Geschmack lieben und dass wei\u00dfer Zucker ein Muss in Ihrem Haushalt ist. Egal, ob Sie gerne Kuchen, Torten, Kekse oder Calis backen oder einfach nur Zucker zum S\u00fc\u00dfen von Kaffee und Tee brauchen, Coronita White Crystal Sugar ist der Zucker f\u00fcr Ihre Familie.<br \/>\nBestellen Sie online den 1 kg-Sack Coronita-Zucker zu einem hervorragenden Preis-Leistungs-Verh\u00e4ltnis.<br \/>\nCoronita White Crystal Sugar vers\u00fc\u00dft Ihnen jeden Tag und steht Ihnen zur Seite, wenn Sie Ihre Familie mit einem k\u00f6stlichen Gericht \u00fcberraschen wollen.<br \/>\nMarke: Coronita<br \/>\nMenge: 1 kg<\/p>\n<p><strong>Ern\u00e4hrung<\/strong><\/p>\n<table border=\"0\" cellspacing=\"0\" cellpadding=\"0\">\n<colgroup>\n<col width=\"184\" \/>\n<col width=\"154\" \/> <\/colgroup>\n<tbody>\n<tr>\n<td class=\"xl65\" width=\"184\" height=\"20\">N\u00e4hrwert<\/td>\n<td class=\"xl65\" width=\"154\">100 Gramm<\/td>\n<\/tr>\n<tr>\n<td class=\"xl66\" width=\"184\" height=\"20\">Energiewert<\/td>\n<td class=\"xl66\" width=\"154\">400 kcal \/ 100 g<\/td>\n<\/tr>\n<tr>\n<td class=\"xl66\" width=\"184\" height=\"20\">Kohlenhydrate<\/td>\n<td class=\"xl66\" width=\"154\">100 g<\/td>\n<\/tr>\n<tr>\n<td class=\"xl66\" width=\"184\" height=\"20\">Eiwei\u00df<\/td>\n<td class=\"xl66\" width=\"154\">0 g \/ 100 g<\/td>\n<\/tr>\n<tr>\n<td class=\"xl66\" width=\"184\" height=\"20\">Lipid<\/td>\n<td class=\"xl66\" width=\"154\">0 g \/ 100 g<\/td>\n<\/tr>\n<\/tbody>\n<\/table>\n<p>Es wird empfohlen, es an einem trockenen Ort mit einer relativen Luftfeuchtigkeit von maximal 70% zu lagern.<\/p>\n<p>&nbsp;<\/p>\n<div class=\"wrapper-table-responsive m-t-3\">\n<table class=\"table table-striped table-bordered table-responsive TableResponsive responsive\">\n<thead>\n<tr>\n<th><\/th>\n<th><\/th>\n<\/tr>\n<\/thead>\n<tbody>\n<tr>\n<td><\/td>\n<td><\/td>\n<\/tr>\n<tr>\n<td><\/td>\n<td><\/td>\n<\/tr>\n<tr>\n<td><\/td>\n<td><\/td>\n<\/tr>\n<tr>\n<td><\/td>\n<td><\/td>\n<\/tr>\n<tr>\n<td><\/td>\n<td><\/td>\n<\/tr>\n<\/tbody>\n<\/table>\n<\/div>","protected":false},"excerpt":{"rendered":"<p>Stim ca adori gustul dulce si ca zaharul alb nu poate sa-ti lipseasca din casa. Fie ca adori sa prepari acasa prajituri, placinte, fursecuri sau calite, fie ca ai nevoie de zahar doar pentru a-ti indulci cafeaua si ceaiul, zaharul Cristal alb Coronita este zaharul familiei tale. Comanda online punga de 1 kg de zahar [&#8230;]\n","protected":false},"featured_media":23825,"comment_status":"open","ping_status":"closed","template":"","meta":{"_acf_changed":false,"_seopress_robots_primary_cat":"none","_seopress_titles_title":"","_seopress_titles_desc":"","_seopress_robots_index":""},"product_brand":[1818],"product_cat":[1555,1362],"giftcard-category":[],"class_list":{"0":"post-23781","1":"product","2":"type-product","3":"status-publish","4":"has-post-thumbnail","6":"product_brand-coronita","7":"product_cat-bacanie","8":"product_cat-ulei-orez-faina-zahar","10":"first","11":"outofstock","12":"taxable","13":"shipping-taxable","14":"purchasable","15":"product-type-simple"},"acf":[],"_links":{"self":[{"href":"https:\/\/totalblue.ro\/de\/wp-json\/wp\/v2\/product\/23781","targetHints":{"allow":["GET"]}}],"collection":[{"href":"https:\/\/totalblue.ro\/de\/wp-json\/wp\/v2\/product"}],"about":[{"href":"https:\/\/totalblue.ro\/de\/wp-json\/wp\/v2\/types\/product"}],"replies":[{"embeddable":true,"href":"https:\/\/totalblue.ro\/de\/wp-json\/wp\/v2\/comments?post=23781"}],"wp:featuredmedia":[{"embeddable":true,"href":"https:\/\/totalblue.ro\/de\/wp-json\/wp\/v2\/media\/23825"}],"wp:attachment":[{"href":"https:\/\/totalblue.ro\/de\/wp-json\/wp\/v2\/media?parent=23781"}],"wp:term":[{"taxonomy":"product_brand","embeddable":true,"href":"https:\/\/totalblue.ro\/de\/wp-json\/wp\/v2\/product_brand?post=23781"},{"taxonomy":"product_cat","embeddable":true,"href":"https:\/\/totalblue.ro\/de\/wp-json\/wp\/v2\/product_cat?post=23781"},{"taxonomy":"giftcard-category","embeddable":true,"href":"https:\/\/totalblue.ro\/de\/wp-json\/wp\/v2\/giftcard-category?post=23781"}],"curies":[{"name":"wp","href":"https:\/\/api.w.org\/{rel}","templated":true}]}}