{"id":23974,"date":"2020-08-04T15:52:25","date_gmt":"2020-08-04T12:52:25","guid":{"rendered":"https:\/\/totalorange.ro\/?post_type=product&#038;p=23974"},"modified":"2026-04-01T09:00:08","modified_gmt":"2026-04-01T06:00:08","slug":"kuhne-cremiger-senf-krauter-250","status":"publish","type":"product","link":"https:\/\/totalblue.ro\/de\/produs\/kuhne-mustar-cremos-ierburi-250\/","title":{"rendered":"Kuhne Cremiger Senf mit Gr\u00fcnzeug, 250ml, Deutschland"},"content":{"rendered":"<div id=\"tab-description\" class=\"woocommerce-Tabs-panel woocommerce-Tabs-panel--description panel entry-content active\" role=\"tabpanel\" aria-labelledby=\"tab-title-description\">Unser Kr\u00e4utersenf ist eine mild-scharfe Senfspezialit\u00e4t, die ihren einzigartigen Geschmack durch die Zugabe verschiedenster Kr\u00e4uter erh\u00e4lt und sich durch eine besonders cremige Konsistenz auszeichnet. Ideal als Brotaufstrich, schmeckt aber auch hervorragend zu Fischsaucen, Br\u00f6tchen und Gefl\u00fcgel.<br \/>\nZutaten: Wasser, Senfk\u00f6rner, Branntweinessig, Wei\u00dfweinessig, Salz, Zucker, Kr\u00e4uter (3%) (Dill, Petersilie, Oregano, Thymian, Majoran), Gew\u00fcrze, nat\u00fcrliche pflanzliche Aromen<br \/>\nAllergene enthaltende Zutaten<br \/>\nSenfsaat<br \/>\nN\u00e4hrwertangaben pro 100 ml<br \/>\nEnergie 433 kJ \/ 104 kcal<br \/>\nFett insgesamt 5,4 g, davon ges\u00e4ttigte Fetts\u00e4uren 0,3 g<br \/>\nKohlenhydrate 4,2 g, davon Zucker 3,4 g<br \/>\nBallaststoffe 4 g<br \/>\nEiwei\u00df 6,1 g<br \/>\nSalz 2,7 g<br \/>\n\u200b<\/div>","protected":false},"excerpt":{"rendered":"<p>Mustarul nostru din plante este o specialitate de mustar usor picant, care isi obtine gustul unic din adaugarea unei varietati mari de ierburi si se caracterizeaza printr-o consistenta deosebit de cremoasa. Ideal ca tartinat, dar are un gust bun si cu sosuri de peste, chifle, rulade si carne de pasare. Ingrediente : Apa, seminte de [&#8230;]\n","protected":false},"featured_media":132813,"comment_status":"open","ping_status":"closed","template":"","meta":{"_acf_changed":false,"_seopress_robots_primary_cat":"none","_seopress_titles_title":"","_seopress_titles_desc":"","_seopress_robots_index":""},"product_brand":[2002],"product_cat":[1555,1451,3380,22076,22088,21826,1950,21880,22064],"giftcard-category":[],"class_list":{"0":"post-23974","1":"product","2":"type-product","3":"status-publish","4":"has-post-thumbnail","6":"product_brand-kuhne","7":"product_cat-bacanie","8":"product_cat-condimente-produse-instant","9":"product_cat-condimente-sosuri-produse-germania","10":"product_cat-fara-gluten","11":"product_cat-fara-lactoza","12":"product_cat-produse-bio-dietetice","13":"product_cat-produse-germania","14":"product_cat-vegan","15":"product_cat-vegetarian","17":"first","18":"instock","19":"taxable","20":"shipping-taxable","21":"purchasable","22":"product-type-simple"},"acf":[],"_links":{"self":[{"href":"https:\/\/totalblue.ro\/de\/wp-json\/wp\/v2\/product\/23974","targetHints":{"allow":["GET"]}}],"collection":[{"href":"https:\/\/totalblue.ro\/de\/wp-json\/wp\/v2\/product"}],"about":[{"href":"https:\/\/totalblue.ro\/de\/wp-json\/wp\/v2\/types\/product"}],"replies":[{"embeddable":true,"href":"https:\/\/totalblue.ro\/de\/wp-json\/wp\/v2\/comments?post=23974"}],"wp:featuredmedia":[{"embeddable":true,"href":"https:\/\/totalblue.ro\/de\/wp-json\/wp\/v2\/media\/132813"}],"wp:attachment":[{"href":"https:\/\/totalblue.ro\/de\/wp-json\/wp\/v2\/media?parent=23974"}],"wp:term":[{"taxonomy":"product_brand","embeddable":true,"href":"https:\/\/totalblue.ro\/de\/wp-json\/wp\/v2\/product_brand?post=23974"},{"taxonomy":"product_cat","embeddable":true,"href":"https:\/\/totalblue.ro\/de\/wp-json\/wp\/v2\/product_cat?post=23974"},{"taxonomy":"giftcard-category","embeddable":true,"href":"https:\/\/totalblue.ro\/de\/wp-json\/wp\/v2\/giftcard-category?post=23974"}],"curies":[{"name":"wp","href":"https:\/\/api.w.org\/{rel}","templated":true}]}}