{"id":24100,"date":"2020-08-10T14:31:45","date_gmt":"2020-08-10T11:31:45","guid":{"rendered":"https:\/\/totalorange.ro\/?post_type=product&#038;p=24100"},"modified":"2025-08-06T13:41:50","modified_gmt":"2025-08-06T10:41:50","slug":"knorr-fix-kebab-deutschland","status":"publish","type":"product","link":"https:\/\/totalblue.ro\/de\/produs\/knorr-fix-kebab-germania\/","title":{"rendered":"Knorr Fix Kebab Gew\u00fcrz 30 g"},"content":{"rendered":"<p>Orientalische Versuchung: Der Knorr Spicy and Crispy Kebab ist eine perfekt abgestimmte Mischung aus Kr\u00e4utern und Gew\u00fcrzen mit leckeren, nachhaltig angebauten Zwiebeln, die geschickt mit Gew\u00fcrzen und Kr\u00e4utern kombiniert und erg\u00e4nzt werden.<br \/>\nZutaten: 41% Zwiebel\u00b2 (Pulver, St\u00fccke), Speisesalz, 9,3% Paprika, Palm\u00f6l, 4,8% Knoblauch\u00b2, 4,5% Pfeffer, 3,8% Oregano\u00b2, Hefeextrakt, Zucker, Koriander, Senfpulver (Maltodextrin, modifizierte St\u00e4rke, SENFSAATEN, Speisesalz, Kurkuma, nat\u00fcrliches Aroma, Branntweinessig), Rosmarin\u00b2, St\u00e4rke, Laktose, LETTUCE, LETTUCEPROTEIN, Cayennepfeffer. Kann Ei, Sellerie, Soja und glutenhaltiges Getreide enthalten. \u00b2 aus nachhaltigem Anbau.<br \/>\nAllergene: Enth\u00e4lt Milch und Senf. Kann Gluten, Ei, Soja und Sellerie enthalten.<br \/>\nN\u00e4hrwertangaben zubereitet pro 100 g<br \/>\nN\u00e4hrwertangaben \/ 100 g:<br \/>\nEnergie 432 kJ \/ 103 kcal<br \/>\nFett 1,6 g, davon ges\u00e4ttigte Fetts\u00e4uren 0,3 g<br \/>\nKohlenhydrate 13 g, davon Zucker 1,6 g<br \/>\nBallaststoffe 1,7 g<br \/>\nEiwei\u00df 8,2 g<br \/>\nSalz 0,62<\/p>","protected":false},"excerpt":{"rendered":"<p>Tentatia orientala: Knorr Kebab picant si crocant este un amestec perfect echilibrat de ierburi si condimente cu ceapa delicioasa, cultivata in mod sustenabil, combinata inteligent si completata cu condimente si ierburi. Ingrediente: 41% ceapa\u00b2 (pulbere, bucati), sare de masa, 9,3% boia de ardei, ulei de palmier, 4,8% usturoi\u00b2, 4,5% piper, 3,8% oregano\u00b2, extract de drojdie, [&#8230;]\n","protected":false},"featured_media":137333,"comment_status":"open","ping_status":"closed","template":"","meta":{"_acf_changed":false,"_seopress_robots_primary_cat":"1451","_seopress_titles_title":"","_seopress_titles_desc":"","_seopress_robots_index":""},"product_brand":[1870],"product_cat":[1555,3380,1451,1950],"giftcard-category":[],"class_list":{"0":"post-24100","1":"product","2":"type-product","3":"status-publish","4":"has-post-thumbnail","6":"product_brand-knorr","7":"product_cat-bacanie","8":"product_cat-condimente-sosuri-produse-germania","9":"product_cat-condimente-produse-instant","10":"product_cat-produse-germania","12":"first","13":"outofstock","14":"taxable","15":"shipping-taxable","16":"purchasable","17":"product-type-simple"},"acf":[],"_links":{"self":[{"href":"https:\/\/totalblue.ro\/de\/wp-json\/wp\/v2\/product\/24100","targetHints":{"allow":["GET"]}}],"collection":[{"href":"https:\/\/totalblue.ro\/de\/wp-json\/wp\/v2\/product"}],"about":[{"href":"https:\/\/totalblue.ro\/de\/wp-json\/wp\/v2\/types\/product"}],"replies":[{"embeddable":true,"href":"https:\/\/totalblue.ro\/de\/wp-json\/wp\/v2\/comments?post=24100"}],"wp:featuredmedia":[{"embeddable":true,"href":"https:\/\/totalblue.ro\/de\/wp-json\/wp\/v2\/media\/137333"}],"wp:attachment":[{"href":"https:\/\/totalblue.ro\/de\/wp-json\/wp\/v2\/media?parent=24100"}],"wp:term":[{"taxonomy":"product_brand","embeddable":true,"href":"https:\/\/totalblue.ro\/de\/wp-json\/wp\/v2\/product_brand?post=24100"},{"taxonomy":"product_cat","embeddable":true,"href":"https:\/\/totalblue.ro\/de\/wp-json\/wp\/v2\/product_cat?post=24100"},{"taxonomy":"giftcard-category","embeddable":true,"href":"https:\/\/totalblue.ro\/de\/wp-json\/wp\/v2\/giftcard-category?post=24100"}],"curies":[{"name":"wp","href":"https:\/\/api.w.org\/{rel}","templated":true}]}}