{"id":24103,"date":"2020-08-10T14:49:34","date_gmt":"2020-08-10T11:49:34","guid":{"rendered":"https:\/\/totalorange.ro\/?post_type=product&#038;p=24103"},"modified":"2025-08-07T16:17:30","modified_gmt":"2025-08-07T13:17:30","slug":"gemusespeisebasis-mit-gemuse-original-vegeta-original-250g50g","status":"publish","type":"product","link":"https:\/\/totalblue.ro\/de\/produs\/baza-pentru-mancare-cu-legume-vegeta-original-250g50g\/","title":{"rendered":"Pflanzliche Grundnahrung Vegeta Original 250g+50g"},"content":{"rendered":"<p>Gem\u00fcse Gem\u00fcse 250g+20120% ( 50g ) Lebensmittelgrundlage f\u00fcr die Zubereitung schmackhafter Gerichte. Seit Jahrzehnten ist die Kombination von Gew\u00fcrzen und getrocknetem Gem\u00fcse die Hauptinspirationsquelle in den K\u00fcchen der Welt. Sie k\u00f6nnen damit Fleisch, Gem\u00fcse, Steaks, einfache Gerichte oder kulinarische K\u00f6stlichkeiten zubereiten.<br \/>\nMarke: VEGETA<br \/>\nMenge: 300 Gramm.<br \/>\n<strong>Inhaltsstoff:<\/strong><br \/>\nKochsalz maximal 58%, getrocknetes Gem\u00fcse 15,5% (Karotte, Pastinake, Pastinake, Kartoffel, Zwiebel, TELINA, Petersilienbl\u00e4tter), Geschmacksverst\u00e4rker (Natriummonoglutamat, Dinatriuminosinat), Zucker, Gew\u00fcrze, Maisst\u00e4rke, Farbstoff (Riboflavin).<br \/>\n<strong>Allergene:<\/strong><br \/>\nEnth\u00e4lt Staudensellerie.<br \/>\n<strong>Einzelheiten der Nutzung:<\/strong><br \/>\nAn einem trockenen, k\u00fchlen Ort ohne direkte Sonneneinstrahlung aufbewahren.<br \/>\nF\u00fcr eine Portion (250 ml) gekochtes oder ged\u00fcnstetes Essen (Suppen, So\u00dfen, Reis, Gem\u00fcse und Fleisch) f\u00fcgen Sie 5 Minuten vor Ende der Garzeit 1 Teel\u00f6ffel (3 g) Vegeta hinzu.<br \/>\nFleisch und Fisch vor dem Kochen mit Vegeta abschmecken.<\/p>\n<p><strong>Ern\u00e4hrung<\/strong><\/p>\n<div class=\"wrapper-table-responsive m-t-3\">\n<table class=\"table table-striped table-bordered table-responsive TableResponsive responsive\">\n<thead>\n<tr>\n<th>Fette<\/th>\n<th>&lt;0,5 g\/100 g<\/th>\n<\/tr>\n<\/thead>\n<tbody>\n<tr>\n<td>Energiewert<\/td>\n<td>164 kcal\/100 G<\/td>\n<\/tr>\n<tr>\n<td>Kohlenhydrate<\/td>\n<td>32 g\/100 g<\/td>\n<\/tr>\n<tr>\n<td>Natrium<\/td>\n<td>56,9 g\/100 g<\/td>\n<\/tr>\n<tr>\n<td>Eiwei\u00df<\/td>\n<td>8,5 g\/100 g<\/td>\n<\/tr>\n<tr>\n<td>Ges\u00e4ttigte Fette<\/td>\n<td>0,2 g\/100 g<\/td>\n<\/tr>\n<\/tbody>\n<\/table>\n<\/div>","protected":false},"excerpt":{"rendered":"<p>Gem\u00fcse Gem\u00fcse Gem\u00fcse Gem\u00fcse 250g+50g Nahrungsmittelbasis f\u00fcr die Zubereitung schmackhafter Gerichte.<br \/>\nSeit Jahrzehnten ist die Kombination von Gew\u00fcrzen und getrocknetem Gem\u00fcse die Hauptinspirationsquelle in den K\u00fcchen der Welt.<\/p>","protected":false},"featured_media":45799,"comment_status":"open","ping_status":"closed","template":"","meta":{"_acf_changed":false,"_seopress_robots_primary_cat":"1451","_seopress_titles_title":"","_seopress_titles_desc":"Vegeta Legume baza pentru mancare folosita pentru a crea feluri de mancare pline de savoare. Livrare gratuita. Livrare rapida Bucuresti.","_seopress_robots_index":""},"product_brand":[1926],"product_cat":[1555,1451],"giftcard-category":[],"class_list":{"0":"post-24103","1":"product","2":"type-product","3":"status-publish","4":"has-post-thumbnail","6":"product_brand-vegeta","7":"product_cat-bacanie","8":"product_cat-condimente-produse-instant","10":"first","11":"outofstock","12":"taxable","13":"shipping-taxable","14":"purchasable","15":"product-type-simple"},"acf":[],"_links":{"self":[{"href":"https:\/\/totalblue.ro\/de\/wp-json\/wp\/v2\/product\/24103","targetHints":{"allow":["GET"]}}],"collection":[{"href":"https:\/\/totalblue.ro\/de\/wp-json\/wp\/v2\/product"}],"about":[{"href":"https:\/\/totalblue.ro\/de\/wp-json\/wp\/v2\/types\/product"}],"replies":[{"embeddable":true,"href":"https:\/\/totalblue.ro\/de\/wp-json\/wp\/v2\/comments?post=24103"}],"wp:featuredmedia":[{"embeddable":true,"href":"https:\/\/totalblue.ro\/de\/wp-json\/wp\/v2\/media\/45799"}],"wp:attachment":[{"href":"https:\/\/totalblue.ro\/de\/wp-json\/wp\/v2\/media?parent=24103"}],"wp:term":[{"taxonomy":"product_brand","embeddable":true,"href":"https:\/\/totalblue.ro\/de\/wp-json\/wp\/v2\/product_brand?post=24103"},{"taxonomy":"product_cat","embeddable":true,"href":"https:\/\/totalblue.ro\/de\/wp-json\/wp\/v2\/product_cat?post=24103"},{"taxonomy":"giftcard-category","embeddable":true,"href":"https:\/\/totalblue.ro\/de\/wp-json\/wp\/v2\/giftcard-category?post=24103"}],"curies":[{"name":"wp","href":"https:\/\/api.w.org\/{rel}","templated":true}]}}