{"id":241648,"date":"2025-10-02T16:16:09","date_gmt":"2025-10-02T13:16:09","guid":{"rendered":"https:\/\/totalblue.ro\/?post_type=product&#038;p=241648"},"modified":"2026-03-27T11:03:34","modified_gmt":"2026-03-27T09:03:34","slug":"indomie-noodles-taitei-instant-cu-pui-75g","status":"publish","type":"product","link":"https:\/\/totalblue.ro\/de\/produs\/indomie-noodles-taitei-instant-cu-pui-75g\/","title":{"rendered":"Indomie Nudeln, Instant Nudeln mit Huhn 75g"},"content":{"rendered":"<p><span class=\"HwtZe\" lang=\"ro\"><span class=\"jCAhz ChMk0b\"><span class=\"ryNqvb\">Inhaltsstoff :<br \/>\n<\/span><\/span><\/span>Taitei: Faina de grau 70%, Ulei de palmier rafinat (Contine antioxidant E310, Sare, Regulatori de aciditate E451, E501, E500, Agent de ingrosare E412, Colorant E101<br \/>\nPlic condimente: Sare, Potentiatori de aroma E621, E627, E631, Zahar, Extract de drojdie, Piper, Pudra de telina, Usturoi, Aroma artificiala de pui 1.0%<br \/>\nUlei : Ulei de palmier rafinat (Contine antioxidant E319), Ceapa, Pudra de chili<br \/>\nN\u00e4hrwertangaben \/ 100 g:<br \/>\nEnergie 1955 kJ \/ 466 kcal<br \/>\nGrasimi 18 g din care acizi saturati 8 g<br \/>\nCarbohidrati 64.1 g din care zaharuri 2.8 g<br \/>\nFibe 2.8 g<br \/>\nProteine \u200b\u200b10.6 g<br \/>\nSalz 4,5 g<\/p>\n<p>Vorbereitung:<br \/>\nGeben Sie den Inhalt des Beutels in einen Teller oder eine Sch\u00fcssel.<br \/>\n400 ml hei\u00dfes Wasser \u00fcber die Nudeln gie\u00dfen und 3 Minuten zugedeckt kochen lassen.<br \/>\nDas \u00fcbersch\u00fcssige Wasser abgie\u00dfen und die Nudeln mit den in der Packung enthaltenen Gew\u00fcrzen mischen.<br \/>\nViel Spa\u00df!<\/p>\n<p>&nbsp;<\/p>","protected":false},"excerpt":{"rendered":"<p>Ingrediente : Taitei: Faina de grau 70%, Ulei de palmier rafinat (Contine antioxidant E310, Sare, Regulatori de aciditate E451, E501, E500, Agent de ingrosare E412, Colorant E101 Plic condimente: Sare, Potentiatori de aroma E621, E627, E631, Zahar, Extract de drojdie, Piper, Pudra de telina, Usturoi, Aroma artificiala de pui 1.0% Ulei : Ulei de palmier [&#8230;]\n","protected":false},"featured_media":241650,"comment_status":"open","ping_status":"closed","template":"","meta":{"_acf_changed":false,"_seopress_robots_primary_cat":"none","_seopress_titles_title":"","_seopress_titles_desc":"","_seopress_robots_index":""},"product_brand":[27329],"product_cat":[1555,1683,17494,21594,1463,3328,1767],"giftcard-category":[],"class_list":{"0":"post-241648","1":"product","2":"type-product","3":"status-publish","4":"has-post-thumbnail","6":"product_brand-indomie","7":"product_cat-bacanie","8":"product_cat-conserve-mancare-gatita","9":"product_cat-influente-asiatice","10":"product_cat-noodles-supe-instant","11":"product_cat-orez","12":"product_cat-paste-orez-ulei-otet","13":"product_cat-produse-olanda","15":"first","16":"instock","17":"taxable","18":"shipping-taxable","19":"purchasable","20":"product-type-simple"},"acf":[],"_links":{"self":[{"href":"https:\/\/totalblue.ro\/de\/wp-json\/wp\/v2\/product\/241648","targetHints":{"allow":["GET"]}}],"collection":[{"href":"https:\/\/totalblue.ro\/de\/wp-json\/wp\/v2\/product"}],"about":[{"href":"https:\/\/totalblue.ro\/de\/wp-json\/wp\/v2\/types\/product"}],"replies":[{"embeddable":true,"href":"https:\/\/totalblue.ro\/de\/wp-json\/wp\/v2\/comments?post=241648"}],"wp:featuredmedia":[{"embeddable":true,"href":"https:\/\/totalblue.ro\/de\/wp-json\/wp\/v2\/media\/241650"}],"wp:attachment":[{"href":"https:\/\/totalblue.ro\/de\/wp-json\/wp\/v2\/media?parent=241648"}],"wp:term":[{"taxonomy":"product_brand","embeddable":true,"href":"https:\/\/totalblue.ro\/de\/wp-json\/wp\/v2\/product_brand?post=241648"},{"taxonomy":"product_cat","embeddable":true,"href":"https:\/\/totalblue.ro\/de\/wp-json\/wp\/v2\/product_cat?post=241648"},{"taxonomy":"giftcard-category","embeddable":true,"href":"https:\/\/totalblue.ro\/de\/wp-json\/wp\/v2\/giftcard-category?post=241648"}],"curies":[{"name":"wp","href":"https:\/\/api.w.org\/{rel}","templated":true}]}}