{"id":24182,"date":"2020-08-13T15:16:46","date_gmt":"2020-08-13T12:16:46","guid":{"rendered":"https:\/\/totalorange.ro\/?post_type=product&#038;p=24182"},"modified":"2023-02-15T20:46:47","modified_gmt":"2023-02-15T18:46:47","slug":"igienol-sapun-antibacterian-fresh-90-gr","status":"publish","type":"product","link":"https:\/\/totalblue.ro\/de\/produs\/igienol-sapun-antibacterian-fresh-90-gr\/","title":{"rendered":"Igienol Fresh Antibakterielle Seife 90 Gramm"},"content":{"rendered":"<div class=\"li-inner\">\n<p>S\u0103punurile solide Igienol asigur\u0103 nu doar m\u00e2ini curate, ci \u0219i protejate \u00eempotriva bacteriilor pentru o perioad\u0103 \u00eendelungat\u0103 de timp. Mai mult dec\u00e2t at\u00e2t, sunt bogate \u00een substan\u021be emoliente, astfel c\u0103 pielea r\u0103m\u00e2ne curat\u0103 \u0219i hidratat\u0103.<br \/>\nSp\u0103la\u021bi-v\u0103 pe m\u00e2ini, timp de cel putin 20 de secunde, cu ap\u0103 \u0219i s\u0103pun solid Igienol, \u0219i ve\u021bi fi preg\u0103ti\u021bi \u00een orice moment pentru noi experien\u021be \u0219i amintiri de neuitat al\u0103turi de familie.<br \/>\nProdusele sunt testate dermatologic.<\/p>\n<\/div>\n<p><strong>Precautii:<\/strong><\/p>\n<ul>\n<li>Numai pentru uz extern<\/li>\n<li>A nu se lasa la indemana copiilor, cu exceptia cazului in care este utilizat sub supravegherea adultilor<\/li>\n<li>A se evita contactul cu ochii<\/li>\n<li>Acest produs este destinat curatarii si dezinfectarii mainilor<\/li>\n<li>In caz de contact cu ochii, a se spala imediat si abundent cu apa<\/li>\n<li>In cazul in care apar iritatii persistente, solicitati asistenta medicala<\/li>\n<li>A se pastra la temperatura camerei<\/li>\n<\/ul>\n<p><b>Compozi\u021bie:<\/b><br \/>\nLinalool, Glycerin, Parfum, Benzyl Salicylate,Triclocarbon,Titanium Dioxide, Hexyl Cinnamal, Butylphenyl Methylpropional, Pentasodium Pentetate, Limonene, Citronellol, Sdoim Tallowate, Sodium Palm Kernelate, Aqua, Sodium Chloride, Cinnamyl Alcohol, Eugenol, Tetrasodium Etidronate.<\/p>","protected":false},"excerpt":{"rendered":"<p>Sapunul antibacterian Igienol protejeaza eficient impotriva bacteriilor si nu usuca pielea.<\/p>","protected":false},"featured_media":24183,"comment_status":"open","ping_status":"closed","template":"","meta":{"_acf_changed":false,"_seopress_robots_primary_cat":"none","_seopress_titles_title":"","_seopress_titles_desc":"Livrare rapida. Sapunul antibacterian Igienol protejeaza eficient impotriva bacteriilor. nu usuca pielea. Igienol sapun solid ieftin.","_seopress_robots_index":""},"product_brand":[1855],"product_cat":[1558,1620],"giftcard-category":[],"class_list":{"0":"post-24182","1":"product","2":"type-product","3":"status-publish","4":"has-post-thumbnail","6":"product_brand-igienol","7":"product_cat-cosmetice-sanatate","8":"product_cat-sapunuri-antibacteriene","10":"first","11":"outofstock","12":"taxable","13":"shipping-taxable","14":"purchasable","15":"product-type-simple"},"acf":[],"_links":{"self":[{"href":"https:\/\/totalblue.ro\/de\/wp-json\/wp\/v2\/product\/24182","targetHints":{"allow":["GET"]}}],"collection":[{"href":"https:\/\/totalblue.ro\/de\/wp-json\/wp\/v2\/product"}],"about":[{"href":"https:\/\/totalblue.ro\/de\/wp-json\/wp\/v2\/types\/product"}],"replies":[{"embeddable":true,"href":"https:\/\/totalblue.ro\/de\/wp-json\/wp\/v2\/comments?post=24182"}],"wp:featuredmedia":[{"embeddable":true,"href":"https:\/\/totalblue.ro\/de\/wp-json\/wp\/v2\/media\/24183"}],"wp:attachment":[{"href":"https:\/\/totalblue.ro\/de\/wp-json\/wp\/v2\/media?parent=24182"}],"wp:term":[{"taxonomy":"product_brand","embeddable":true,"href":"https:\/\/totalblue.ro\/de\/wp-json\/wp\/v2\/product_brand?post=24182"},{"taxonomy":"product_cat","embeddable":true,"href":"https:\/\/totalblue.ro\/de\/wp-json\/wp\/v2\/product_cat?post=24182"},{"taxonomy":"giftcard-category","embeddable":true,"href":"https:\/\/totalblue.ro\/de\/wp-json\/wp\/v2\/giftcard-category?post=24182"}],"curies":[{"name":"wp","href":"https:\/\/api.w.org\/{rel}","templated":true}]}}