{"id":24191,"date":"2020-08-14T09:31:04","date_gmt":"2020-08-14T06:31:04","guid":{"rendered":"https:\/\/totalorange.ro\/?post_type=product&#038;p=24191"},"modified":"2025-08-05T12:10:39","modified_gmt":"2025-08-05T09:10:39","slug":"baneasa-faina-de-grau-000-alba-superioara-1kg","status":"publish","type":"product","link":"https:\/\/totalblue.ro\/de\/produs\/baneasa-faina-de-grau-000-alba-superioara-1kg\/","title":{"rendered":"Baneasa Weizenmehl 000 wei\u00df superior 1kg"},"content":{"rendered":"<p>Faina alba superioara 000. Produs realizat in sistem de management al calitatii, mediului si sigurante alimentului, certificat.<br \/>\nIngrediente: Faina de GRAU alba superioara obtinuta prin macinarea graului. Continut de cenusa raportar la substanta uscata max. 0.48%<br \/>\nAlergeni: Contine gluten<br \/>\nBrand: Baneasa<br \/>\nMenge: 1 kg<\/p>\n<p><strong>Ern\u00e4hrung<\/strong><\/p>\n<table border=\"0\" cellspacing=\"0\" cellpadding=\"0\">\n<colgroup>\n<col width=\"184\" \/>\n<col width=\"154\" \/> <\/colgroup>\n<tbody>\n<tr>\n<td class=\"xl65\" width=\"184\" height=\"20\">Fette<\/td>\n<td class=\"xl65\" width=\"154\">0.9 g \/ 100 g<\/td>\n<\/tr>\n<tr>\n<td class=\"xl66\" width=\"184\" height=\"20\">Energiewert<\/td>\n<td class=\"xl66\" width=\"154\">346 kcal \/ 100 g<\/td>\n<\/tr>\n<tr>\n<td class=\"xl66\" width=\"184\" height=\"20\">Faser<\/td>\n<td class=\"xl66\" width=\"154\">1.3 g \/ 100 g<\/td>\n<\/tr>\n<tr>\n<td class=\"xl66\" width=\"184\" height=\"20\">Natrium<\/td>\n<td class=\"xl66\" width=\"154\">0.005 g \/ 100 g<\/td>\n<\/tr>\n<tr>\n<td class=\"xl66\" width=\"184\" height=\"20\">Eiwei\u00df<\/td>\n<td class=\"xl66\" width=\"154\">10.7 g \/ 100 g<\/td>\n<\/tr>\n<tr>\n<td class=\"xl66\" width=\"184\" height=\"20\">Ges\u00e4ttigte Fette<\/td>\n<td class=\"xl66\" width=\"154\">0.2 g \/ 100 g<\/td>\n<\/tr>\n<\/tbody>\n<\/table>\n<p>A se pastra in spatii uscate, curate si bine aerisite, ferite de razele solare, la temperatura de maxim 25 grade C.<\/p>\n<p>Moara B\u0103neasa este echipat\u0103 cu tehnologie de mor\u0103rit de ultim\u0103 genera\u021bie provenit\u0103 de la liderul mondial \u00een utilaje pentru industria alimentar\u0103 \u2013 BUHLER (Elve\u021bia). Moara dispune de echipamente performante de sortare a diverselor tipuri de gris, de granulozit\u0103\u021bi diferite, av\u00e2nd astfel posibilitatea de a produce diferite tipuri de faina: faina pentru patiserie, faina pentru brut\u0103rie, faina pentru pizza, faina pentru cozonac, faina alba superioara, dar \u0219i cea mai bun\u0103 f\u0103in\u0103 pentru paste f\u0103inoase.<\/p>","protected":false},"excerpt":{"rendered":"<p>Faina alba superioara 000. Produs realizat in sistem de management al calitatii, mediului si sigurante alimentului, certificat.<\/p>","protected":false},"featured_media":24192,"comment_status":"open","ping_status":"closed","template":"","meta":{"_acf_changed":false,"_seopress_robots_primary_cat":"none","_seopress_titles_title":"","_seopress_titles_desc":"Livrare rapida, livrare gratuita Bucuresti faina de grau Baneasa, faina de grau alba superioara 000, faina cozonac, faina pret ieftin.","_seopress_robots_index":""},"product_brand":[1797],"product_cat":[1555,1362],"giftcard-category":[],"class_list":{"0":"post-24191","1":"product","2":"type-product","3":"status-publish","4":"has-post-thumbnail","6":"product_brand-baneasa","7":"product_cat-bacanie","8":"product_cat-ulei-orez-faina-zahar","10":"first","11":"outofstock","12":"taxable","13":"shipping-taxable","14":"purchasable","15":"product-type-simple"},"acf":[],"_links":{"self":[{"href":"https:\/\/totalblue.ro\/de\/wp-json\/wp\/v2\/product\/24191","targetHints":{"allow":["GET"]}}],"collection":[{"href":"https:\/\/totalblue.ro\/de\/wp-json\/wp\/v2\/product"}],"about":[{"href":"https:\/\/totalblue.ro\/de\/wp-json\/wp\/v2\/types\/product"}],"replies":[{"embeddable":true,"href":"https:\/\/totalblue.ro\/de\/wp-json\/wp\/v2\/comments?post=24191"}],"wp:featuredmedia":[{"embeddable":true,"href":"https:\/\/totalblue.ro\/de\/wp-json\/wp\/v2\/media\/24192"}],"wp:attachment":[{"href":"https:\/\/totalblue.ro\/de\/wp-json\/wp\/v2\/media?parent=24191"}],"wp:term":[{"taxonomy":"product_brand","embeddable":true,"href":"https:\/\/totalblue.ro\/de\/wp-json\/wp\/v2\/product_brand?post=24191"},{"taxonomy":"product_cat","embeddable":true,"href":"https:\/\/totalblue.ro\/de\/wp-json\/wp\/v2\/product_cat?post=24191"},{"taxonomy":"giftcard-category","embeddable":true,"href":"https:\/\/totalblue.ro\/de\/wp-json\/wp\/v2\/giftcard-category?post=24191"}],"curies":[{"name":"wp","href":"https:\/\/api.w.org\/{rel}","templated":true}]}}