{"id":242075,"date":"2025-10-09T12:13:24","date_gmt":"2025-10-09T09:13:24","guid":{"rendered":"https:\/\/totalblue.ro\/?post_type=product&#038;p=242075"},"modified":"2026-04-13T13:57:05","modified_gmt":"2026-04-13T10:57:05","slug":"supa-de-curry-rosu-conimex-570-ml","status":"publish","type":"product","link":"https:\/\/totalblue.ro\/de\/produs\/supa-de-curry-rosu-conimex-570-ml\/","title":{"rendered":"Supa de curry rosu Conimex 570 ml"},"content":{"rendered":"<p>Cantitatea ideala pentru 2 portii de supa.<br \/>\nSupa de curry rosu Conimex aduce aromele bucatariei malaeziene pe masa dumneavoastra. Aceasta supa usor picanta, preparata cu lapte de cocos cremos, contine bucati de pui si este asezonata cu coriandru si frunze de lime pentru o explozie unica de arome. Supa este preparata cu piure de rosii, ardei gras rosu, ceapa verde si salota. De asemenea, contine un amestec bogat de condimente, inclusiv ghimbir, usturoi, coriandru si chimen.<br \/>\n<strong>Vorbereitung:<\/strong> Die Verpackung nicht in die Mikrowelle stellen! Die Suppe nicht kochen! Geben Sie die Suppe in eine Sch\u00fcssel und erhitzen Sie sie 3 Minuten lang bei ca. 600 Watt in der Mikrowelle oder erhitzen Sie sie direkt in einer Kasserolle oder einem Topf unter leichtem R\u00fchren. Nach dem Erhitzen ist sie bereit zum Genie\u00dfen!<br \/>\n<strong>Inhaltsstoff:<\/strong> Apa, legume 12,3% (piure de rosii, ardei rosu, ceapa verde, salota), carne de pui 5%, ulei de rapita, LAPTE BATUT PRAF, amidon modificat de porumb, lapte de cocos 1,4%, FAINA DE GRAU, zahar, concentrat de suc de morcovi, sare, condimente (ghimbir, usturoi, coriandru, chimen), ierburi aromatice (frunze de coriandru, frunze de tei), extract de drojdie (contine ORZ), stabilizator (E451, E452), PUDRA DE PESTE, fructoza, aroma, maltodextrina, otet balsamic (otet de vin, must de struguri), extract de vin alb. Poate contine ou, telina, mustar. E = excipient aprobat CE.<br \/>\nOhne Konservierungsstoffe.<br \/>\nFara potentiatori de aroma adaugati.<br \/>\nN\u00e4hrwertangaben \/ 100 g:<br \/>\nEnergie 279 kJ (66 kcal)<br \/>\nGrasimi 3.7 g din care grasimi saturate 0.8 g<br \/>\nCarbohidra\u021bi 5.7 g din care zaharuri 2.7 g<br \/>\nEiwei\u00df 2,4 g<br \/>\nSare 0,79 g<br \/>\n<strong>Mod pastrare:<\/strong> Dup\u0103 deschiderea pungii, aceast\u0103 sup\u0103 poate fi p\u0103strat\u0103 maxim 2 zile la frigider. Inchideti punga.<\/p>\n<p><strong>\u00a0<\/strong><\/p>\n<p>&nbsp;<\/p>\n<p>&nbsp;<\/p>","protected":false},"excerpt":{"rendered":"<p>Cantitatea ideala pentru 2 portii de supa. Supa de curry rosu Conimex aduce aromele bucatariei malaeziene pe masa dumneavoastra. Aceasta supa usor picanta, preparata cu lapte de cocos cremos, contine bucati de pui si este asezonata cu coriandru si frunze de lime pentru o explozie unica de arome. Supa este preparata cu piure de rosii, [&#8230;]\n","protected":false},"featured_media":242076,"comment_status":"open","ping_status":"closed","template":"","meta":{"_acf_changed":false,"_seopress_robots_primary_cat":"none","_seopress_titles_title":"","_seopress_titles_desc":"Conimex Soep Tom Kha Kai. Supa de pui tailandeza usor picanta TOM KHA KAI CONIMEX 570 ML - gata preparata","_seopress_robots_index":""},"product_brand":[1949],"product_cat":[1555,1683,3272,17494,1767],"giftcard-category":[],"class_list":{"0":"post-242075","1":"product","2":"type-product","3":"status-publish","4":"has-post-thumbnail","6":"product_brand-conimex","7":"product_cat-bacanie","8":"product_cat-conserve-mancare-gatita","9":"product_cat-conserve","10":"product_cat-influente-asiatice","11":"product_cat-produse-olanda","13":"first","14":"outofstock","15":"taxable","16":"shipping-taxable","17":"purchasable","18":"product-type-simple"},"acf":[],"_links":{"self":[{"href":"https:\/\/totalblue.ro\/de\/wp-json\/wp\/v2\/product\/242075","targetHints":{"allow":["GET"]}}],"collection":[{"href":"https:\/\/totalblue.ro\/de\/wp-json\/wp\/v2\/product"}],"about":[{"href":"https:\/\/totalblue.ro\/de\/wp-json\/wp\/v2\/types\/product"}],"replies":[{"embeddable":true,"href":"https:\/\/totalblue.ro\/de\/wp-json\/wp\/v2\/comments?post=242075"}],"wp:featuredmedia":[{"embeddable":true,"href":"https:\/\/totalblue.ro\/de\/wp-json\/wp\/v2\/media\/242076"}],"wp:attachment":[{"href":"https:\/\/totalblue.ro\/de\/wp-json\/wp\/v2\/media?parent=242075"}],"wp:term":[{"taxonomy":"product_brand","embeddable":true,"href":"https:\/\/totalblue.ro\/de\/wp-json\/wp\/v2\/product_brand?post=242075"},{"taxonomy":"product_cat","embeddable":true,"href":"https:\/\/totalblue.ro\/de\/wp-json\/wp\/v2\/product_cat?post=242075"},{"taxonomy":"giftcard-category","embeddable":true,"href":"https:\/\/totalblue.ro\/de\/wp-json\/wp\/v2\/giftcard-category?post=242075"}],"curies":[{"name":"wp","href":"https:\/\/api.w.org\/{rel}","templated":true}]}}