{"id":24211,"date":"2020-08-14T11:59:00","date_gmt":"2020-08-14T08:59:00","guid":{"rendered":"https:\/\/totalorange.ro\/?post_type=product&#038;p=24211"},"modified":"2025-08-07T14:07:19","modified_gmt":"2025-08-07T11:07:19","slug":"sare-iodata-de-bucatarie-gema-marunta-1kg","status":"publish","type":"product","link":"https:\/\/totalblue.ro\/de\/produs\/sare-iodata-de-bucatarie-gema-marunta-1kg\/","title":{"rendered":"Jodiertes Steinsalz f\u00fcr die K\u00fcche 1kg"},"content":{"rendered":"<p>Sare iodata de bucatarie gema marunta 1kg, de culoare alba si dimensiuni intre 0-2 mm, cu gust s\u0103rat, solubile \u00een ap\u0103.<br \/>\nDupa procesul de extractie si maruntire, cristalele de culoare alba se ambaleaza atent, in spatii inchise, curate, deratizate.<br \/>\nBrand: Salrom<br \/>\nMenge: 1 kg<br \/>\n<strong>Inhaltsstoff: <\/strong>Sare gema, Iodat de potasiu: min. 42 mg\/kg sare, max. 67.2 mg\/kg sare. Iod: min. 25 mg\/kg sare, max. 40 mg\/kg sare, antiaglomerant (E 536).<br \/>\nProdusul nu contine alergeni si radiatii ionizante<br \/>\nA se depozita\/ pastra la loc curat si uscat.<\/p>","protected":false},"excerpt":{"rendered":"<p>Sare iodata de bucatarie gema marunta 1kg, de culoare alba si dimensiuni intre 0-2 mm, cu gust s\u0103rat, solubile \u00een ap\u0103.<\/p>","protected":false},"featured_media":24214,"comment_status":"open","ping_status":"closed","template":"","meta":{"_acf_changed":false,"_seopress_robots_primary_cat":"1451","_seopress_titles_title":"","_seopress_titles_desc":"Cauti sare iodata de bucatarie gema marunta? Livrare rapida. Livrare gratuita Bucuresti, Sare ieftina , sare bucatarie.","_seopress_robots_index":""},"product_brand":[1910],"product_cat":[1555,1451],"giftcard-category":[],"class_list":{"0":"post-24211","1":"product","2":"type-product","3":"status-publish","4":"has-post-thumbnail","6":"product_brand-salrom","7":"product_cat-bacanie","8":"product_cat-condimente-produse-instant","10":"first","11":"outofstock","12":"taxable","13":"shipping-taxable","14":"purchasable","15":"product-type-simple"},"acf":[],"_links":{"self":[{"href":"https:\/\/totalblue.ro\/de\/wp-json\/wp\/v2\/product\/24211","targetHints":{"allow":["GET"]}}],"collection":[{"href":"https:\/\/totalblue.ro\/de\/wp-json\/wp\/v2\/product"}],"about":[{"href":"https:\/\/totalblue.ro\/de\/wp-json\/wp\/v2\/types\/product"}],"replies":[{"embeddable":true,"href":"https:\/\/totalblue.ro\/de\/wp-json\/wp\/v2\/comments?post=24211"}],"wp:featuredmedia":[{"embeddable":true,"href":"https:\/\/totalblue.ro\/de\/wp-json\/wp\/v2\/media\/24214"}],"wp:attachment":[{"href":"https:\/\/totalblue.ro\/de\/wp-json\/wp\/v2\/media?parent=24211"}],"wp:term":[{"taxonomy":"product_brand","embeddable":true,"href":"https:\/\/totalblue.ro\/de\/wp-json\/wp\/v2\/product_brand?post=24211"},{"taxonomy":"product_cat","embeddable":true,"href":"https:\/\/totalblue.ro\/de\/wp-json\/wp\/v2\/product_cat?post=24211"},{"taxonomy":"giftcard-category","embeddable":true,"href":"https:\/\/totalblue.ro\/de\/wp-json\/wp\/v2\/giftcard-category?post=24211"}],"curies":[{"name":"wp","href":"https:\/\/api.w.org\/{rel}","templated":true}]}}