{"id":242346,"date":"2025-10-13T13:17:12","date_gmt":"2025-10-13T10:17:12","guid":{"rendered":"https:\/\/totalblue.ro\/?post_type=product&#038;p=242346"},"modified":"2026-02-09T13:08:06","modified_gmt":"2026-02-09T11:08:06","slug":"karvan-cevitam-null-zucker-wassermelone-und-erdbeersirup-600-ml","status":"publish","type":"product","link":"https:\/\/totalblue.ro\/de\/produs\/karvan-cevitam-zero-zahar-sirop-pepene-si-capsune-600-ml\/","title":{"rendered":"Karvan Cevitam Null Zucker Wassermelone und Erdbeer Sirup 600 ml"},"content":{"rendered":"<p>0% Zucker<br \/>\n0% Kalorien<br \/>\nMetallflasche 100% recycelbar<br \/>\nWeniger s\u00fc\u00dfer Geschmack<br \/>\nVor Gebrauch sch\u00fctteln.<br \/>\nZubereitung: 1 Portion Sirup + 9 Portionen Wasser<br \/>\nVerpackung und Inhalt: 600 ml ( 60 cl )<br \/>\nZutaten: Wasser, Saft aus Fruchtsaftkonzentrat 5,8% (Erdbeere 3%, Wassermelone 2,8%), S\u00e4uerungsmittel (Zitronens\u00e4ure), nat\u00fcrliche Aromen, schwarzes Karottenkonzentrat, Apfelextrakt, S\u00fc\u00dfungsmittel (Sucralose, Stevia Steviol Glykoside), Konservierungsmittel (Kaliumsorbat, Natriumbenzoat), Vitamin C.<br \/>\nN\u00e4hrwertangaben<br \/>\nDiese Werte gelten f\u00fcr das unzubereitete Produkt.<br \/>\nSpitze pro 100 Milliliter<br \/>\nEnergie 44 kJ (10 kcal)<br \/>\nFett 0 g, davon ges\u00e4ttigte Fetts\u00e4uren 0 g<br \/>\nKohlenhydrate 0,8 g, davon Zucker 0,5 g<br \/>\nEiwei\u00df 0 g<br \/>\nSalz 0 g<br \/>\nVitamin C 60 mg<br \/>\nLieferant Karvan C\u00e9vitam Consumer Service<br \/>\nEinf\u00fchrer und H\u00e4ndler Total Blue Impex SRL<\/p>","protected":false},"excerpt":{"rendered":"<p>0% zahar 0% calorii Sticla metalica 100% reciclabila Gust mai putin dulce Mod de utilizare: Agitati inainte de utilizare. Mod de preparare: 1 portie de sirop + 9 portii de apa Ambalaj si continut: 600 ml ( 60 cl ) Ingrediente: Apa, suc din concentrat de suc de fructe 5.8% (capsuni 3%, pepene verde 2.8%), [&#8230;]\n","protected":false},"featured_media":242347,"comment_status":"open","ping_status":"closed","template":"","meta":{"_acf_changed":false,"_seopress_robots_primary_cat":"none","_seopress_titles_title":"","_seopress_titles_desc":"","_seopress_robots_index":""},"product_brand":[25505],"product_cat":[1354,1555,22112,21826,1767,3312],"giftcard-category":[],"class_list":{"0":"post-242346","1":"product","2":"type-product","3":"status-publish","4":"has-post-thumbnail","6":"product_brand-karvan-cevitam","7":"product_cat-apa-plata-apa-minerala-sucuri","8":"product_cat-bacanie","9":"product_cat-fara-zahar-adaugat","10":"product_cat-produse-bio-dietetice","11":"product_cat-produse-olanda","12":"product_cat-bauturi-racoritoare-produse-olanda","14":"first","15":"instock","16":"taxable","17":"shipping-taxable","18":"purchasable","19":"product-type-simple"},"acf":[],"_links":{"self":[{"href":"https:\/\/totalblue.ro\/de\/wp-json\/wp\/v2\/product\/242346","targetHints":{"allow":["GET"]}}],"collection":[{"href":"https:\/\/totalblue.ro\/de\/wp-json\/wp\/v2\/product"}],"about":[{"href":"https:\/\/totalblue.ro\/de\/wp-json\/wp\/v2\/types\/product"}],"replies":[{"embeddable":true,"href":"https:\/\/totalblue.ro\/de\/wp-json\/wp\/v2\/comments?post=242346"}],"wp:featuredmedia":[{"embeddable":true,"href":"https:\/\/totalblue.ro\/de\/wp-json\/wp\/v2\/media\/242347"}],"wp:attachment":[{"href":"https:\/\/totalblue.ro\/de\/wp-json\/wp\/v2\/media?parent=242346"}],"wp:term":[{"taxonomy":"product_brand","embeddable":true,"href":"https:\/\/totalblue.ro\/de\/wp-json\/wp\/v2\/product_brand?post=242346"},{"taxonomy":"product_cat","embeddable":true,"href":"https:\/\/totalblue.ro\/de\/wp-json\/wp\/v2\/product_cat?post=242346"},{"taxonomy":"giftcard-category","embeddable":true,"href":"https:\/\/totalblue.ro\/de\/wp-json\/wp\/v2\/giftcard-category?post=242346"}],"curies":[{"name":"wp","href":"https:\/\/api.w.org\/{rel}","templated":true}]}}