{"id":24350,"date":"2020-08-21T15:48:55","date_gmt":"2020-08-21T12:48:55","guid":{"rendered":"https:\/\/totalblue.ro\/?post_type=product&#038;p=24350"},"modified":"2025-08-05T12:10:39","modified_gmt":"2025-08-05T09:10:39","slug":"baneasa-kurze-nudeln-mit-8-eiern-250g","status":"publish","type":"product","link":"https:\/\/totalblue.ro\/de\/produs\/baneasa-fidea-scurta-cu-8-oua-250g\/","title":{"rendered":"Baneasa Kurze Nudeln mit 8 Eiern 250g"},"content":{"rendered":"<p>Die Marke Baneasa ist die bekannteste und am meisten konsumierte Pastamarke in Rum\u00e4nien und hat bei den Verbrauchern ein festes Image.<br \/>\nZubereitet mit sorgf\u00e4ltig ausgew\u00e4hlten Zutaten, Fl\u00fcssigei und Weizen von h\u00f6chster Qualit\u00e4t, haben die Baneasa Eierteigwaren eine ideale Konsistenz und einen hervorragenden Geschmack.<br \/>\n<strong>Inhaltsstoff:<\/strong> Wei\u00dfes Weizenmehl 550, Eier 40%, Wasser.<\/p>\n<table class=\"table table-bordered\" style=\"height: 247px\" width=\"423\">\n<tbody>\n<tr>\n<td>Energiewert pro 100 g Produkt KJ<\/td>\n<td>1533,5 kJ<\/td>\n<\/tr>\n<tr>\n<td>Fett-Lipid<\/td>\n<td>4.8 g<\/td>\n<\/tr>\n<tr>\n<td>Energiewert pro 100g Produkt Kcal<\/td>\n<td>363 kcal<\/td>\n<\/tr>\n<tr>\n<td>Eiwei\u00df<\/td>\n<td>15 g<\/td>\n<\/tr>\n<tr>\n<td>Kohlenhydrate-Kohlenhydrate<\/td>\n<td>63.2 g<\/td>\n<\/tr>\n<tr>\n<td>Kohlenhydrate, davon Zucker<\/td>\n<td>2 g<\/td>\n<\/tr>\n<tr>\n<td>Faser<\/td>\n<td>3.4 g<\/td>\n<\/tr>\n<tr>\n<td>Natrium-Salz<\/td>\n<td>0.12 g<\/td>\n<\/tr>\n<tr>\n<td>Fette, darunter ges\u00e4ttigte Fetts\u00e4uren<\/td>\n<td>1.4 g<\/td>\n<\/tr>\n<\/tbody>\n<\/table>","protected":false},"excerpt":{"rendered":"<p>Zubereitet mit sorgf\u00e4ltig ausgew\u00e4hlten Zutaten, Fl\u00fcssigei und Weizen von h\u00f6chster Qualit\u00e4t, haben die Baneasa Eierteigwaren eine ideale Konsistenz und einen hervorragenden Geschmack.<\/p>","protected":false},"featured_media":24351,"comment_status":"open","ping_status":"closed","template":"","meta":{"_acf_changed":false,"_seopress_robots_primary_cat":"1463","_seopress_titles_title":"","_seopress_titles_desc":"Preparate cu ingrediente alese cu multa atentie, ou lichid si grau de cea mai buna calitate, pastele Baneasa cu oua au o consistenta ideala si gust deosebit.","_seopress_robots_index":""},"product_brand":[1797],"product_cat":[1555,1463],"giftcard-category":[],"class_list":{"0":"post-24350","1":"product","2":"type-product","3":"status-publish","4":"has-post-thumbnail","6":"product_brand-baneasa","7":"product_cat-bacanie","8":"product_cat-orez","10":"first","11":"outofstock","12":"taxable","13":"shipping-taxable","14":"purchasable","15":"product-type-simple"},"acf":[],"_links":{"self":[{"href":"https:\/\/totalblue.ro\/de\/wp-json\/wp\/v2\/product\/24350","targetHints":{"allow":["GET"]}}],"collection":[{"href":"https:\/\/totalblue.ro\/de\/wp-json\/wp\/v2\/product"}],"about":[{"href":"https:\/\/totalblue.ro\/de\/wp-json\/wp\/v2\/types\/product"}],"replies":[{"embeddable":true,"href":"https:\/\/totalblue.ro\/de\/wp-json\/wp\/v2\/comments?post=24350"}],"wp:featuredmedia":[{"embeddable":true,"href":"https:\/\/totalblue.ro\/de\/wp-json\/wp\/v2\/media\/24351"}],"wp:attachment":[{"href":"https:\/\/totalblue.ro\/de\/wp-json\/wp\/v2\/media?parent=24350"}],"wp:term":[{"taxonomy":"product_brand","embeddable":true,"href":"https:\/\/totalblue.ro\/de\/wp-json\/wp\/v2\/product_brand?post=24350"},{"taxonomy":"product_cat","embeddable":true,"href":"https:\/\/totalblue.ro\/de\/wp-json\/wp\/v2\/product_cat?post=24350"},{"taxonomy":"giftcard-category","embeddable":true,"href":"https:\/\/totalblue.ro\/de\/wp-json\/wp\/v2\/giftcard-category?post=24350"}],"curies":[{"name":"wp","href":"https:\/\/api.w.org\/{rel}","templated":true}]}}