{"id":24360,"date":"2020-08-21T16:16:58","date_gmt":"2020-08-21T13:16:58","guid":{"rendered":"https:\/\/totalblue.ro\/?post_type=product&#038;p=24360"},"modified":"2025-08-07T16:17:28","modified_gmt":"2025-08-07T13:17:28","slug":"vegeta-bors-mit-sahne-40-gramm","status":"publish","type":"product","link":"https:\/\/totalblue.ro\/de\/produs\/vegeta-bors-cu-smantana-40-grame\/","title":{"rendered":"Vegeta Bors mit Sahne 40 Gramm"},"content":{"rendered":"<p>Vegeta Bors mit Sahne soll den Geschmack traditioneller Gerichte verbessern und intensivieren. Deshalb enth\u00e4lt es ausschlie\u00dflich nat\u00fcrliches Trockengem\u00fcse, das aus feinstem Weizen, Mais und Salat hergestellt wird, um den Geschmack zu verst\u00e4rken.<\/p>\n<div class=\"content bck--white\">\n<div class=\"inner\">\n<ul>\n<li>Nur die besten nat\u00fcrlich getrockneten Zutaten<\/li>\n<li>Frei von Konservierungsstoffen und Geschmacksverst\u00e4rkern<\/li>\n<li>Praktisch verpackt und einfach in der Anwendung<\/li>\n<\/ul>\n<\/div>\n<\/div>\n<p>Marke: VEGETA<br \/>\nMenge: 40 Gramm.<br \/>\n<strong>Inhaltsstoff:<\/strong><br \/>\nLactose, Maltodextrin, Weizenmehl, Zucker, S\u00e4uerungsmittel (Zitronens\u00e4ure, Milchs\u00e4ure), Magermilchpulver, Geschmacksverst\u00e4rker (Natriumglutamat), Palm\u00f6l, Maisst\u00e4rke, S\u00e4ureregulator (Calciumlactat), Sahnepulver 2%, Aromen (enth\u00e4lt Milch), Liebst\u00f6ckel 1.4%, Weizennudeln 1.2%, dehydrierter Sellerie, dehydrierte Petersilienbl\u00e4tter, Maismehl 0.1%.<br \/>\n<strong>Allergene<\/strong><br \/>\nWeizen, Milch, Sellerie. Kann Spuren von Ei enthalten.<br \/>\n<strong>Einzelheiten der Nutzung:<\/strong><br \/>\nTrocken und bei Raumtemperatur aufbewahren<br \/>\nGeben Sie gegen Ende der Zubereitung einen Essl\u00f6ffel (~10 g) Vegeta Bors Original in einen Liter Suppe und r\u00fchren Sie um.<\/p>\n<p><strong>Ern\u00e4hrung<\/strong><\/p>\n<div class=\"wrapper-table-responsive m-t-3\">\n<table class=\"table table-striped table-bordered table-responsive TableResponsive responsive\" style=\"height: 155px\" width=\"255\">\n<thead>\n<tr>\n<th>Fette<\/th>\n<th>7,7g\/100 g<\/th>\n<\/tr>\n<\/thead>\n<tbody>\n<tr>\n<td>Energiewert<\/td>\n<td>378 kcal\/100 g<\/td>\n<\/tr>\n<tr>\n<td>Kohlenhydrate<\/td>\n<td>61 g\/100 g<\/td>\n<\/tr>\n<tr>\n<td>Natrium<\/td>\n<td>2,5 g\/100 g<\/td>\n<\/tr>\n<tr>\n<td>Eiwei\u00df<\/td>\n<td>7,0 g\/100 g<\/td>\n<\/tr>\n<\/tbody>\n<\/table>\n<\/div>","protected":false},"excerpt":{"rendered":"<p>Vegeta Bors mit Sahne soll den Geschmack traditioneller Gerichte verbessern und intensivieren. Deshalb enth\u00e4lt es nur nat\u00fcrlich getrocknetes Gem\u00fcse, das aus feinstem Weizen, Mais und Salat hergestellt wird, um den Geschmack zu verst\u00e4rken.<\/p>","protected":false},"featured_media":24384,"comment_status":"open","ping_status":"closed","template":"","meta":{"_acf_changed":false,"_seopress_robots_primary_cat":"1451","_seopress_titles_title":"","_seopress_titles_desc":"Vegeta Bors cu Smantana doreste sa imbunatateasca si sa intensifice aromele mancarurilor traditionale.","_seopress_robots_index":""},"product_brand":[1926],"product_cat":[1555,1451],"giftcard-category":[],"class_list":{"0":"post-24360","1":"product","2":"type-product","3":"status-publish","4":"has-post-thumbnail","6":"product_brand-vegeta","7":"product_cat-bacanie","8":"product_cat-condimente-produse-instant","10":"first","11":"outofstock","12":"taxable","13":"shipping-taxable","14":"purchasable","15":"product-type-simple"},"acf":[],"_links":{"self":[{"href":"https:\/\/totalblue.ro\/de\/wp-json\/wp\/v2\/product\/24360","targetHints":{"allow":["GET"]}}],"collection":[{"href":"https:\/\/totalblue.ro\/de\/wp-json\/wp\/v2\/product"}],"about":[{"href":"https:\/\/totalblue.ro\/de\/wp-json\/wp\/v2\/types\/product"}],"replies":[{"embeddable":true,"href":"https:\/\/totalblue.ro\/de\/wp-json\/wp\/v2\/comments?post=24360"}],"wp:featuredmedia":[{"embeddable":true,"href":"https:\/\/totalblue.ro\/de\/wp-json\/wp\/v2\/media\/24384"}],"wp:attachment":[{"href":"https:\/\/totalblue.ro\/de\/wp-json\/wp\/v2\/media?parent=24360"}],"wp:term":[{"taxonomy":"product_brand","embeddable":true,"href":"https:\/\/totalblue.ro\/de\/wp-json\/wp\/v2\/product_brand?post=24360"},{"taxonomy":"product_cat","embeddable":true,"href":"https:\/\/totalblue.ro\/de\/wp-json\/wp\/v2\/product_cat?post=24360"},{"taxonomy":"giftcard-category","embeddable":true,"href":"https:\/\/totalblue.ro\/de\/wp-json\/wp\/v2\/giftcard-category?post=24360"}],"curies":[{"name":"wp","href":"https:\/\/api.w.org\/{rel}","templated":true}]}}