{"id":24371,"date":"2020-08-21T16:53:16","date_gmt":"2020-08-21T13:53:16","guid":{"rendered":"https:\/\/totalblue.ro\/?post_type=product&#038;p=24371"},"modified":"2025-08-05T15:10:37","modified_gmt":"2025-08-05T12:10:37","slug":"dr-oetker-bourbon-vanillezucker-8-gramm","status":"publish","type":"product","link":"https:\/\/totalblue.ro\/de\/produs\/dr-oetker-zahar-vanilat-bourbon-8-grame\/","title":{"rendered":"Dr. Oetker Bourbon Vanillezucker 8 Gramm"},"content":{"rendered":"<p>Ein Vanillezucker, der mit feinstem Bourbon-Vanilleextrakt und Vanilleschoten veredelt wird, um Desserts und Kuchen einen besonderen Geschmack und zus\u00e4tzliches Aroma zu verleihen. Ein P\u00e4ckchen reicht f\u00fcr 500 g Mehl oder 0,5-1 Liter Milch f\u00fcr ein Dessert.<br \/>\nEr kann verwendet werden f\u00fcr: Schlagsahne, Desserts, Obstsalate, s\u00fc\u00dfe K\u00e4sespeisen, Kompotte, Kuchen und Geb\u00e4ck, Getr\u00e4nke auf Milchbasis.<br \/>\nMarke: Dr.Oetker<br \/>\nZutaten: Zucker, Vanillepaste, Bourbon-Vanilleextrakt.<br \/>\nLagerung: K\u00fchl und trocken lagern!<\/p>","protected":false},"excerpt":{"rendered":"<p>Ein mit feinstem Bourbon-Vanilleextrakt und Vanilleschoten veredelter Vanillezucker, der Ihren Desserts und Kuchen einen besonderen Geschmack und zus\u00e4tzliches Aroma verleiht.<\/p>","protected":false},"featured_media":24373,"comment_status":"open","ping_status":"closed","template":"","meta":{"_acf_changed":false,"_seopress_robots_primary_cat":"none","_seopress_titles_title":"","_seopress_titles_desc":"Un zah\u0103r vanilat \u00eennobilat cu extract \u015fi p\u0103st\u0103i m\u0103run\u0163ite de vanilie Bourbon de cea mai bun\u0103 calitate.","_seopress_robots_index":""},"product_brand":[1832],"product_cat":[1555,1451,1362],"giftcard-category":[],"class_list":{"0":"post-24371","1":"product","2":"type-product","3":"status-publish","4":"has-post-thumbnail","6":"product_brand-dr-oetker","7":"product_cat-bacanie","8":"product_cat-condimente-produse-instant","9":"product_cat-ulei-orez-faina-zahar","11":"first","12":"outofstock","13":"taxable","14":"shipping-taxable","15":"purchasable","16":"product-type-simple"},"acf":[],"_links":{"self":[{"href":"https:\/\/totalblue.ro\/de\/wp-json\/wp\/v2\/product\/24371","targetHints":{"allow":["GET"]}}],"collection":[{"href":"https:\/\/totalblue.ro\/de\/wp-json\/wp\/v2\/product"}],"about":[{"href":"https:\/\/totalblue.ro\/de\/wp-json\/wp\/v2\/types\/product"}],"replies":[{"embeddable":true,"href":"https:\/\/totalblue.ro\/de\/wp-json\/wp\/v2\/comments?post=24371"}],"wp:featuredmedia":[{"embeddable":true,"href":"https:\/\/totalblue.ro\/de\/wp-json\/wp\/v2\/media\/24373"}],"wp:attachment":[{"href":"https:\/\/totalblue.ro\/de\/wp-json\/wp\/v2\/media?parent=24371"}],"wp:term":[{"taxonomy":"product_brand","embeddable":true,"href":"https:\/\/totalblue.ro\/de\/wp-json\/wp\/v2\/product_brand?post=24371"},{"taxonomy":"product_cat","embeddable":true,"href":"https:\/\/totalblue.ro\/de\/wp-json\/wp\/v2\/product_cat?post=24371"},{"taxonomy":"giftcard-category","embeddable":true,"href":"https:\/\/totalblue.ro\/de\/wp-json\/wp\/v2\/giftcard-category?post=24371"}],"curies":[{"name":"wp","href":"https:\/\/api.w.org\/{rel}","templated":true}]}}