{"id":24401,"date":"2020-08-24T13:42:18","date_gmt":"2020-08-24T10:42:18","guid":{"rendered":"https:\/\/totalblue.ro\/?post_type=product&#038;p=24401"},"modified":"2025-08-12T10:34:49","modified_gmt":"2025-08-12T07:34:49","slug":"scharfe-glutenfreie-brotscheiben-150g","status":"publish","type":"product","link":"https:\/\/totalblue.ro\/de\/produs\/schar-rondele-paine-fara-gluten-150g\/","title":{"rendered":"Sch\u00e4r Knusprige glutenfreie Brotscheiben 150 g"},"content":{"rendered":"<p>Dieses Geb\u00e4ck von Sch\u00e4r ist ein idealer glutenfreier Brotersatz, der sich mit verschiedenen s\u00fc\u00dfen oder herzhaften Bel\u00e4gen k\u00f6stlich kombinieren l\u00e4sst.<\/p>\n<p>Kein Abschluss<br \/>\nLaktosefrei<br \/>\nGlutenfrei<\/p>\n<p>Zutaten: Reismehl, Maismehl, Zucker, Salz<br \/>\nKann Spuren von Soja enthalten.<br \/>\nInformationen \u00fcber Allergien<br \/>\nKann enthalten: Soja<br \/>\nN\u00e4hrwertangaben<br \/>\nDiese Werte gelten f\u00fcr das unzubereitete Produkt.<br \/>\nTipp pro 100 Gramm<br \/>\nEnergie 1611 kJ (380 kcal)<br \/>\nFett 1,7 g, davon ges\u00e4ttigt 0,3 g<br \/>\nKohlenhydrate 84 g, davon Zucker 6 g<br \/>\nBallaststoffe 2,3 g<br \/>\nEiwei\u00df 6 g<br \/>\nSalz 1,4 g<\/p>\n<div class=\"wrapper-table-responsive m-t-3\"><span class=\"HwtZe\" lang=\"ro\"><span class=\"jCAhz ChMk0b\"><span class=\"ryNqvb\">Lieferant Dr.<\/span><\/span> <span class=\"jCAhz ChMk0b\"><span class=\"ryNqvb\">Sch\u00e4r AG \/ SPA<\/span><\/span> <span class=\"jCAhz ChMk0b\"><span class=\"ryNqvb\">Winkelau 9 39014 Burgstall \/ Post (BZ) Italien<\/span><\/span><\/span><\/div>","protected":false},"excerpt":{"rendered":"<p>Acest biscuit de la Sch\u00e4r este un inlocuitor ideal de paine fara gluten, care poate fi combinat delicios cu diverse toppinguri dulci sau sarate. Fara grau Fara lactoza Fara gluten Ingrediente: faina de orez, faina de porumb, zahar, sare Poate contine urme de soia. Informatii despre alergii Poate contine: Soia Valori nutritive Aceste valori se [&#8230;]\n","protected":false},"featured_media":133828,"comment_status":"open","ping_status":"closed","template":"","meta":{"_acf_changed":false,"_seopress_robots_primary_cat":"none","_seopress_titles_title":"","_seopress_titles_desc":"","_seopress_robots_index":""},"product_brand":[23643],"product_cat":[1555,3396,21364,1506,22076,22088,21826,1362,1950,18062],"giftcard-category":[],"class_list":{"0":"post-24401","1":"product","2":"type-product","3":"status-publish","4":"has-post-thumbnail","6":"product_brand-schar","7":"product_cat-bacanie","8":"product_cat-brutarie-patiserie-produse-germania","9":"product_cat-brutarie-patiserie-produse-italia","10":"product_cat-cafea-ceai-mic-dejun","11":"product_cat-fara-gluten","12":"product_cat-fara-lactoza","13":"product_cat-produse-bio-dietetice","14":"product_cat-ulei-orez-faina-zahar","15":"product_cat-produse-germania","16":"product_cat-produse-italia","18":"first","19":"outofstock","20":"taxable","21":"shipping-taxable","22":"purchasable","23":"product-type-simple"},"acf":[],"_links":{"self":[{"href":"https:\/\/totalblue.ro\/de\/wp-json\/wp\/v2\/product\/24401","targetHints":{"allow":["GET"]}}],"collection":[{"href":"https:\/\/totalblue.ro\/de\/wp-json\/wp\/v2\/product"}],"about":[{"href":"https:\/\/totalblue.ro\/de\/wp-json\/wp\/v2\/types\/product"}],"replies":[{"embeddable":true,"href":"https:\/\/totalblue.ro\/de\/wp-json\/wp\/v2\/comments?post=24401"}],"wp:featuredmedia":[{"embeddable":true,"href":"https:\/\/totalblue.ro\/de\/wp-json\/wp\/v2\/media\/133828"}],"wp:attachment":[{"href":"https:\/\/totalblue.ro\/de\/wp-json\/wp\/v2\/media?parent=24401"}],"wp:term":[{"taxonomy":"product_brand","embeddable":true,"href":"https:\/\/totalblue.ro\/de\/wp-json\/wp\/v2\/product_brand?post=24401"},{"taxonomy":"product_cat","embeddable":true,"href":"https:\/\/totalblue.ro\/de\/wp-json\/wp\/v2\/product_cat?post=24401"},{"taxonomy":"giftcard-category","embeddable":true,"href":"https:\/\/totalblue.ro\/de\/wp-json\/wp\/v2\/giftcard-category?post=24401"}],"curies":[{"name":"wp","href":"https:\/\/api.w.org\/{rel}","templated":true}]}}