{"id":24719,"date":"2020-09-02T16:30:02","date_gmt":"2020-09-02T13:30:02","guid":{"rendered":"https:\/\/totalblue.ro\/?post_type=product&#038;p=24719"},"modified":"2026-03-27T21:13:02","modified_gmt":"2026-03-27T19:13:02","slug":"pufuleti-cu-sare-gusto-45-grame","status":"publish","type":"product","link":"https:\/\/totalblue.ro\/de\/produs\/pufuleti-cu-sare-gusto-45-grame\/","title":{"rendered":"Gusto Salzstangen 45 Gramm"},"content":{"rendered":"<p>Gusto Salzstangen 45 Gramm<\/p>\n<p>Brand: Gusto<br \/>\nCantitate: 45 grame.<\/p>\n<p>In einer Schutzatmosph\u00e4re verpackt.<\/p>\n<p><strong>Inhaltsstoff:<\/strong><br \/>\nMalai grisat, ulei vegetal de palmier, sare 0.9%.<\/p>\n<p>Allergene:<br \/>\nPot contine: Seminte de susan si produse derivate; telina si produse derivate; Lapte si produse derivate (inclusiv LACTOZA);<br \/>\nSoia si produse derivate; Cereale care contin gluten; GRAU si produse derivate; Secara si produse derivate; Orz si produse<br \/>\nderivate; Ovaz si produse derivate; Arahide si produse derivate; Fructe cu COAJA LEMNOASA (nuci, migdale, nuci caju , etc);<br \/>\nMigdale si produse derivate; Alune si produse derivate.<\/p>\n<p>Informa\u021bii nutri\u021bionale\/100g<\/p>\n<p>Valoare energetic\u0103 1799 kj<br \/>\nValoare energetic\u0103 427 kcal<br \/>\nGrasimi 10 g din care acizi grasi saturati 4,5 g<br \/>\nGlucide 76,5 g din care zaharuri 1 g<br \/>\nFibre 2,3 g<br \/>\nProteine 6,5 g<br \/>\nSare 0,6 g<\/p>\n<p><strong>Einzelheiten der Nutzung:<\/strong><br \/>\nAn einem trockenen, k\u00fchlen Ort ohne direkte Sonneneinstrahlung aufbewahren.<\/p>\n<div class=\"wrapper-table-responsive m-t-3\"><\/div>","protected":false},"excerpt":{"rendered":"<p>SKU: 6420211000332<\/p>","protected":false},"featured_media":24721,"comment_status":"open","ping_status":"closed","template":"","meta":{"_acf_changed":false,"_seopress_robots_primary_cat":"none","_seopress_titles_title":"","_seopress_titles_desc":"Cauti pufuleti? Pufule\u021bii Gusto sunt renumi\u021bi \u00een lume pentru c\u0103 ofer\u0103 consumatorilor un snack u\u0219or, cu ingrediente naturale.","_seopress_robots_index":""},"product_brand":[1850],"product_cat":[1555],"giftcard-category":[],"class_list":{"0":"post-24719","1":"product","2":"type-product","3":"status-publish","4":"has-post-thumbnail","6":"product_brand-gusto","7":"product_cat-bacanie","9":"first","10":"instock","11":"taxable","12":"shipping-taxable","13":"purchasable","14":"product-type-simple"},"acf":[],"_links":{"self":[{"href":"https:\/\/totalblue.ro\/de\/wp-json\/wp\/v2\/product\/24719","targetHints":{"allow":["GET"]}}],"collection":[{"href":"https:\/\/totalblue.ro\/de\/wp-json\/wp\/v2\/product"}],"about":[{"href":"https:\/\/totalblue.ro\/de\/wp-json\/wp\/v2\/types\/product"}],"replies":[{"embeddable":true,"href":"https:\/\/totalblue.ro\/de\/wp-json\/wp\/v2\/comments?post=24719"}],"wp:featuredmedia":[{"embeddable":true,"href":"https:\/\/totalblue.ro\/de\/wp-json\/wp\/v2\/media\/24721"}],"wp:attachment":[{"href":"https:\/\/totalblue.ro\/de\/wp-json\/wp\/v2\/media?parent=24719"}],"wp:term":[{"taxonomy":"product_brand","embeddable":true,"href":"https:\/\/totalblue.ro\/de\/wp-json\/wp\/v2\/product_brand?post=24719"},{"taxonomy":"product_cat","embeddable":true,"href":"https:\/\/totalblue.ro\/de\/wp-json\/wp\/v2\/product_cat?post=24719"},{"taxonomy":"giftcard-category","embeddable":true,"href":"https:\/\/totalblue.ro\/de\/wp-json\/wp\/v2\/giftcard-category?post=24719"}],"curies":[{"name":"wp","href":"https:\/\/api.w.org\/{rel}","templated":true}]}}