{"id":24845,"date":"2020-09-09T11:12:52","date_gmt":"2020-09-09T08:12:52","guid":{"rendered":"https:\/\/totalblue.ro\/?post_type=product&#038;p=24845"},"modified":"2025-10-07T10:41:49","modified_gmt":"2025-10-07T07:41:49","slug":"biberon-din-sticla-ergonomic-s-difrax-250-ml-roz","status":"publish","type":"product","link":"https:\/\/totalblue.ro\/de\/produs\/biberon-din-sticla-ergonomic-s-difrax-250-ml-roz\/","title":{"rendered":"S-Difrax ergonomische Glas-Saugflasche 250 ml Rosa"},"content":{"rendered":"<div id=\"tab-description\" class=\"woocommerce-Tabs-panel woocommerce-Tabs-panel--description panel entry-content active\" role=\"tabpanel\" aria-labelledby=\"tab-title-description\">\n<div id=\"tab-description\" class=\"woocommerce-Tabs-panel woocommerce-Tabs-panel--description panel entry-content active\" role=\"tabpanel\" aria-labelledby=\"tab-title-description\">\n<p>Biberonul-S ergonomic fabricat din sticla rezistenta.<br \/>\nDie ergonomische S-Flasche verringert das Risiko von Koliken, Aufsto\u00dfen und Erbrechen.<br \/>\nSeine ergonomische S-Form simuliert die nat\u00fcrliche Stillposition des Babys.<br \/>\nNatural Nipple (rund) ist aus sehr weichem Silikon mit erh\u00f6hter Griffigkeit f\u00fcr das Baby hergestellt.<\/p>\n<p>Das Ventil am Boden der Flasche verhindert ein Vakuum w\u00e4hrend der F\u00fctterung. Durch dieses Ventil wird ein konstanter Luftstrom gew\u00e4hrleistet. Die Luft tritt ein, bleibt im Boden der S-Flasche und vermischt sich nicht mit der Milch, wodurch das Risiko von Bauchkr\u00e4mpfen, Aufsto\u00dfen und Erbrechen verringert wird. Da sich die Milch nicht mit Luft vermischt, bleiben alle wichtigen N\u00e4hrstoffe erhalten.<br \/>\nDas ergonomische Flaschendesign erm\u00f6glicht eine entspannte F\u00fctterungsposition.<\/p>\n<p><img loading=\"lazy\" decoding=\"async\" class=\"alignnone size-medium wp-image-2299 lazy-load-active\" src=\"https:\/\/racekids.ro\/wp-content\/uploads\/2019\/02\/biberon-anticolici-utilizare-corecta-biberon-difrax-racekids-800x147.jpg\" alt=\"\" width=\"800\" height=\"147\" data-src=\"https:\/\/racekids.ro\/wp-content\/uploads\/2019\/02\/biberon-anticolici-utilizare-corecta-biberon-difrax-racekids-800x147.jpg\" data-srcset=\"https:\/\/hainutebebelusi.ro\/wp-content\/uploads\/2019\/02\/biberon-anticolici-utilizare-corecta-biberon-difrax-racekids-800x147.jpg 800w, https:\/\/hainutebebelusi.ro\/wp-content\/uploads\/2019\/02\/biberon-anticolici-utilizare-corecta-biberon-difrax-racekids-768x141.jpg 768w, https:\/\/hainutebebelusi.ro\/wp-content\/uploads\/2019\/02\/biberon-anticolici-utilizare-corecta-biberon-difrax-racekids-1400x258.jpg 1400w, https:\/\/hainutebebelusi.ro\/wp-content\/uploads\/2019\/02\/biberon-anticolici-utilizare-corecta-biberon-difrax-racekids-96x18.jpg 96w, https:\/\/hainutebebelusi.ro\/wp-content\/uploads\/2019\/02\/biberon-anticolici-utilizare-corecta-biberon-difrax-racekids-600x111.jpg 600w, https:\/\/hainutebebelusi.ro\/wp-content\/uploads\/2019\/02\/biberon-anticolici-utilizare-corecta-biberon-difrax-racekids-100x18.jpg 100w, https:\/\/hainutebebelusi.ro\/wp-content\/uploads\/2019\/02\/biberon-anticolici-utilizare-corecta-biberon-difrax-racekids.jpg 2048w\" \/><\/p>\n<p><strong>Lesen Sie die Gebrauchsanweisung vor der Anwendung sorgf\u00e4ltig durch.<\/strong><\/p>\n<\/div>\n<div id=\"tab-additional_information\" class=\"woocommerce-Tabs-panel woocommerce-Tabs-panel--additional_information panel entry-content\" role=\"tabpanel\" aria-labelledby=\"tab-title-additional_information\"><\/div>\n<\/div>","protected":false},"excerpt":{"rendered":"<div class=\"product-short-description\">\n<p>Biberonul-S ergonomic fabricat din sticla rezistenta.<br \/>\nDie ergonomische S-Flasche verringert das Risiko von Koliken, Aufsto\u00dfen und Erbrechen.<br \/>\nNatural Nipple (rund) ist aus sehr weichem Silikon mit erh\u00f6hter Griffigkeit f\u00fcr das Baby hergestellt.<\/p>\n<p><strong>Stock No. 736FEB01<\/strong><\/p>\n<\/div>\n<p>&nbsp;<\/p>\n<p><span class=\"st\">\u00a0<\/span><\/p>","protected":false},"featured_media":24846,"comment_status":"open","ping_status":"closed","template":"","meta":{"_acf_changed":false,"_seopress_robots_primary_cat":"1546","_seopress_titles_title":"","_seopress_titles_desc":"Biberonul-S de la Difrax cu tetina din silicon anticolici reduce riscul de crampe abdominale, regurgitare si voma.","_seopress_robots_index":""},"product_brand":[6195],"product_cat":[1546,1520,5677],"giftcard-category":[],"class_list":{"0":"post-24845","1":"product","2":"type-product","3":"status-publish","4":"has-post-thumbnail","6":"product_brand-difrax","7":"product_cat-biberoane-anticolici-cani-accesorii-alaptare","8":"product_cat-mama-copilul","9":"product_cat-mancare-si-accesorii-bebe","11":"first","12":"instock","13":"taxable","14":"shipping-taxable","15":"purchasable","16":"product-type-simple"},"acf":[],"_links":{"self":[{"href":"https:\/\/totalblue.ro\/de\/wp-json\/wp\/v2\/product\/24845","targetHints":{"allow":["GET"]}}],"collection":[{"href":"https:\/\/totalblue.ro\/de\/wp-json\/wp\/v2\/product"}],"about":[{"href":"https:\/\/totalblue.ro\/de\/wp-json\/wp\/v2\/types\/product"}],"replies":[{"embeddable":true,"href":"https:\/\/totalblue.ro\/de\/wp-json\/wp\/v2\/comments?post=24845"}],"wp:featuredmedia":[{"embeddable":true,"href":"https:\/\/totalblue.ro\/de\/wp-json\/wp\/v2\/media\/24846"}],"wp:attachment":[{"href":"https:\/\/totalblue.ro\/de\/wp-json\/wp\/v2\/media?parent=24845"}],"wp:term":[{"taxonomy":"product_brand","embeddable":true,"href":"https:\/\/totalblue.ro\/de\/wp-json\/wp\/v2\/product_brand?post=24845"},{"taxonomy":"product_cat","embeddable":true,"href":"https:\/\/totalblue.ro\/de\/wp-json\/wp\/v2\/product_cat?post=24845"},{"taxonomy":"giftcard-category","embeddable":true,"href":"https:\/\/totalblue.ro\/de\/wp-json\/wp\/v2\/giftcard-category?post=24845"}],"curies":[{"name":"wp","href":"https:\/\/api.w.org\/{rel}","templated":true}]}}