{"id":256226,"date":"2025-12-05T14:13:44","date_gmt":"2025-12-05T12:13:44","guid":{"rendered":"https:\/\/totalblue.ro\/?post_type=product&#038;p=256226"},"modified":"2025-12-07T15:33:33","modified_gmt":"2025-12-07T13:33:33","slug":"set-cadou-bere-hertog-jan-5sticle-x-300ml-import-olanda","status":"publish","type":"product","link":"https:\/\/totalblue.ro\/de\/produs\/set-cadou-bere-hertog-jan-5sticle-x-300ml-import-olanda\/","title":{"rendered":"Set cadou bere Hertog Jan 5sticle x 300ml, Import Olanda"},"content":{"rendered":"<p>Ingrediente: apa, malt de ORZ, amidon de GRAU, hamei, coaja de portocala uscata, CORIANDRU, drojdie, zahar, colorant: caramel, porumb.<br \/>\nAllergene<br \/>\nContine: Cereale care contin gluten, orz si produse din orz (cereale care contin gluten), grau si produse pe baza de grau.<br \/>\nAchten Sie auf hohe Temperaturen und Frost.<\/p>\n<p>Juristische L\u00fcgen: Alkohol schadet Ihrer Gesundheit. Trinken Sie in Ma\u00dfen. Der Verkauf an unter 18-J\u00e4hrige ist verboten. www.desprealcool.ro<br \/>\nProducator: Hertog Jan Brouwerij, Postbus 4335, 5944 ZG Arcen, Olanda<br \/>\nEinf\u00fchrer und H\u00e4ndler Total Blue Impex SRL<br \/>\n<a href=\"https:\/\/totalblue.ro\/wp-content\/uploads\/2021\/04\/under-18.jpg\"><img loading=\"lazy\" decoding=\"async\" class=\"alignnone wp-image-30757\" src=\"https:\/\/totalblue.ro\/wp-content\/uploads\/2021\/04\/under-18-400x400.jpg\" alt=\"\" width=\"108\" height=\"108\" srcset=\"https:\/\/totalblue.ro\/wp-content\/uploads\/2021\/04\/under-18-400x400.jpg 400w, https:\/\/totalblue.ro\/wp-content\/uploads\/2021\/04\/under-18-100x100.jpg 100w, https:\/\/totalblue.ro\/wp-content\/uploads\/2021\/04\/under-18-510x510.jpg 510w, https:\/\/totalblue.ro\/wp-content\/uploads\/2021\/04\/under-18-280x280.jpg 280w, https:\/\/totalblue.ro\/wp-content\/uploads\/2021\/04\/under-18.jpg 600w\" sizes=\"auto, (max-width: 108px) 100vw, 108px\" \/><\/a><a href=\"https:\/\/totalblue.ro\/wp-content\/uploads\/2021\/06\/drink-drive.jpg\"><img loading=\"lazy\" decoding=\"async\" class=\"alignnone wp-image-30761\" src=\"https:\/\/totalblue.ro\/wp-content\/uploads\/2021\/06\/drink-drive.jpg\" alt=\"\" width=\"110\" height=\"107\" srcset=\"https:\/\/totalblue.ro\/wp-content\/uploads\/2021\/06\/drink-drive.jpg 344w, https:\/\/totalblue.ro\/wp-content\/uploads\/2021\/06\/drink-drive-100x98.jpg 100w\" sizes=\"auto, (max-width: 110px) 100vw, 110px\" \/><\/a><a href=\"https:\/\/totalblue.ro\/wp-content\/uploads\/2021\/06\/bere-gravide02.jpg\"><img loading=\"lazy\" decoding=\"async\" class=\"alignnone wp-image-30771\" src=\"https:\/\/totalblue.ro\/wp-content\/uploads\/2021\/06\/bere-gravide02-403x400.jpg\" alt=\"\" width=\"109\" height=\"108\" srcset=\"https:\/\/totalblue.ro\/wp-content\/uploads\/2021\/06\/bere-gravide02-403x400.jpg 403w, https:\/\/totalblue.ro\/wp-content\/uploads\/2021\/06\/bere-gravide02-100x99.jpg 100w, https:\/\/totalblue.ro\/wp-content\/uploads\/2021\/06\/bere-gravide02-510x507.jpg 510w, https:\/\/totalblue.ro\/wp-content\/uploads\/2021\/06\/bere-gravide02-805x800.jpg 805w, https:\/\/totalblue.ro\/wp-content\/uploads\/2021\/06\/bere-gravide02-280x280.jpg 280w, https:\/\/totalblue.ro\/wp-content\/uploads\/2021\/06\/bere-gravide02-768x763.jpg 768w, https:\/\/totalblue.ro\/wp-content\/uploads\/2021\/06\/bere-gravide02-600x596.jpg 600w, https:\/\/totalblue.ro\/wp-content\/uploads\/2021\/06\/bere-gravide02.jpg 895w\" sizes=\"auto, (max-width: 109px) 100vw, 109px\" \/><\/a><\/p>","protected":false},"excerpt":{"rendered":"<p>Ingrediente: apa, malt de ORZ, amidon de GRAU, hamei, coaja de portocala uscata, CORIANDRU, drojdie, zahar, colorant: caramel, porumb. Alergeni Contine: Cereale care contin gluten, orz si produse din orz (cereale care contin gluten), grau si produse pe baza de grau. A se feri de temperaturi ridicate si inghet. Mentiuni legale: Alcoolul dauneaza grav sanatatii. [&#8230;]\n","protected":false},"featured_media":256228,"comment_status":"open","ping_status":"closed","template":"","meta":{"_acf_changed":false,"_seopress_robots_primary_cat":"none","_seopress_titles_title":"Hertog Jan Karakter 300ml, sticla, Import Olanda, bere olandeza","_seopress_titles_desc":"Cauti bere? Cumpara acum online Hertog Jan , sticla, Import Olanda, bere olandeza, Bere Olanda Hertog Jan ieftina cu livrare rapida.","_seopress_robots_index":""},"product_brand":[2064],"product_cat":[1519,1767,3312],"giftcard-category":[],"class_list":{"0":"post-256226","1":"product","2":"type-product","3":"status-publish","4":"has-post-thumbnail","6":"product_brand-hertog-jan","7":"product_cat-bauturi-alcoolice-bere","8":"product_cat-produse-olanda","9":"product_cat-bauturi-racoritoare-produse-olanda","11":"first","12":"outofstock","13":"taxable","14":"shipping-taxable","15":"purchasable","16":"product-type-simple"},"acf":[],"_links":{"self":[{"href":"https:\/\/totalblue.ro\/de\/wp-json\/wp\/v2\/product\/256226","targetHints":{"allow":["GET"]}}],"collection":[{"href":"https:\/\/totalblue.ro\/de\/wp-json\/wp\/v2\/product"}],"about":[{"href":"https:\/\/totalblue.ro\/de\/wp-json\/wp\/v2\/types\/product"}],"replies":[{"embeddable":true,"href":"https:\/\/totalblue.ro\/de\/wp-json\/wp\/v2\/comments?post=256226"}],"wp:featuredmedia":[{"embeddable":true,"href":"https:\/\/totalblue.ro\/de\/wp-json\/wp\/v2\/media\/256228"}],"wp:attachment":[{"href":"https:\/\/totalblue.ro\/de\/wp-json\/wp\/v2\/media?parent=256226"}],"wp:term":[{"taxonomy":"product_brand","embeddable":true,"href":"https:\/\/totalblue.ro\/de\/wp-json\/wp\/v2\/product_brand?post=256226"},{"taxonomy":"product_cat","embeddable":true,"href":"https:\/\/totalblue.ro\/de\/wp-json\/wp\/v2\/product_cat?post=256226"},{"taxonomy":"giftcard-category","embeddable":true,"href":"https:\/\/totalblue.ro\/de\/wp-json\/wp\/v2\/giftcard-category?post=256226"}],"curies":[{"name":"wp","href":"https:\/\/api.w.org\/{rel}","templated":true}]}}