{"id":25688,"date":"2020-10-13T15:51:27","date_gmt":"2020-10-13T12:51:27","guid":{"rendered":"https:\/\/totalblue.ro\/?post_type=product&#038;p=25688"},"modified":"2025-08-05T12:48:08","modified_gmt":"2025-08-05T09:48:08","slug":"ceai-fructe-belin-calitate-superioara-merisoare-33-20-pliculete","status":"publish","type":"product","link":"https:\/\/totalblue.ro\/de\/produs\/ceai-fructe-belin-calitate-superioara-merisoare-33-20-pliculete\/","title":{"rendered":"Fr\u00fcchtetee BELiN - Superior Qualit\u00e4t, Heidelbeere 33%, 20 Portionsbeutel"},"content":{"rendered":"<p>Ceai fructe BELiN &#8211; Calitate superioara, merisoare 33%<br \/>\nMischung aus Fr\u00fcchten und Kr\u00e4utern zum Aufgie\u00dfen.<br \/>\nDas Produkt enth\u00e4lt keine synthetischen Farbstoffe.<br \/>\nCuloarea ceaiului este culoarea naturala a ingredientelor (hibiscus,aronia,caocaze negre)<br \/>\n<strong>Inhaltsstoff:<\/strong> merisoare 33%,flori de hibiscus ,corector de aciditate-acisd citric,arome,coacaze negre,lemn dulce 1%.<br \/>\nContine lemn dulce -persoanele care sufera de hipertensiune ar trebui sa evite consumul excesiv.<br \/>\nGewicht: 40 g<\/p>","protected":false},"excerpt":{"rendered":"<p>Ceai fructe BELiN &#8211; Calitate superioara, merisoare 33%<\/p>","protected":false},"featured_media":25689,"comment_status":"open","ping_status":"closed","template":"","meta":{"_acf_changed":false,"_seopress_robots_primary_cat":"none","_seopress_titles_title":"","_seopress_titles_desc":"Ceai fructe BELiN - Calitate superioara, merisoare 33%.Amestec de fructe si plante pentru infuzie.Produsul nu contine coloranti sintetici.","_seopress_robots_index":""},"product_brand":[1801],"product_cat":[1555,1506],"giftcard-category":[],"class_list":{"0":"post-25688","1":"product","2":"type-product","3":"status-publish","4":"has-post-thumbnail","6":"product_brand-belin","7":"product_cat-bacanie","8":"product_cat-cafea-ceai-mic-dejun","10":"first","11":"outofstock","12":"taxable","13":"shipping-taxable","14":"purchasable","15":"product-type-simple"},"acf":[],"_links":{"self":[{"href":"https:\/\/totalblue.ro\/de\/wp-json\/wp\/v2\/product\/25688","targetHints":{"allow":["GET"]}}],"collection":[{"href":"https:\/\/totalblue.ro\/de\/wp-json\/wp\/v2\/product"}],"about":[{"href":"https:\/\/totalblue.ro\/de\/wp-json\/wp\/v2\/types\/product"}],"replies":[{"embeddable":true,"href":"https:\/\/totalblue.ro\/de\/wp-json\/wp\/v2\/comments?post=25688"}],"wp:featuredmedia":[{"embeddable":true,"href":"https:\/\/totalblue.ro\/de\/wp-json\/wp\/v2\/media\/25689"}],"wp:attachment":[{"href":"https:\/\/totalblue.ro\/de\/wp-json\/wp\/v2\/media?parent=25688"}],"wp:term":[{"taxonomy":"product_brand","embeddable":true,"href":"https:\/\/totalblue.ro\/de\/wp-json\/wp\/v2\/product_brand?post=25688"},{"taxonomy":"product_cat","embeddable":true,"href":"https:\/\/totalblue.ro\/de\/wp-json\/wp\/v2\/product_cat?post=25688"},{"taxonomy":"giftcard-category","embeddable":true,"href":"https:\/\/totalblue.ro\/de\/wp-json\/wp\/v2\/giftcard-category?post=25688"}],"curies":[{"name":"wp","href":"https:\/\/api.w.org\/{rel}","templated":true}]}}