{"id":25701,"date":"2020-10-13T16:14:48","date_gmt":"2020-10-13T13:14:48","guid":{"rendered":"https:\/\/totalblue.ro\/?post_type=product&#038;p=25701"},"modified":"2025-08-05T12:48:03","modified_gmt":"2025-08-05T09:48:03","slug":"belin-ceai-portocale-si-ghimbir-20-pliculete","status":"publish","type":"product","link":"https:\/\/totalblue.ro\/de\/produs\/belin-ceai-portocale-si-ghimbir-20-pliculete\/","title":{"rendered":"BELiN - Orangen-Ingwer-Tee, 20 Portionsbeutel"},"content":{"rendered":"<p>BELiN - Orangen-Ingwer-Tee, 20 Portionsbeutel<br \/>\nMischung aus Fr\u00fcchten und Kr\u00e4utern zum Aufgie\u00dfen.<br \/>\nDas Produkt enth\u00e4lt keine synthetischen Farbstoffe.<br \/>\nDie Farbe des Tees ist die nat\u00fcrliche Farbe der Zutaten.<br \/>\n<strong>Inhaltsstoff:<\/strong><span lang=\"PL\">aronia ( scoruse negre ) mere, radacina de lemn dulce, corector de aciditate &#8211; acid citric, arome, coji de portocale 3%, radacina de ghimbir 2%, macese.<br \/>\n<\/span>Gewicht: 40 g<\/p>","protected":false},"excerpt":{"rendered":"<p>BELiN - Orangen-Ingwer-Tee, 20 Portionsbeutel<\/p>","protected":false},"featured_media":25702,"comment_status":"open","ping_status":"closed","template":"","meta":{"_acf_changed":false,"_seopress_robots_primary_cat":"none","_seopress_titles_title":"","_seopress_titles_desc":"BELiN - Ceai portocale si ghimbir, 20 pliculete .Amestec de fructe si plante pentru infuzie.Produsul nu contine coloranti sintetici.","_seopress_robots_index":""},"product_brand":[1801],"product_cat":[1555,1506],"giftcard-category":[],"class_list":{"0":"post-25701","1":"product","2":"type-product","3":"status-publish","4":"has-post-thumbnail","6":"product_brand-belin","7":"product_cat-bacanie","8":"product_cat-cafea-ceai-mic-dejun","10":"first","11":"outofstock","12":"taxable","13":"shipping-taxable","14":"purchasable","15":"product-type-simple"},"acf":[],"_links":{"self":[{"href":"https:\/\/totalblue.ro\/de\/wp-json\/wp\/v2\/product\/25701","targetHints":{"allow":["GET"]}}],"collection":[{"href":"https:\/\/totalblue.ro\/de\/wp-json\/wp\/v2\/product"}],"about":[{"href":"https:\/\/totalblue.ro\/de\/wp-json\/wp\/v2\/types\/product"}],"replies":[{"embeddable":true,"href":"https:\/\/totalblue.ro\/de\/wp-json\/wp\/v2\/comments?post=25701"}],"wp:featuredmedia":[{"embeddable":true,"href":"https:\/\/totalblue.ro\/de\/wp-json\/wp\/v2\/media\/25702"}],"wp:attachment":[{"href":"https:\/\/totalblue.ro\/de\/wp-json\/wp\/v2\/media?parent=25701"}],"wp:term":[{"taxonomy":"product_brand","embeddable":true,"href":"https:\/\/totalblue.ro\/de\/wp-json\/wp\/v2\/product_brand?post=25701"},{"taxonomy":"product_cat","embeddable":true,"href":"https:\/\/totalblue.ro\/de\/wp-json\/wp\/v2\/product_cat?post=25701"},{"taxonomy":"giftcard-category","embeddable":true,"href":"https:\/\/totalblue.ro\/de\/wp-json\/wp\/v2\/giftcard-category?post=25701"}],"curies":[{"name":"wp","href":"https:\/\/api.w.org\/{rel}","templated":true}]}}