{"id":25722,"date":"2020-10-15T09:48:04","date_gmt":"2020-10-15T06:48:04","guid":{"rendered":"https:\/\/totalblue.ro\/?post_type=product&#038;p=25722"},"modified":"2025-08-05T12:47:59","modified_gmt":"2025-08-05T09:47:59","slug":"belin-tee-zitrone-und-viele-andere-fruchte-20-portionsbeutel","status":"publish","type":"product","link":"https:\/\/totalblue.ro\/de\/produs\/belin-ceai-lamaie-si-multe-alte-fructe-20-pliculete\/","title":{"rendered":"BELiN - Zitronentee und viele andere Fr\u00fcchte, 20 Portionsbeutel"},"content":{"rendered":"<p>BELiN - Zitronentee und viele andere Fr\u00fcchte, 20 Portionsbeutel<br \/>\nMischung aus Fr\u00fcchten und Kr\u00e4utern zum Aufgie\u00dfen.<br \/>\nDas Produkt enth\u00e4lt keine synthetischen Farbstoffe.<br \/>\nDie Farbe des Tees ist die nat\u00fcrliche Farbe der Zutaten.<br \/>\n<strong>Inhaltsstoff: <\/strong>Schwarze Johannisbeeren, \u00c4pfel, Aroniabeeren, Himbeeren, Hibiskusbl\u00fcten, Zichorienwurzel, S\u00e4ureregulator - Zitronens\u00e4ure, Aromen, Zitronenschalen 2%.<br \/>\nGewicht: 40 g<\/p>","protected":false},"excerpt":{"rendered":"<p>BELiN - Zitronentee und viele andere Fr\u00fcchte, 20 Portionsbeutel<\/p>","protected":false},"featured_media":25723,"comment_status":"open","ping_status":"closed","template":"","meta":{"_acf_changed":false,"_seopress_robots_primary_cat":"none","_seopress_titles_title":"","_seopress_titles_desc":"BELiN - Ceai de capsuni, 20 pliculete .Amestec de fructe si plante pentru infuzie.Produsul nu contine coloranti sintetici.","_seopress_robots_index":""},"product_brand":[1801],"product_cat":[1555,1506],"giftcard-category":[],"class_list":{"0":"post-25722","1":"product","2":"type-product","3":"status-publish","4":"has-post-thumbnail","6":"product_brand-belin","7":"product_cat-bacanie","8":"product_cat-cafea-ceai-mic-dejun","10":"first","11":"outofstock","12":"taxable","13":"shipping-taxable","14":"purchasable","15":"product-type-simple"},"acf":[],"_links":{"self":[{"href":"https:\/\/totalblue.ro\/de\/wp-json\/wp\/v2\/product\/25722","targetHints":{"allow":["GET"]}}],"collection":[{"href":"https:\/\/totalblue.ro\/de\/wp-json\/wp\/v2\/product"}],"about":[{"href":"https:\/\/totalblue.ro\/de\/wp-json\/wp\/v2\/types\/product"}],"replies":[{"embeddable":true,"href":"https:\/\/totalblue.ro\/de\/wp-json\/wp\/v2\/comments?post=25722"}],"wp:featuredmedia":[{"embeddable":true,"href":"https:\/\/totalblue.ro\/de\/wp-json\/wp\/v2\/media\/25723"}],"wp:attachment":[{"href":"https:\/\/totalblue.ro\/de\/wp-json\/wp\/v2\/media?parent=25722"}],"wp:term":[{"taxonomy":"product_brand","embeddable":true,"href":"https:\/\/totalblue.ro\/de\/wp-json\/wp\/v2\/product_brand?post=25722"},{"taxonomy":"product_cat","embeddable":true,"href":"https:\/\/totalblue.ro\/de\/wp-json\/wp\/v2\/product_cat?post=25722"},{"taxonomy":"giftcard-category","embeddable":true,"href":"https:\/\/totalblue.ro\/de\/wp-json\/wp\/v2\/giftcard-category?post=25722"}],"curies":[{"name":"wp","href":"https:\/\/api.w.org\/{rel}","templated":true}]}}