{"id":25850,"date":"2020-10-23T10:20:19","date_gmt":"2020-10-23T07:20:19","guid":{"rendered":"https:\/\/totalblue.ro\/?post_type=product&#038;p=25850"},"modified":"2025-08-05T15:49:46","modified_gmt":"2025-08-05T12:49:46","slug":"fares-ceai-de-tei-20-pliculete","status":"publish","type":"product","link":"https:\/\/totalblue.ro\/de\/produs\/fares-ceai-de-tei-20-pliculete\/","title":{"rendered":"Fares &#8211; Ceai de tei, 20 pliculete"},"content":{"rendered":"<p>Fares &#8211; Ceai de tei, 20 pliculete<\/p>\n<div id=\"container_tab1\" class=\"ctn\">\n<p>Efect relaxant, contribuie la ob\u0163inerea unui somn mai bun;<br \/>\nU\u0219ureaz\u0103 expectora\u021bia.<\/p>\n<p><em>Teiul are o istorie legendar\u0103 bogat\u0103, autori vechi ca Teophrast, Pliniu sau Galeniu remarc\u00e2nd propriet\u0103\u0163ile sale medicinale, mai ales \u00een ce prive\u015fte coaja sa \u015fi frunzele; florile au \u00eenceput s\u0103 fie \u00eentrebuin\u0163ate abia din Evul Mediu, iar ast\u0103zi infuzia de tei este una dintre cele mai populare b\u0103uturi de la noi.<br \/>\n<\/em><em>\u201eFrunzele, florile \u015fi mugurii sunt utili, iar propriet\u0103\u0163ile lor pot fi considerate ca stimulente, emoliente, tonice \u015fi calmante. \u00cen general este preferat\u0103 infuzia, care poate fi dat\u0103 pentru a \u00eenl\u0103tura irita\u0163iile \u015fi oboseala, pentru a aduce tihna \u015fi somnul. Infuzia cald\u0103 este folosit\u0103 [\u2026] \u00een variate forme de r\u0103celi.\u201d <\/em><em>King\u2019s American Dispensatory, 1905.<\/em><\/p>\n<p><strong>Ingrediente:<\/strong> flori de tei<\/p>\n<div id=\"container_tab4\" class=\"ctn\">\n<p><strong>Mod de administrare:<\/strong> &#8211; Uz intern: se beau 2-3 c\u0103ni cu ceai pe zi, timp de 2-4 s\u0103pt\u0103m\u00e2ni sau la nevoie.<br \/>\n-Uz extern: b\u0103i calmante la copii. Infuzia se adaug\u0103 \u00een apa de baie.<\/p>\n<p><strong>Preparare:\u00a0<\/strong>Uz intern: 1-2 plicuri se adaug\u0103 \u00een 200 ml ap\u0103 clocotit\u0103, se fierb 2-3 minute \u015fi se las\u0103 10-15 minute acoperit.<\/p>\n<p>Uz extern: 6 plicuri se adaug\u0103 \u00eentr-un litru ap\u0103 clocotit\u0103, se fierb 2-3 minute \u015fi se las\u0103 10-15 minute acoperit.<\/p>\n<p><strong>Aten\u0163ion\u0103ri:\u00a0<\/strong>Nu se recomand\u0103 \u00een caz de hipersensibilitate la aceast\u0103 plant\u0103.<\/p>\n<p>La dozele recomandate nu se cunosc contraindica\u0163ii.<\/p>\n<\/div>\n<\/div>\n","protected":false},"excerpt":{"rendered":"<p>Fares &#8211; Ceai de tei, 20 pliculete<\/p>","protected":false},"featured_media":25851,"comment_status":"open","ping_status":"closed","template":"","meta":{"_acf_changed":false,"_seopress_robots_primary_cat":"none","_seopress_titles_title":"","_seopress_titles_desc":"Fares - Ceai de tei, 20 pliculete .Amestec de fructe si plante pentru infuzie.Produsul nu contine coloranti sintetici.","_seopress_robots_index":""},"product_brand":[1841],"product_cat":[1555,1506],"giftcard-category":[],"class_list":{"0":"post-25850","1":"product","2":"type-product","3":"status-publish","4":"has-post-thumbnail","6":"product_brand-fares","7":"product_cat-bacanie","8":"product_cat-cafea-ceai-mic-dejun","10":"first","11":"outofstock","12":"taxable","13":"shipping-taxable","14":"purchasable","15":"product-type-simple"},"acf":[],"_links":{"self":[{"href":"https:\/\/totalblue.ro\/de\/wp-json\/wp\/v2\/product\/25850","targetHints":{"allow":["GET"]}}],"collection":[{"href":"https:\/\/totalblue.ro\/de\/wp-json\/wp\/v2\/product"}],"about":[{"href":"https:\/\/totalblue.ro\/de\/wp-json\/wp\/v2\/types\/product"}],"replies":[{"embeddable":true,"href":"https:\/\/totalblue.ro\/de\/wp-json\/wp\/v2\/comments?post=25850"}],"wp:featuredmedia":[{"embeddable":true,"href":"https:\/\/totalblue.ro\/de\/wp-json\/wp\/v2\/media\/25851"}],"wp:attachment":[{"href":"https:\/\/totalblue.ro\/de\/wp-json\/wp\/v2\/media?parent=25850"}],"wp:term":[{"taxonomy":"product_brand","embeddable":true,"href":"https:\/\/totalblue.ro\/de\/wp-json\/wp\/v2\/product_brand?post=25850"},{"taxonomy":"product_cat","embeddable":true,"href":"https:\/\/totalblue.ro\/de\/wp-json\/wp\/v2\/product_cat?post=25850"},{"taxonomy":"giftcard-category","embeddable":true,"href":"https:\/\/totalblue.ro\/de\/wp-json\/wp\/v2\/giftcard-category?post=25850"}],"curies":[{"name":"wp","href":"https:\/\/api.w.org\/{rel}","templated":true}]}}