{"id":25900,"date":"2020-10-23T15:19:34","date_gmt":"2020-10-23T12:19:34","guid":{"rendered":"https:\/\/totalblue.ro\/?post_type=product&#038;p=25900"},"modified":"2024-10-09T13:10:13","modified_gmt":"2024-10-09T10:10:13","slug":"libresse-absorbante-ultra-normal-duo-20-bucati","status":"publish","type":"product","link":"https:\/\/totalblue.ro\/de\/produs\/libresse-absorbante-ultra-normal-duo-20-bucati\/","title":{"rendered":"Libresse - Saugf\u00e4higes Ultra Normal Duo, 20 St\u00fcck"},"content":{"rendered":"<p>Libresse - Saugf\u00e4higes Ultra Normal Duo, 20 St\u00fcck<br \/>\nBucura-te de prospetime si protectie cu absorbantele Libresse!<br \/>\nAbsorbantele Libresse Fresh Protect au un nou strat superior ce lasa pielea sa respire oferind confort incredibil si protectie maxima.<br \/>\nCaracteristici: tehnologie SecureFit pentru a se potrivi perfect formelor tale, nucleu cu absorbtie rapida, ,argini ce retin lichidul in interior, bariere de jur imprejur. Roll.Press.Go &#8211; nu stii ce sa faci cu absorbantul folosit? Simplu. Sigileaza-l in mod discret si igienic in ambalajul sau, oricannd si oriunde.<\/p>\n<p>&nbsp;<\/p>\n<p>&nbsp;<\/p>","protected":false},"excerpt":{"rendered":"<p>Libresse - Saugf\u00e4higes Ultra Normal Duo, 20 St\u00fcck<\/p>","protected":false},"featured_media":25901,"comment_status":"open","ping_status":"closed","template":"","meta":{"_acf_changed":false,"_seopress_robots_primary_cat":"1706","_seopress_titles_title":"","_seopress_titles_desc":"Libresse - Absorbante Ultra Normal Duo, 20 bucati.Bucura-te de prospetime si protectie cu absorbantele Libresse!","_seopress_robots_index":""},"product_brand":[1865],"product_cat":[1706,1558],"giftcard-category":[],"class_list":{"0":"post-25900","1":"product","2":"type-product","3":"status-publish","4":"has-post-thumbnail","6":"product_brand-libresse","7":"product_cat-absorbante","8":"product_cat-cosmetice-sanatate","10":"first","11":"outofstock","12":"taxable","13":"shipping-taxable","14":"purchasable","15":"product-type-simple"},"acf":[],"_links":{"self":[{"href":"https:\/\/totalblue.ro\/de\/wp-json\/wp\/v2\/product\/25900","targetHints":{"allow":["GET"]}}],"collection":[{"href":"https:\/\/totalblue.ro\/de\/wp-json\/wp\/v2\/product"}],"about":[{"href":"https:\/\/totalblue.ro\/de\/wp-json\/wp\/v2\/types\/product"}],"replies":[{"embeddable":true,"href":"https:\/\/totalblue.ro\/de\/wp-json\/wp\/v2\/comments?post=25900"}],"wp:featuredmedia":[{"embeddable":true,"href":"https:\/\/totalblue.ro\/de\/wp-json\/wp\/v2\/media\/25901"}],"wp:attachment":[{"href":"https:\/\/totalblue.ro\/de\/wp-json\/wp\/v2\/media?parent=25900"}],"wp:term":[{"taxonomy":"product_brand","embeddable":true,"href":"https:\/\/totalblue.ro\/de\/wp-json\/wp\/v2\/product_brand?post=25900"},{"taxonomy":"product_cat","embeddable":true,"href":"https:\/\/totalblue.ro\/de\/wp-json\/wp\/v2\/product_cat?post=25900"},{"taxonomy":"giftcard-category","embeddable":true,"href":"https:\/\/totalblue.ro\/de\/wp-json\/wp\/v2\/giftcard-category?post=25900"}],"curies":[{"name":"wp","href":"https:\/\/api.w.org\/{rel}","templated":true}]}}