{"id":25909,"date":"2020-10-23T16:12:05","date_gmt":"2020-10-23T13:12:05","guid":{"rendered":"https:\/\/totalblue.ro\/?post_type=product&#038;p=25909"},"modified":"2025-12-04T15:18:40","modified_gmt":"2025-12-04T13:18:40","slug":"roshen-korivka-bomboane-fondante-cu-lapte-si-caramel-200g","status":"publish","type":"product","link":"https:\/\/totalblue.ro\/de\/produs\/roshen-korivka-bomboane-fondante-cu-lapte-si-caramel-200g\/","title":{"rendered":"Roshen Korivka Milch- und Karamellbonbons 200g"},"content":{"rendered":"<p>Roshen Korivka Milch- und Karamellbonbons 200g<br \/>\nBomboane neglazurate fondante cu lapte, produse dup\u0103 re\u021bet\u0103 clasic\u0103 proprie.<br \/>\nDatorit\u0103 ingredientelor de calitate \u0219i tehnologiei de produc\u021bie de ultim\u0103 genera\u021bie, umplutura bomboanelor Korivka ROSHEN \u00ee\u0219i p\u0103streaz\u0103 propriet\u0103\u021bile \u0219i r\u0103m\u00e2ne lichid\u0103.<br \/>\nFiecare bomboana este ambalata individual si se vand la punga 200g<br \/>\nA se pastra la temperatura 18+\/-3 C si umiditate relativa a aerului de maxim 75%<br \/>\n<strong>N\u00e4hrwertangaben\/100g:<br \/>\n<\/strong>Energie 1587 kJ \/ 375 kcal<br \/>\nCarbohidrati 81.5 grame<br \/>\nDin care zaharuri 67.8 grame<br \/>\nGrasimi 4.1 grame<br \/>\nDin care acizi grasi saturati 2.1 grame<br \/>\nSare 0.12 grame<\/p>\n<p>Importator in Romania : Roshen One SRL, Blv. Tudor Vladimirescu nr. 22, Green Gate , Bucuresti, Romania<\/p>","protected":false},"excerpt":{"rendered":"<p>Roshen Korivka Milch- und Karamellbonbons 200g<\/p>","protected":false},"featured_media":25910,"comment_status":"open","ping_status":"closed","template":"","meta":{"_acf_changed":false,"_seopress_robots_primary_cat":"none","_seopress_titles_title":"Roshen Korivka bomboane fondante cu lapte si caramel 200g","_seopress_titles_desc":"Cauti Roshen Korivka bomboane fondante cu lapte ? Cumpara online bomboane Roshen cu livrare rapida. Magazin online cu produse Roshen.","_seopress_robots_index":""},"product_brand":[1907],"product_cat":[1555,7021],"giftcard-category":[],"class_list":{"0":"post-25909","1":"product","2":"type-product","3":"status-publish","4":"has-post-thumbnail","6":"product_brand-roshen","7":"product_cat-bacanie","8":"product_cat-dulciuri-snacks","10":"first","11":"outofstock","12":"taxable","13":"shipping-taxable","14":"purchasable","15":"product-type-simple"},"acf":[],"_links":{"self":[{"href":"https:\/\/totalblue.ro\/de\/wp-json\/wp\/v2\/product\/25909","targetHints":{"allow":["GET"]}}],"collection":[{"href":"https:\/\/totalblue.ro\/de\/wp-json\/wp\/v2\/product"}],"about":[{"href":"https:\/\/totalblue.ro\/de\/wp-json\/wp\/v2\/types\/product"}],"replies":[{"embeddable":true,"href":"https:\/\/totalblue.ro\/de\/wp-json\/wp\/v2\/comments?post=25909"}],"wp:featuredmedia":[{"embeddable":true,"href":"https:\/\/totalblue.ro\/de\/wp-json\/wp\/v2\/media\/25910"}],"wp:attachment":[{"href":"https:\/\/totalblue.ro\/de\/wp-json\/wp\/v2\/media?parent=25909"}],"wp:term":[{"taxonomy":"product_brand","embeddable":true,"href":"https:\/\/totalblue.ro\/de\/wp-json\/wp\/v2\/product_brand?post=25909"},{"taxonomy":"product_cat","embeddable":true,"href":"https:\/\/totalblue.ro\/de\/wp-json\/wp\/v2\/product_cat?post=25909"},{"taxonomy":"giftcard-category","embeddable":true,"href":"https:\/\/totalblue.ro\/de\/wp-json\/wp\/v2\/giftcard-category?post=25909"}],"curies":[{"name":"wp","href":"https:\/\/api.w.org\/{rel}","templated":true}]}}